{"id":872,"date":"2016-02-22T09:55:39","date_gmt":"2016-02-22T09:55:39","guid":{"rendered":"http:\/\/dynasys.pt\/?page_id=872"},"modified":"2026-02-20T17:28:58","modified_gmt":"2026-02-20T17:28:58","slug":"a-nossa-empresa","status":"publish","type":"page","link":"https:\/\/www.dynasys.pt\/pt\/a-nossa-empresa\/","title":{"rendered":"A Nossa Empresa"},"content":{"rendered":"<div class=\"wpb-content-wrapper\">[mk_page_section bg_image=&#8221;http:\/\/dynasys.pt\/wp-content\/uploads\/2015\/07\/SOS.jpg&#8221; attachment=&#8221;fixed&#8221; bg_position=&#8221;right center&#8221; bg_stretch=&#8221;true&#8221; enable_3d=&#8221;true&#8221; speed_factor=&#8221;0&#8243; video_color_mask=&#8221;#ffffff&#8221; video_opacity=&#8221;0.9&#8243; top_shadow=&#8221;true&#8221; full_height=&#8221;true&#8221; section_id=&#8221;QuemSomos&#8221; animation=&#8221;fade-in&#8221; sidebar=&#8221;sidebar-1&#8243;][vc_column][vc_row_inner][vc_column_inner width=&#8221;5\/6&#8243;][mk_fancy_title color=&#8221;#de5b1e&#8221; size=&#8221;22&#8243; font_weight=&#8221;900&#8243; txt_transform=&#8221;uppercase&#8221; letter_spacing=&#8221;6&#8243; font_family=&#8221;none&#8221;]Quem somos[\/mk_fancy_title][mk_dropcaps style=&#8221;fancy-style&#8221; size=&#8221;40&#8243; padding=&#8221;15&#8243;]A[\/mk_dropcaps][mk_fancy_title size=&#8221;16&#8243; line_height=&#8221;160&#8243; font_weight=&#8221;400&#8243; letter_spacing=&#8221;1&#8243; font_family=&#8221;none&#8221; el_class=&#8221;quemsomos&#8221;]\n<p style=\"text-align: justify;\">Dynasys \u00e9 uma empresa portuguesa que projeta, desenvolve e fabrica equipamentos de base eletr\u00f3nica, e faz integra\u00e7\u00e3o de sistemas, n\u00e3o s\u00f3 para o mercado profissional, mas tamb\u00e9m no \u00e2mbito de algumas aplica\u00e7\u00f5es telem\u00e1ticas e de automa\u00e7\u00e3o para o mercado dom\u00e9stico.<\/p>\n<p style=\"text-align: justify;\">O Mercado, a cada dia mais exigente, lan\u00e7a constantemente novos desafios \u00e0 criatividade e inventiva dos especialistas, obrigando a uma capacidade de resposta constantemente renovada. Em resposta a essa exig\u00eancia, a Dynasys possui uma equipa s\u00f3lida, que desde 1986 responde com solu\u00e7\u00f5es inovadoras, vantajosas e tecnol\u00f3gicamente atualizadas aos desafios lan\u00e7ados pelos seus Clientes.<\/p>\n<p style=\"text-align: justify;\">As valias da Dynasys garantem a capacidade para o desenvolvimento de projetos numa perspetiva \u201cend-to-end\u201d \u2013 conce\u00e7\u00e3o, desenvolvimento, fabrico, assemblagem, expedi\u00e7\u00e3o, instala\u00e7\u00e3o, coloca\u00e7\u00e3o em servi\u00e7o, apoio p\u00f3s venda \u2013 quer com base num dossier t\u00e9cnico trazido pelo\u00a0Cliente, quer a partir apenas da descri\u00e7\u00e3o funcional do produto ou sistema que o Cliente pretende obter.<\/p>\n[\/mk_fancy_title][\/vc_column_inner][vc_column_inner width=&#8221;1\/6&#8243;][\/vc_column_inner][\/vc_row_inner][\/vc_column][\/mk_page_section][mk_page_section bg_image=&#8221;http:\/\/dynasys.pt\/wp-content\/uploads\/2016\/02\/perspectiva.jpg&#8221; attachment=&#8221;fixed&#8221; bg_position=&#8221;center center&#8221; bg_stretch=&#8221;true&#8221; video_color_mask=&#8221;#ffffff&#8221; video_opacity=&#8221;0.1&#8243; top_shadow=&#8221;true&#8221; full_height=&#8221;true&#8221; section_id=&#8221;Vis\u00e3oValores&#8221; sidebar=&#8221;sidebar-1&#8243;][vc_column][mk_custom_box padding_vertical=&#8221;15&#8243; padding_horizental=&#8221;30&#8243; min_height=&#8221;0&#8243; bg_color=&#8221;rgba(255,255,255,0.94)&#8221;][mk_fancy_title color=&#8221;#de5b1e&#8221; size=&#8221;22&#8243; font_weight=&#8221;900&#8243; txt_transform=&#8221;uppercase&#8221; letter_spacing=&#8221;6&#8243; margin_top=&#8221;20&#8243; margin_bottom=&#8221;0&#8243; font_family=&#8221;none&#8221; align=&#8221;center&#8221;]Vis\u00e3o[\/mk_fancy_title][mk_fancy_title tag_name=&#8221;h5&#8243; color=&#8221;#3d3d3d&#8221; size=&#8221;26&#8243; font_weight=&#8221;100&#8243; txt_transform=&#8221;lowercase&#8221; letter_spacing=&#8221;6&#8243; margin_bottom=&#8221;0&#8243; font_family=&#8221;Roboto+Condensed&#8221; font_type=&#8221;google&#8221; align=&#8221;center&#8221; el_class=&#8221;visao&#8221;]<span style=\"color: #000000;\">Shaping the future with technology<\/span>[\/mk_fancy_title][\/mk_custom_box][mk_custom_box padding_horizental=&#8221;30&#8243; min_height=&#8221;0&#8243; bg_color=&#8221;rgba(255,255,255,0.94)&#8221;][vc_row_inner attached=&#8221;true&#8221; column_padding=&#8221;3&#8243;][vc_column_inner width=&#8221;1\/2&#8243;][mk_fancy_title color=&#8221;#de5b1e&#8221; size=&#8221;22&#8243; font_weight=&#8221;900&#8243; txt_transform=&#8221;uppercase&#8221; letter_spacing=&#8221;6&#8243; margin_top=&#8221;10&#8243; margin_bottom=&#8221;10&#8243; font_family=&#8221;none&#8221; align=&#8221;center&#8221;]Miss\u00e3o[\/mk_fancy_title][mk_fancy_title line_height=&#8221;160&#8243; font_weight=&#8221;400&#8243; margin_bottom=&#8221;0&#8243; font_family=&#8221;none&#8221; el_class=&#8221;quemsomos&#8221;]\n<p style=\"text-align: justify;\">Assegurar uma oferta coerente de equipamentos e de servi\u00e7os de integra\u00e7\u00e3o, no \u00e2mbito da Telem\u00e1tica Rodovi\u00e1ria e Urbana e em \u00e1reas espec\u00edficas da Seguran\u00e7a Eletr\u00f3nica, da Remotiza\u00e7\u00e3o de Processos e da Automa\u00e7\u00e3o, com solu\u00e7\u00f5es inovadoras, conjugando o capital de conhecimento interno em torno das Tecnologias de Informa\u00e7\u00e3o e Eletr\u00f3nica (TIE`s) com parcerias nacionais e internacionais, criando valor de forma sustentada para acionistas, colaboradores e clientes, atrav\u00e9s da presen\u00e7a eficaz e eficiente quer em Portugal quer no exterior, trabalhando para sermos reconhecidos pelo entusiasmo e empenho com que respondemos aos desafios colocados pelos clientes.<\/p>\n[\/mk_fancy_title][\/vc_column_inner][vc_column_inner width=&#8221;1\/2&#8243;][mk_fancy_title color=&#8221;#de5b1e&#8221; size=&#8221;22&#8243; font_weight=&#8221;900&#8243; txt_transform=&#8221;uppercase&#8221; letter_spacing=&#8221;6&#8243; margin_top=&#8221;10&#8243; margin_bottom=&#8221;10&#8243; font_family=&#8221;none&#8221; align=&#8221;center&#8221;]Valores[\/mk_fancy_title][mk_custom_list style=&#8221;mk-icon-angle-right&#8221; margin_bottom=&#8221;20&#8243;]\n<ul>\n<li>Primamos pela LEALDADE e TRANSPAR\u00caNCIA em todas as rela\u00e7\u00f5es.<\/li>\n<li>Orgulhamo-nos da nossa IDONEIDADE e CREDIBILIDADE.<\/li>\n<li>Assumindo o NOSSO PAPEL NA COMUNIDADE.<\/li>\n<li>Damos valor \u00e0s PESSOAS<\/li>\n<li>Somos DETERMINADOS perante as adversidades e RESPONS\u00c1VEIS face ao sucesso<\/li>\n<li>O NOSSO PRINCIPAL OBJECTIVO: VER OS CLIENTES TOTALMENTE SATISFEITOS COM A NOSSA RESPOSTA<\/li>\n<\/ul>\n[\/mk_custom_list][\/vc_column_inner][\/vc_row_inner][\/mk_custom_box][\/vc_column][\/mk_page_section][mk_page_section attachment=&#8221;fixed&#8221; bg_position=&#8221;right center&#8221; bg_stretch=&#8221;true&#8221; speed_factor=&#8221;0&#8243; video_color_mask=&#8221;#ffffff&#8221; video_opacity=&#8221;0.9&#8243; full_height=&#8221;true&#8221; section_id=&#8221;Politica&#8221; sidebar=&#8221;sidebar-1&#8243;][vc_column][vc_row_inner][vc_column_inner][mk_fancy_title color=&#8221;#de5b1e&#8221; size=&#8221;22&#8243; font_weight=&#8221;900&#8243; txt_transform=&#8221;uppercase&#8221; letter_spacing=&#8221;6&#8243; font_family=&#8221;none&#8221;]Pol\u00edtica[\/mk_fancy_title][mk_dropcaps style=&#8221;fancy-style&#8221; size=&#8221;40&#8243; padding=&#8221;15&#8243;]A[\/mk_dropcaps][mk_fancy_title size=&#8221;16&#8243; line_height=&#8221;160&#8243; font_weight=&#8221;400&#8243; letter_spacing=&#8221;1&#8243; font_family=&#8221;none&#8221; el_class=&#8221;quemsomos&#8221;]\n<p style=\"text-align: justify;\">pol\u00edtica de qualidade estabelece a inten\u00e7\u00e3o da Administra\u00e7\u00e3o face \u00e0 qualidade dos seus servi\u00e7os\/produtos, e resume-se a que todas as actividades a realizar, devem ser \u201cbem\u201d efectuadas e objecto de satisfa\u00e7\u00e3o do cliente. A pol\u00edtica da qualidade \u00e9 divulgada a toda a organiza\u00e7\u00e3o, atrav\u00e9s da sua afixa\u00e7\u00e3o em locais estrat\u00e9gicos.<\/p>\n[\/mk_fancy_title][\/vc_column_inner][\/vc_row_inner][vc_row_inner][vc_column_inner width=&#8221;2\/3&#8243;][mk_fancy_title size=&#8221;16&#8243; line_height=&#8221;160&#8243; font_weight=&#8221;400&#8243; letter_spacing=&#8221;1&#8243; margin_bottom=&#8221;0&#8243; font_family=&#8221;none&#8221; el_class=&#8221;quemsomos&#8221;]\n<p style=\"text-align: left;\">A Pol\u00edtica da Qualidade da Dynasys \u00e9 suportada pelos seguintes princ\u00edpios:<\/p>\n[\/mk_fancy_title][mk_custom_list style=&#8221;mk-icon-angle-right&#8221; margin_bottom=&#8221;20&#8243;]\n<ul>\n<li>\n<p style=\"text-align: left;\">Satisfa\u00e7\u00e3o das necessidades expl\u00edcitas e impl\u00edcitas dos clientes internos e externos da Dynasys, tendo em vista a sua fideliza\u00e7\u00e3o;<\/p>\n<\/li>\n<li>\n<p style=\"text-align: left;\">Envolvimento de todos os colaboradores da Dynasys, que s\u00e3o parte integrante e respons\u00e1veis pelo SGQADM;<\/p>\n<\/li>\n<li>\n<p style=\"text-align: left;\">Melhoria cont\u00ednua do desempenho da Dynasys, como resultado da melhoria cont\u00ednua dos processos, garantindo sempre o cumprimento dos requisitos legais, do cliente e do desempenho ambiental;<\/p>\n<\/li>\n<li>\n<p style=\"text-align: left;\">Proteger o ambiente, incluindo a preven\u00e7\u00e3o da polui\u00e7\u00e3o e dos compromissos assumidos pela Dynasys;<\/p>\n<\/li>\n<li>\n<p style=\"text-align: left;\">Cumprimento das obriga\u00e7\u00f5es de conformidade assumidas pela Dynasys.<\/p>\n<\/li>\n<\/ul>\n[\/mk_custom_list][\/vc_column_inner][vc_column_inner width=&#8221;1\/3&#8243;][mk_image src=&#8221;https:\/\/www.dynasys.pt\/wp-content\/uploads\/2025\/12\/sgqb.png&#8221; image_size=&#8221;full&#8221;][\/vc_column_inner][\/vc_row_inner][vc_row_inner][vc_column_inner][mk_fancy_title size=&#8221;16&#8243; line_height=&#8221;160&#8243; font_weight=&#8221;400&#8243; letter_spacing=&#8221;1&#8243; margin_bottom=&#8221;0&#8243; font_family=&#8221;none&#8221; el_class=&#8221;quemsomos&#8221;]\u00c2mbito da certifica\u00e7\u00e3o da qualidade e ambiente:[\/mk_fancy_title][mk_custom_list style=&#8221;mk-icon-angle-right&#8221; margin_bottom=&#8221;20&#8243;]\n<ul>\n<li>\n<p style=\"text-align: left;\">Conce\u00e7\u00e3o, desenvolvimento, produ\u00e7\u00e3o, comercializa\u00e7\u00e3o e assist\u00eancia t\u00e9cnica de produtos e sistemas eletr\u00f3nicos e de telecomunica\u00e7\u00f5es;<\/p>\n<\/li>\n<li>\n<p style=\"text-align: left;\">Conce\u00e7\u00e3o, desenvolvimento, produ\u00e7\u00e3o e assist\u00eancia t\u00e9cnica de dispositivos m\u00e9dicos de diagn\u00f3stico.<\/p>\n<\/li>\n<\/ul>\n[\/mk_custom_list][\/vc_column_inner][\/vc_row_inner][\/vc_column][\/mk_page_section][mk_page_section bg_image=&#8221;http:\/\/dynasys.pt\/wp-content\/uploads\/2019\/01\/dispensadoraVerde.jpg&#8221; bg_color=&#8221;#ffffff&#8221; attachment=&#8221;fixed&#8221; bg_stretch=&#8221;true&#8221; video_color_mask=&#8221;#ffffff&#8221; video_opacity=&#8221;0.9&#8243; top_shadow=&#8221;true&#8221; full_height=&#8221;true&#8221; section_id=&#8221;Indicadores&#8221; sidebar=&#8221;sidebar-1&#8243;][vc_column][mk_fancy_title color=&#8221;#de5b1e&#8221; size=&#8221;22&#8243; font_weight=&#8221;900&#8243; txt_transform=&#8221;uppercase&#8221; letter_spacing=&#8221;6&#8243; font_family=&#8221;none&#8221; align=&#8221;center&#8221;]Indicadores para as condi\u00e7\u00f5es de trabalho[\/mk_fancy_title][mk_padding_divider size=&#8221;20&#8243;][vc_row_inner][vc_column_inner width=&#8221;1\/6&#8243;][\/vc_column_inner][vc_column_inner width=&#8221;2\/3&#8243;][mk_table]\n<table width=\"100%\">\n<thead>\n<tr>\n<th>Ano<\/th>\n<th>2019<\/th>\n<th>2020<\/th>\n<th>2021<\/th>\n<th>2022<\/th>\n<th>2023<\/th>\n<th>2024<\/th>\n<\/tr>\n<\/thead>\n<tbody>\n<tr>\n<td><strong class=\"preto\">Sal\u00e1rio M\u00ednimo Empresa \/ SMN<\/strong><\/td>\n<td>1,00<\/td>\n<td>1,00<\/td>\n<td>1,00<\/td>\n<td>1,00<\/td>\n<td>1,00<\/td>\n<td>1,00<\/td>\n<\/tr>\n<tr>\n<td><strong class=\"preto\">N.\u00ba de Dirigentes \/ Total<\/strong><\/td>\n<td>13,5%<\/td>\n<td>13,0%<\/td>\n<td>14,8%<\/td>\n<td>13,3%<\/td>\n<td>10,7%<\/td>\n<td>12,0%<\/td>\n<\/tr>\n<tr>\n<td><strong class=\"preto\">N.\u00ba de Licenciados \/ Total<\/strong><\/td>\n<td>31,5%<\/td>\n<td>52,2%<\/td>\n<td>44,4%<\/td>\n<td>40,0%<\/td>\n<td>39,3%<\/td>\n<td>40,0%<\/td>\n<\/tr>\n<tr>\n<td><strong class=\"preto\">N.\u00ba de Mulheres \/ Total<\/strong><\/td>\n<td>40,5%<\/td>\n<td>30,4%<\/td>\n<td>25,9%<\/td>\n<td>26,7%<\/td>\n<td>25,0%<\/td>\n<td>16,0%<\/td>\n<\/tr>\n<\/tbody>\n<\/table>\n[\/mk_table][\/vc_column_inner][vc_column_inner width=&#8221;1\/6&#8243;][\/vc_column_inner][\/vc_row_inner][\/vc_column][\/mk_page_section]\n<\/div>","protected":false},"excerpt":{"rendered":"<p>[mk_page_section bg_image=&#8221;http:\/\/dynasys.pt\/wp-content\/uploads\/2015\/07\/SOS.jpg&#8221; attachment=&#8221;fixed&#8221; bg_position=&#8221;right center&#8221; bg_stretch=&#8221;true&#8221; enable_3d=&#8221;true&#8221; speed_factor=&#8221;0&#8243; video_color_mask=&#8221;#ffffff&#8221; video_opacity=&#8221;0.9&#8243; top_shadow=&#8221;true&#8221; full_height=&#8221;true&#8221; section_id=&#8221;QuemSomos&#8221; animation=&#8221;fade-in&#8221; sidebar=&#8221;sidebar-1&#8243;][vc_column][vc_row_inner][vc_column_inner width=&#8221;5\/6&#8243;][mk_fancy_title color=&#8221;#de5b1e&#8221; size=&#8221;22&#8243; font_weight=&#8221;900&#8243; txt_transform=&#8221;uppercase&#8221; letter_spacing=&#8221;6&#8243; font_family=&#8221;none&#8221;]Quem somos[\/mk_fancy_title][mk_dropcaps style=&#8221;fancy-style&#8221; size=&#8221;40&#8243; padding=&#8221;15&#8243;]A[\/mk_dropcaps][mk_fancy_title size=&#8221;16&#8243; line_height=&#8221;160&#8243; font_weight=&#8221;400&#8243; letter_spacing=&#8221;1&#8243; font_family=&#8221;none&#8221; el_class=&#8221;quemsomos&#8221;] Dynasys \u00e9 uma empresa portuguesa que projeta, desenvolve e fabrica equipamentos de base eletr\u00f3nica, e faz integra\u00e7\u00e3o de sistemas, n\u00e3o s\u00f3 para o [&hellip;]<\/p>\n","protected":false},"author":3,"featured_media":0,"parent":0,"menu_order":0,"comment_status":"closed","ping_status":"closed","template":"","meta":{"footnotes":""},"class_list":["post-872","page","type-page","status-publish","hentry"],"_links":{"self":[{"href":"https:\/\/www.dynasys.pt\/pt\/wp-json\/wp\/v2\/pages\/872","targetHints":{"allow":["GET"]}}],"collection":[{"href":"https:\/\/www.dynasys.pt\/pt\/wp-json\/wp\/v2\/pages"}],"about":[{"href":"https:\/\/www.dynasys.pt\/pt\/wp-json\/wp\/v2\/types\/page"}],"author":[{"embeddable":true,"href":"https:\/\/www.dynasys.pt\/pt\/wp-json\/wp\/v2\/users\/3"}],"replies":[{"embeddable":true,"href":"https:\/\/www.dynasys.pt\/pt\/wp-json\/wp\/v2\/comments?post=872"}],"version-history":[{"count":61,"href":"https:\/\/www.dynasys.pt\/pt\/wp-json\/wp\/v2\/pages\/872\/revisions"}],"predecessor-version":[{"id":3689,"href":"https:\/\/www.dynasys.pt\/pt\/wp-json\/wp\/v2\/pages\/872\/revisions\/3689"}],"wp:attachment":[{"href":"https:\/\/www.dynasys.pt\/pt\/wp-json\/wp\/v2\/media?parent=872"}],"curies":[{"name":"wp","href":"https:\/\/api.w.org\/{rel}","templated":true}]}}