{"id":832,"date":"2016-02-19T12:30:08","date_gmt":"2016-02-19T12:30:08","guid":{"rendered":"http:\/\/dynasys.pt\/?page_id=832"},"modified":"2023-05-26T09:21:01","modified_gmt":"2023-05-26T09:21:01","slug":"senior","status":"publish","type":"page","link":"https:\/\/www.dynasys.pt\/pt\/areas-de-negocio\/outras-areas-de-interesse\/senior\/","title":{"rendered":"Acompanhamento S\u00e9nior"},"content":{"rendered":"<div class=\"wpb-content-wrapper\">[mk_page_section bg_color=&#8221;#ffffff&#8221; attachment=&#8221;fixed&#8221; bg_position=&#8221;center center&#8221; bg_stretch=&#8221;true&#8221; bg_gradient=&#8221;radial&#8221; video_color_mask=&#8221;rgba(0,0,0,0)&#8221; gr_end=&#8221;rgba(0,0,0,0.4)&#8221; top_shadow=&#8221;true&#8221; min_height=&#8221;0&#8243; full_width=&#8221;true&#8221; padding_top=&#8221;30&#8243; padding_bottom=&#8221;30&#8243; sidebar=&#8221;sidebar-1&#8243;][vc_column][mk_image src=&#8221;http:\/\/dynasys.pt\/wp-content\/uploads\/2016\/02\/LTR-005_c.png&#8221; image_size=&#8221;Solo Product&#8221; align=&#8221;center&#8221; margin_bottom=&#8221;0&#8243;][\/vc_column][\/mk_page_section][mk_page_section border_color=&#8221;#cccccc&#8221; padding_top=&#8221;30&#8243; padding_bottom=&#8221;30&#8243; sidebar=&#8221;sidebar-1&#8243;][vc_column][mk_padding_divider][mk_dropcaps style=&#8221;fancy-style&#8221; size=&#8221;40&#8243; padding=&#8221;15&#8243;]C[\/mk_dropcaps][vc_column_text el_class=&#8221;descr&#8221; css=&#8221;.vc_custom_1685092781093{margin-bottom: 0px !important;}&#8221;]<span style=\"color: #000000;\">omo \u00e9 do conhecimento geral, a popula\u00e7\u00e3o mundial est\u00e1 a envelhecer.<\/span><\/p>\n<p><span style=\"color: #000000;\">Na maioria dos pa\u00edses, a percentagem de idosos\u00a0est\u00e1 a aumentar rapidamente em compara\u00e7\u00e3o ao n\u00famero de nascimentos. Segundo n\u00fameros da OMS, at\u00e9 2050, o n\u00famero de\u00a0pessoas com mais de 65 anos mais do que quintuplicar\u00e1 &#8211; de 400 milh\u00f5es para mais de 2000 milh\u00f5es.<\/span><\/p>\n<p><span style=\"color: #000000;\">Atualmente em Portugal, cerca de 20% da nossa popula\u00e7\u00e3o j\u00e1 tem mais de 65 anos, o que nos coloca no 4\u00ba lugar na lista dos pa\u00edses da UE com maior popula\u00e7\u00e3o idosa.<\/span><\/p>\n<p><span style=\"color: #000000;\">Apesar de ao longo dos \u00faltimos anos se verificar um maior cuidado no acompanhamento deste segmento da popula\u00e7\u00e3o, o seu crescimento representa um grande desafio para a sociedade, quer no aspecto do conforto, emocional e f\u00edsico, quer em termos de seguran\u00e7a, dado que em muitas circunst\u00e2ncias os idosos continuam a viver em suas casas, de forma independente, muitas vezes isolados dos aglomerados populacionais. Neste quadro, a seguran\u00e7a dos idosos, bem como a celeridade na assist\u00eancia em caso de incidentes, \u00e9 uma das quest\u00f5es fundamentais.<\/span><\/p>\n<p><span style=\"color: #000000;\">Este sistema \u00e9 a a primeira resposta da Dynasy no apoio ao acompanhamento de idosos que vivem sozinhos. Uma vez mais o conhecimento somado a uma cultura de servi\u00e7o levou a desenvolvimento de um instrumento que permite os idosos, os familiares e as institui\u00e7\u00f5es de apoio, cada um no seu quadro, sentirem-se mais seguros.<\/span>[\/vc_column_text][mk_padding_divider][vc_row_inner][vc_column_inner width=&#8221;1\/3&#8243;][mk_custom_box padding_vertical=&#8221;65&#8243; margin_bottom=&#8221;0&#8243; min_height=&#8221;300&#8243; el_class=&#8221;col-vertical&#8221; bg_image=&#8221;http:\/\/dynasys.pt\/wp-content\/uploads\/2016\/02\/LISA-02.jpg&#8221; background_hov_color_style=&#8221;image&#8221; border_color_style=&#8221;single_color&#8221; border_color=&#8221;#de5b1e&#8221; border_width=&#8221;4&#8243; overlay_color=&#8221;rgba(255,255,255,0.85)&#8221; bg_image_hov_effect=&#8221;blur&#8221; elevation_effect=&#8221;true&#8221; bg_stretch=&#8221;true&#8221;][mk_font_icons icon=&#8221;mk-icon-home&#8221; color=&#8221;#de5b1e&#8221; size=&#8221;x-large&#8221; align=&#8221;center&#8221;][mk_fancy_title strip_tags=&#8221;true&#8221; tag_name=&#8221;h6&#8243; color=&#8221;#404040&#8243; size=&#8221;20&#8243; font_weight=&#8221;bold&#8221; txt_transform=&#8221;uppercase&#8221; margin_bottom=&#8221;0&#8243; font_family=&#8221;none&#8221; align=&#8221;center&#8221;]Apoio Domicili\u00e1rio[\/mk_fancy_title][\/mk_custom_box][\/vc_column_inner][vc_column_inner width=&#8221;1\/3&#8243;][mk_custom_box padding_vertical=&#8221;65&#8243; margin_bottom=&#8221;0&#8243; min_height=&#8221;300&#8243; el_class=&#8221;col-vertical&#8221; bg_image=&#8221;http:\/\/dynasys.pt\/wp-content\/uploads\/2016\/02\/LISA-03.jpg&#8221; background_hov_color_style=&#8221;image&#8221; border_color_style=&#8221;single_color&#8221; border_color=&#8221;#de5b1e&#8221; border_width=&#8221;4&#8243; overlay_color=&#8221;rgba(255,255,255,0.85)&#8221; bg_image_hov_effect=&#8221;blur&#8221; elevation_effect=&#8221;true&#8221; bg_stretch=&#8221;true&#8221;][mk_font_icons icon=&#8221;mk-icon-male&#8221; color=&#8221;#de5b1e&#8221; size=&#8221;x-large&#8221; align=&#8221;center&#8221;][mk_fancy_title strip_tags=&#8221;true&#8221; tag_name=&#8221;h6&#8243; color=&#8221;#404040&#8243; size=&#8221;20&#8243; font_weight=&#8221;bold&#8221; txt_transform=&#8221;uppercase&#8221; margin_bottom=&#8221;0&#8243; font_family=&#8221;none&#8221; align=&#8221;center&#8221;]Idosos em Localidades Remotas[\/mk_fancy_title][\/mk_custom_box][\/vc_column_inner][vc_column_inner width=&#8221;1\/3&#8243;][mk_custom_box padding_vertical=&#8221;65&#8243; margin_bottom=&#8221;0&#8243; min_height=&#8221;300&#8243; el_class=&#8221;col-vertical&#8221; bg_image=&#8221;http:\/\/dynasys.pt\/wp-content\/uploads\/2016\/02\/LISA-04.jpg&#8221; background_hov_color_style=&#8221;image&#8221; border_color_style=&#8221;single_color&#8221; border_color=&#8221;#de5b1e&#8221; border_width=&#8221;4&#8243; overlay_color=&#8221;rgba(255,255,255,0.85)&#8221; bg_image_hov_effect=&#8221;blur&#8221; elevation_effect=&#8221;true&#8221; bg_stretch=&#8221;true&#8221;][mk_font_icons icon=&#8221;mk-icon-building&#8221; color=&#8221;#de5b1e&#8221; size=&#8221;x-large&#8221; align=&#8221;center&#8221;][mk_fancy_title strip_tags=&#8221;true&#8221; tag_name=&#8221;h6&#8243; color=&#8221;#404040&#8243; size=&#8221;20&#8243; font_weight=&#8221;bold&#8221; txt_transform=&#8221;uppercase&#8221; margin_bottom=&#8221;0&#8243; font_family=&#8221;none&#8221; align=&#8221;center&#8221;]Resid\u00eancias ou Condom\u00ednios S\u00e9nior[\/mk_fancy_title][\/mk_custom_box][\/vc_column_inner][\/vc_row_inner][mk_padding_divider][mk_padding_divider][mk_fancy_title color=&#8221;#de5b1e&#8221; size=&#8221;22&#8243; font_weight=&#8221;900&#8243; txt_transform=&#8221;uppercase&#8221; letter_spacing=&#8221;6&#8243; margin_top=&#8221;40&#8243; font_family=&#8221;none&#8221;]Funcionamento[\/mk_fancy_title][vc_column_text el_class=&#8221;descr&#8221; css=&#8221;.vc_custom_1685092794283{margin-bottom: 0px !important;}&#8221;]Este\u00a0 sistema de telealerta, tem como objectivo:[\/vc_column_text][mk_custom_list style=&#8221;mk-icon-angle-right&#8221;]\n<ul>\n<li>Alertar para a falta de movimento do idoso: envia um SMS para cada um dos n\u00fameros de telefone referenciados, se n\u00e3o \u00e9 detetado movimento dentro de um determinado per\u00edodo de tempo pr\u00e9-programado. Este tempo \u00e9 alter\u00e1vel, quer localmente quer a partir de interven\u00e7\u00e3o remota<\/li>\n<li>Alertar para as sa\u00eddas e entradas em casa: o sistema envia SMS a avisar da sa\u00edda e da entrada em casa<\/li>\n<li>Permitir o pedido de ajuda em casos de emerg\u00eancia ou p\u00e2nico. O sistema fornece um bot\u00e3o de p\u00e2nico, \u00e0 prova de \u00e1gua, que o idoso poder\u00e1 premir em qualquer situa\u00e7\u00e3o an\u00f3mala<\/li>\n<li>Alertar para fugas de g\u00e1s<\/li>\n<li>Poder ser programado para enviar SMS de alerta para at\u00e9 16 n\u00fameros<\/li>\n<li>Os SMS enviam a descri\u00e7\u00e3o da situa\u00e7\u00e3o e a hora a que se registou o alarme.<\/li>\n<li>Prever a elimina\u00e7\u00e3o de alerta durante o per\u00edodo de descanso noturno<\/li>\n<li>Poder tamb\u00e9m funcionar como alarme convencional<\/li>\n<\/ul>\n[\/mk_custom_list][mk_padding_divider][mk_fancy_title strip_tags=&#8221;true&#8221; color=&#8221;#de5b1e&#8221; size=&#8221;22&#8243; font_weight=&#8221;900&#8243; txt_transform=&#8221;uppercase&#8221; letter_spacing=&#8221;6&#8243; margin_top=&#8221;40&#8243; font_family=&#8221;none&#8221;]\n<p style=\"text-align: left;\">Constitui\u00e7\u00e3o do Sistema<\/p>\n[\/mk_fancy_title][vc_column_text el_class=&#8221;descr&#8221; css=&#8221;.vc_custom_1685092871860{margin-bottom: 0px !important;}&#8221;]O sistema fixo de telealerta \u00e9 constitu\u00eddo por:[\/vc_column_text][mk_custom_list style=&#8221;mk-icon-angle-right&#8221;]\n<ul>\n<li>Uma unidade concentradora de sensores<\/li>\n<li>5 sensores sem fios:\n<ul>\n<li>1 bot\u00e3o de p\u00e2nico &#8211; \u00e0 prova de \u00e1gua;<\/li>\n<li>2\u00a0sensores de movimento;<\/li>\n<li>1 sensor de porta;<\/li>\n<li>1 sensor de g\u00e1s.<\/li>\n<\/ul>\n<\/li>\n<\/ul>\n[\/mk_custom_list][mk_padding_divider][mk_padding_divider][mk_button dimension=&#8221;two&#8221; size=&#8221;x-large&#8221; letter_spacing=&#8221;1&#8243; icon=&#8221;mk-li-mail&#8221; url=&#8221;https:\/\/www.dynasys.pt\/pt\/contactos\/&#8221; fullwidth=&#8221;true&#8221;]TEMOS A SOLU\u00c7\u00c3O CERTA PARA SI, CONTACTE-NOS![\/mk_button][mk_padding_divider][\/vc_column][\/mk_page_section]\n<\/div>","protected":false},"excerpt":{"rendered":"<p>[mk_page_section bg_color=&#8221;#ffffff&#8221; attachment=&#8221;fixed&#8221; bg_position=&#8221;center center&#8221; bg_stretch=&#8221;true&#8221; bg_gradient=&#8221;radial&#8221; video_color_mask=&#8221;rgba(0,0,0,0)&#8221; gr_end=&#8221;rgba(0,0,0,0.4)&#8221; top_shadow=&#8221;true&#8221; min_height=&#8221;0&#8243; full_width=&#8221;true&#8221; padding_top=&#8221;30&#8243; padding_bottom=&#8221;30&#8243; sidebar=&#8221;sidebar-1&#8243;][vc_column][mk_image src=&#8221;http:\/\/dynasys.pt\/wp-content\/uploads\/2016\/02\/LTR-005_c.png&#8221; image_size=&#8221;Solo Product&#8221; align=&#8221;center&#8221; margin_bottom=&#8221;0&#8243;][\/vc_column][\/mk_page_section][mk_page_section border_color=&#8221;#cccccc&#8221; padding_top=&#8221;30&#8243; padding_bottom=&#8221;30&#8243; sidebar=&#8221;sidebar-1&#8243;][vc_column][mk_padding_divider][mk_dropcaps style=&#8221;fancy-style&#8221; size=&#8221;40&#8243; padding=&#8221;15&#8243;]C[\/mk_dropcaps][vc_column_text el_class=&#8221;descr&#8221; css=&#8221;.vc_custom_1685092781093{margin-bottom: 0px !important;}&#8221;]omo \u00e9 do conhecimento geral, a popula\u00e7\u00e3o mundial est\u00e1 a envelhecer. Na maioria dos pa\u00edses, a percentagem de idosos\u00a0est\u00e1 a aumentar rapidamente em compara\u00e7\u00e3o ao [&hellip;]<\/p>\n","protected":false},"author":3,"featured_media":0,"parent":561,"menu_order":0,"comment_status":"closed","ping_status":"closed","template":"","meta":{"footnotes":""},"class_list":["post-832","page","type-page","status-publish","hentry"],"_links":{"self":[{"href":"https:\/\/www.dynasys.pt\/pt\/wp-json\/wp\/v2\/pages\/832","targetHints":{"allow":["GET"]}}],"collection":[{"href":"https:\/\/www.dynasys.pt\/pt\/wp-json\/wp\/v2\/pages"}],"about":[{"href":"https:\/\/www.dynasys.pt\/pt\/wp-json\/wp\/v2\/types\/page"}],"author":[{"embeddable":true,"href":"https:\/\/www.dynasys.pt\/pt\/wp-json\/wp\/v2\/users\/3"}],"replies":[{"embeddable":true,"href":"https:\/\/www.dynasys.pt\/pt\/wp-json\/wp\/v2\/comments?post=832"}],"version-history":[{"count":24,"href":"https:\/\/www.dynasys.pt\/pt\/wp-json\/wp\/v2\/pages\/832\/revisions"}],"predecessor-version":[{"id":3549,"href":"https:\/\/www.dynasys.pt\/pt\/wp-json\/wp\/v2\/pages\/832\/revisions\/3549"}],"up":[{"embeddable":true,"href":"https:\/\/www.dynasys.pt\/pt\/wp-json\/wp\/v2\/pages\/561"}],"wp:attachment":[{"href":"https:\/\/www.dynasys.pt\/pt\/wp-json\/wp\/v2\/media?parent=832"}],"curies":[{"name":"wp","href":"https:\/\/api.w.org\/{rel}","templated":true}]}}