{"id":809,"date":"2016-02-19T10:28:51","date_gmt":"2016-02-19T10:28:51","guid":{"rendered":"http:\/\/dynasys.pt\/?page_id=809"},"modified":"2023-05-12T17:12:02","modified_gmt":"2023-05-12T17:12:02","slug":"telefones-de-emergencia-postos-sos","status":"publish","type":"page","link":"https:\/\/www.dynasys.pt\/pt\/areas-de-negocio\/inteligencia-para-rodovias\/telefones-de-emergencia-postos-sos\/","title":{"rendered":"Telis\u00ae &#8211; Sistema de SOS"},"content":{"rendered":"<div class=\"wpb-content-wrapper\">[mk_page_section vertical_align=&#8221;bottom&#8221; bg_image=&#8221;https:\/\/www.dynasys.pt\/wp-content\/uploads\/2023\/05\/1-scaled.jpg&#8221; bg_position=&#8221;right center&#8221; bg_repeat=&#8221;no-repeat&#8221; bg_stretch=&#8221;true&#8221; enable_3d=&#8221;true&#8221; video_opacity=&#8221;0.3&#8243; top_shadow=&#8221;true&#8221; min_height=&#8221;650&#8243; full_width=&#8221;true&#8221; padding_top=&#8221;0&#8243; padding_bottom=&#8221;0&#8243; sidebar=&#8221;sidebar-1&#8243;][vc_column offset=&#8221;vc_hidden-sm vc_hidden-xs&#8221;][\/vc_column][\/mk_page_section][mk_page_section border_color=&#8221;#cccccc&#8221; padding_top=&#8221;30&#8243; padding_bottom=&#8221;30&#8243; sidebar=&#8221;sidebar-1&#8243;][vc_column][mk_fancy_title color=&#8221;#de5b1e&#8221; size=&#8221;22&#8243; font_weight=&#8221;900&#8243; txt_transform=&#8221;uppercase&#8221; letter_spacing=&#8221;6&#8243; margin_top=&#8221;40&#8243; font_family=&#8221;none&#8221;]Comunica\u00e7\u00f5es de Emerg\u00eancia para Autoestradas[\/mk_fancy_title][mk_dropcaps style=&#8221;fancy-style&#8221; size=&#8221;40&#8243; padding=&#8221;15&#8243;]E[\/mk_dropcaps][vc_column_text css=&#8221;.vc_custom_1683274520675{margin-bottom: 0px !important;}&#8221;]\n<p style=\"text-align: justify;\">m 1986, a equipa de engenharia que integra a Dynasys desenvolveu a primeira gera\u00e7\u00e3o do seu Sistema de Comunica\u00e7\u00f5es de Emerg\u00eancia para autoestradas. A partir dos primeiros telefones, Postos SOS, em que as comunica\u00e7\u00f5es eram sobre cabo de cobre, ao longo dos anos a Dynasys tem vindo a adapta-lo \u00e0s sucessivas vagas de inova\u00e7\u00e3o tecnologica &#8211; \u00a0quer no \u00e2mbito dos standards de comunica\u00e7\u00e3o quer no \u00a0dos meios de transmiss\u00e3o \u2013 passando pela fibra \u00f3tica, ou pelas comunica\u00e7\u00f5es GSM. Assim, a partir das v\u00e1rias solu\u00e7\u00f5es de m\u00f3dulos eletr\u00f3nico para controlo dos Postos SOS e respetivos interfaces de comunica\u00e7\u00f5es, os equipamentos, de estrada ou t\u00fanel, podem ser instalados em qualquer latitude, \u00a0alimentados por linhas de energia de rede ou, mais vulgarmente na atualidade, por sistemas de alimenta\u00e7\u00e3o a partir de energia solar.<\/p>\n[\/vc_column_text][mk_padding_divider size=&#8221;15&#8243;][mk_gallery images=&#8221;299,296,301,302,304&#8243; style=&#8221;style3&#8243; hover_scenarios=&#8221;slow_zoom&#8221; margin_bottom=&#8221;0&#8243; orderby=&#8221;post__in&#8221; image_quality=&#8221;2&#8243; item_id=&#8221;1437477549-55ae2aad13f4a&#8221;][mk_gallery images=&#8221;303,300,298,297&#8243; column=&#8221;4&#8243; height=&#8221;250&#8243; hover_scenarios=&#8221;slow_zoom&#8221; margin_bottom=&#8221;0&#8243; orderby=&#8221;post__in&#8221; el_class=&#8221;galeria-baixa&#8221; image_quality=&#8221;2&#8243; item_id=&#8221;1447254553-56435a1903ec9&#8243;][mk_padding_divider size=&#8221;80&#8243;][mk_fancy_title color=&#8221;#de5b1e&#8221; size=&#8221;22&#8243; font_weight=&#8221;900&#8243; txt_transform=&#8221;uppercase&#8221; letter_spacing=&#8221;6&#8243; margin_top=&#8221;40&#8243; font_family=&#8221;none&#8221;]Sistema Central de Supervis\u00e3o e Atendimento[\/mk_fancy_title][mk_dropcaps style=&#8221;fancy-style&#8221; size=&#8221;40&#8243; padding=&#8221;15&#8243;]A[\/mk_dropcaps][vc_column_text css=&#8221;.vc_custom_1683279270739{margin-bottom: 0px !important;}&#8221;]aplica\u00e7\u00e3o de software TELIS\u00ae, tamb\u00e9m desenvolvida pela Dynasys, para al\u00e9m de permitir a gest\u00e3o remota das redes de Telefones SOS \u2013 supervis\u00e3o de status, armazenamento e gest\u00e3o das ocorr\u00eancias em bases de dados, comunica\u00e7\u00f5es ou alarmes, gera\u00e7\u00e3o de testes autom\u00e1ticos a partir da central, etc. \u2013 possui tamb\u00e9m um m\u00f3dulo de interface humano, a partir do qual os Operadores da Concession\u00e1ria podem efetuar um sem n\u00famero de opera\u00e7\u00f5es, desde o atendimento de chamadas e coloca\u00e7\u00e3o das mesmas em espera \u2013 quando ocorre mais do que uma em simult\u00e2neo \u2013 at\u00e9 \u00e0 escrita da ocorr\u00eancia em campo pr\u00f3prio, ou a informa\u00e7\u00e3o ao condutor de n\u00fameros de telefone \u00fateis, colocados ao alcance do Operador autom\u00e1ticamente, em fun\u00e7\u00e3o das coordenadas do ponto de chamada, etc..<\/p>\n<p>A partir de menus intuitivos os Operadores podem ainda pedir v\u00e1rios tipos de relat\u00f3rios, e os Supervisores estabelecer os v\u00e1rios n\u00edveis de acesso, nomes de utilizador e palavras passe, \u00a0inerentes \u00e0s necessidades de seguran\u00e7a no acesso \u00e0 opera\u00e7\u00e3o e \u00e0 informa\u00e7\u00e3o.[\/vc_column_text][mk_padding_divider size=&#8221;15&#8243;][mk_gallery images=&#8221;1491,1493,1492,1279,1278&#8243; style=&#8221;style1&#8243; hover_scenarios=&#8221;slow_zoom&#8221; orderby=&#8221;post__in&#8221; image_quality=&#8221;2&#8243; item_id=&#8221;1456921039-56d6d9cfc6fb2&#8243;][mk_padding_divider size=&#8221;80&#8243;][mk_custom_box padding_vertical=&#8221;20&#8243; margin_bottom=&#8221;0&#8243; min_height=&#8221;0&#8243; bg_image=&#8221;https:\/\/www.dynasys.pt\/wp-content\/uploads\/2023\/05\/highway-r.jpg&#8221; background_hov_color_style=&#8221;image&#8221; border_color_style=&#8221;single_color&#8221; border_color=&#8221;#de5b1e&#8221; border_width=&#8221;4&#8243; overlay_color=&#8221;rgba(255,255,255,0.85)&#8221; bg_image_hov_effect=&#8221;blur&#8221; elevation_effect=&#8221;true&#8221; bg_stretch=&#8221;true&#8221;][mk_font_icons icon=&#8221;mk-icon-globe&#8221; color=&#8221;#404040&#8243; size=&#8221;xx-large&#8221; margin_horizental=&#8221;0&#8243; margin_vertical=&#8221;0&#8243; align=&#8221;center&#8221;][mk_milestone align=&#8221;center&#8221; stop=&#8221;2000&#8243; speed=&#8221;3000&#8243; prefix=&#8221;Mais de&#8221; suffix=&#8221;unidades instaladas em todo o Mundo&#8221; text=&#8221;N\u00e3o s\u00f3 em Portugal, onde \u00e9 lider, como em pa\u00edses t\u00e3o distintos como Espanha, Tun\u00edsia, Gr\u00e9cia, Chile, &#8230;&#8221; text_size=&#8221;28&#8243; font_family=&#8221;none&#8221; font_weight=&#8221;900&#8243;][\/mk_custom_box][mk_padding_divider][\/vc_column][\/mk_page_section][mk_page_section bg_color=&#8221;#f7f7f7&#8243; top_shadow=&#8221;true&#8221; padding_top=&#8221;20&#8243; padding_bottom=&#8221;20&#8243; sidebar=&#8221;sidebar-1&#8243;][vc_column][vc_row_inner][vc_column_inner][mk_fancy_title size=&#8221;18&#8243; font_weight=&#8221;900&#8243; txt_transform=&#8221;uppercase&#8221; letter_spacing=&#8221;3&#8243; margin_top=&#8221;20&#8243; margin_bottom=&#8221;0&#8243; font_family=&#8221;none&#8221;]Folhetos Comerciais[\/mk_fancy_title][mk_custom_list style=&#8221;mk-icon-file-pdf-o&#8221; align=&#8221;left&#8221;]\n<ul>\n<li><a href=\"http:\/\/dynasys.pt\">Modelo 6101 [PT]<\/a><\/li>\n<\/ul>\n[\/mk_custom_list][\/vc_column_inner][\/vc_row_inner][\/vc_column][\/mk_page_section]\n<\/div>","protected":false},"excerpt":{"rendered":"<p>[mk_page_section vertical_align=&#8221;bottom&#8221; bg_image=&#8221;https:\/\/www.dynasys.pt\/wp-content\/uploads\/2023\/05\/1-scaled.jpg&#8221; bg_position=&#8221;right center&#8221; bg_repeat=&#8221;no-repeat&#8221; bg_stretch=&#8221;true&#8221; enable_3d=&#8221;true&#8221; video_opacity=&#8221;0.3&#8243; top_shadow=&#8221;true&#8221; min_height=&#8221;650&#8243; full_width=&#8221;true&#8221; padding_top=&#8221;0&#8243; padding_bottom=&#8221;0&#8243; sidebar=&#8221;sidebar-1&#8243;][vc_column offset=&#8221;vc_hidden-sm vc_hidden-xs&#8221;][\/vc_column][\/mk_page_section][mk_page_section border_color=&#8221;#cccccc&#8221; padding_top=&#8221;30&#8243; padding_bottom=&#8221;30&#8243; sidebar=&#8221;sidebar-1&#8243;][vc_column][mk_fancy_title color=&#8221;#de5b1e&#8221; size=&#8221;22&#8243; font_weight=&#8221;900&#8243; txt_transform=&#8221;uppercase&#8221; letter_spacing=&#8221;6&#8243; margin_top=&#8221;40&#8243; font_family=&#8221;none&#8221;]Comunica\u00e7\u00f5es de Emerg\u00eancia para Autoestradas[\/mk_fancy_title][mk_dropcaps style=&#8221;fancy-style&#8221; size=&#8221;40&#8243; padding=&#8221;15&#8243;]E[\/mk_dropcaps][vc_column_text css=&#8221;.vc_custom_1683274520675{margin-bottom: 0px !important;}&#8221;] m 1986, a equipa de engenharia que integra a Dynasys desenvolveu a primeira gera\u00e7\u00e3o do seu Sistema [&hellip;]<\/p>\n","protected":false},"author":3,"featured_media":0,"parent":503,"menu_order":0,"comment_status":"closed","ping_status":"closed","template":"","meta":{"footnotes":""},"class_list":["post-809","page","type-page","status-publish","hentry"],"_links":{"self":[{"href":"https:\/\/www.dynasys.pt\/pt\/wp-json\/wp\/v2\/pages\/809","targetHints":{"allow":["GET"]}}],"collection":[{"href":"https:\/\/www.dynasys.pt\/pt\/wp-json\/wp\/v2\/pages"}],"about":[{"href":"https:\/\/www.dynasys.pt\/pt\/wp-json\/wp\/v2\/types\/page"}],"author":[{"embeddable":true,"href":"https:\/\/www.dynasys.pt\/pt\/wp-json\/wp\/v2\/users\/3"}],"replies":[{"embeddable":true,"href":"https:\/\/www.dynasys.pt\/pt\/wp-json\/wp\/v2\/comments?post=809"}],"version-history":[{"count":20,"href":"https:\/\/www.dynasys.pt\/pt\/wp-json\/wp\/v2\/pages\/809\/revisions"}],"predecessor-version":[{"id":3393,"href":"https:\/\/www.dynasys.pt\/pt\/wp-json\/wp\/v2\/pages\/809\/revisions\/3393"}],"up":[{"embeddable":true,"href":"https:\/\/www.dynasys.pt\/pt\/wp-json\/wp\/v2\/pages\/503"}],"wp:attachment":[{"href":"https:\/\/www.dynasys.pt\/pt\/wp-json\/wp\/v2\/media?parent=809"}],"curies":[{"name":"wp","href":"https:\/\/api.w.org\/{rel}","templated":true}]}}