{"id":583,"date":"2016-02-04T11:46:24","date_gmt":"2016-02-04T11:46:24","guid":{"rendered":"http:\/\/dynasys.pt\/?page_id=583"},"modified":"2023-05-12T13:24:10","modified_gmt":"2023-05-12T13:24:10","slug":"conversor-inteligente","status":"publish","type":"page","link":"https:\/\/www.dynasys.pt\/pt\/areas-de-negocio\/outras-areas-de-interesse\/conversor-inteligente\/","title":{"rendered":"Conversor Inteligente"},"content":{"rendered":"<div class=\"wpb-content-wrapper\">[mk_page_section bg_color=&#8221;#ffffff&#8221; attachment=&#8221;fixed&#8221; bg_position=&#8221;center center&#8221; bg_stretch=&#8221;true&#8221; bg_gradient=&#8221;radial&#8221; video_color_mask=&#8221;rgba(0,0,0,0)&#8221; gr_end=&#8221;rgba(0,0,0,0.4)&#8221; top_shadow=&#8221;true&#8221; min_height=&#8221;0&#8243; full_width=&#8221;true&#8221; padding_top=&#8221;30&#8243; padding_bottom=&#8221;30&#8243; bottom_shape_size=&#8221;small&#8221; sidebar=&#8221;sidebar-1&#8243;][vc_column][mk_image src=&#8221;http:\/\/dynasys.pt\/wp-content\/uploads\/2016\/02\/smart_converter_transparente_1.png&#8221; image_size=&#8221;Solo Product&#8221; align=&#8221;center&#8221; margin_bottom=&#8221;0&#8243;][\/vc_column][\/mk_page_section][mk_page_section border_color=&#8221;#cccccc&#8221; padding_top=&#8221;30&#8243; padding_bottom=&#8221;30&#8243; sidebar=&#8221;sidebar-1&#8243;][vc_column][mk_padding_divider][mk_dropcaps style=&#8221;fancy-style&#8221; size=&#8221;40&#8243; padding=&#8221;15&#8243;]O[\/mk_dropcaps][vc_column_text el_class=&#8221;descr&#8221; css=&#8221;.vc_custom_1683306375426{margin-bottom: 0px !important;}&#8221;]s standard RS232 e RS485 s\u00e3o ainda utilizados em diversas aplica\u00e7\u00f5es, nomeadamente sempre que existe a necessidade de ligar um dispositivo central a uma quantidade de outros a funcionar em paralelo.<\/p>\n<p>Este equipamento numa vers\u00e3o \u201cplug and play\u201d integra a convers\u00e3o bidirecional RS232 para conversores RS422 e RS485. Os standard RS422 ou RS485 podem transmitir at\u00e9 uma dist\u00e2ncia de 1,2 km, superando superando as restri\u00e7\u00f5es do RS232, quer pela pouca dist\u00e2ncia que este permite \u2013 at\u00e9 um m\u00e1ximo de 15 m a 9600 bps\u2013 quer pelo facto de apenas permitir a liga\u00e7\u00e3o ponto-a-ponto.<\/p>\n<p>Este CONVERSOR permite ainda um modo de funcionamento INTELIGENTE, dado que possui tamb\u00e9m um \u00b5controlador que, em 4 configura\u00e7\u00f5es poss\u00edveis, pode controlar 2 sa\u00eddas digitais a partir do estado de uma ou 2 entradas digitais tamb\u00e9m dispon\u00edveis. Est\u00e3o assim criadas as condi\u00e7\u00f5es para aut\u00f3nomamente se controlarem processos b\u00e1sicos.[\/vc_column_text][mk_padding_divider][vc_row_inner][vc_column_inner width=&#8221;1\/3&#8243;][mk_custom_box padding_vertical=&#8221;80&#8243; margin_bottom=&#8221;0&#8243; min_height=&#8221;300&#8243; el_class=&#8221;col-vertical&#8221; bg_image=&#8221;http:\/\/dynasys.pt\/wp-content\/uploads\/2016\/02\/SmartConverter-02.jpg&#8221; background_hov_color_style=&#8221;image&#8221; border_color_style=&#8221;single_color&#8221; border_color=&#8221;#de5b1e&#8221; border_width=&#8221;4&#8243; overlay_color=&#8221;rgba(255,255,255,0.85)&#8221; bg_image_hov_effect=&#8221;blur&#8221; elevation_effect=&#8221;true&#8221; bg_stretch=&#8221;true&#8221;][mk_font_icons icon=&#8221;mk-moon-enter-3&#8243; color=&#8221;#de5b1e&#8221; size=&#8221;x-large&#8221; align=&#8221;center&#8221;][mk_fancy_title strip_tags=&#8221;true&#8221; tag_name=&#8221;h6&#8243; color=&#8221;#404040&#8243; size=&#8221;20&#8243; font_weight=&#8221;bold&#8221; txt_transform=&#8221;uppercase&#8221; margin_bottom=&#8221;0&#8243; font_family=&#8221;none&#8221; align=&#8221;center&#8221;]Controlo de Acessos[\/mk_fancy_title][\/mk_custom_box][\/vc_column_inner][vc_column_inner width=&#8221;1\/3&#8243;][mk_custom_box padding_vertical=&#8221;80&#8243; margin_bottom=&#8221;0&#8243; min_height=&#8221;300&#8243; el_class=&#8221;col-vertical&#8221; bg_image=&#8221;http:\/\/dynasys.pt\/wp-content\/uploads\/2016\/02\/PTZ-camera.jpg&#8221; background_hov_color_style=&#8221;image&#8221; border_color_style=&#8221;single_color&#8221; border_color=&#8221;#de5b1e&#8221; border_width=&#8221;4&#8243; overlay_color=&#8221;rgba(255,255,255,0.85)&#8221; bg_image_hov_effect=&#8221;blur&#8221; elevation_effect=&#8221;true&#8221; bg_stretch=&#8221;true&#8221;][mk_font_icons icon=&#8221;mk-icon-video-camera&#8221; color=&#8221;#de5b1e&#8221; size=&#8221;x-large&#8221; align=&#8221;center&#8221;][mk_fancy_title strip_tags=&#8221;true&#8221; tag_name=&#8221;h6&#8243; color=&#8221;#404040&#8243; size=&#8221;20&#8243; font_weight=&#8221;bold&#8221; txt_transform=&#8221;uppercase&#8221; margin_bottom=&#8221;0&#8243; font_family=&#8221;none&#8221; align=&#8221;center&#8221;]CCTV[\/mk_fancy_title][\/mk_custom_box][\/vc_column_inner][vc_column_inner width=&#8221;1\/3&#8243;][mk_custom_box padding_vertical=&#8221;66&#8243; margin_bottom=&#8221;0&#8243; min_height=&#8221;300&#8243; el_class=&#8221;col-vertical&#8221; bg_image=&#8221;http:\/\/dynasys.pt\/wp-content\/uploads\/2016\/02\/smart-converter-01t.jpg&#8221; background_hov_color_style=&#8221;image&#8221; border_color_style=&#8221;single_color&#8221; border_color=&#8221;#de5b1e&#8221; border_width=&#8221;4&#8243; overlay_color=&#8221;rgba(255,255,255,0.85)&#8221; bg_image_hov_effect=&#8221;blur&#8221; elevation_effect=&#8221;true&#8221; bg_stretch=&#8221;true&#8221;][mk_font_icons icon=&#8221;mk-icon-bolt&#8221; color=&#8221;#de5b1e&#8221; size=&#8221;x-large&#8221; align=&#8221;center&#8221;][mk_fancy_title strip_tags=&#8221;true&#8221; tag_name=&#8221;h6&#8243; color=&#8221;#404040&#8243; size=&#8221;20&#8243; font_weight=&#8221;bold&#8221; txt_transform=&#8221;uppercase&#8221; margin_bottom=&#8221;0&#8243; font_family=&#8221;none&#8221; align=&#8221;center&#8221;]Controlo de automatiza\u00e7\u00e3o distribuida[\/mk_fancy_title][\/mk_custom_box][\/vc_column_inner][\/vc_row_inner][mk_padding_divider][mk_padding_divider][mk_button dimension=&#8221;two&#8221; size=&#8221;x-large&#8221; letter_spacing=&#8221;1&#8243; icon=&#8221;mk-li-mail&#8221; url=&#8221;https:\/\/www.dynasys.pt\/pt\/contactos\/&#8221; fullwidth=&#8221;true&#8221;]TEMOS A SOLU\u00c7\u00c3O CERTA PARA SI, CONTACTE-NOS![\/mk_button][mk_padding_divider][\/vc_column][\/mk_page_section]\n<\/div>","protected":false},"excerpt":{"rendered":"<p>[mk_page_section bg_color=&#8221;#ffffff&#8221; attachment=&#8221;fixed&#8221; bg_position=&#8221;center center&#8221; bg_stretch=&#8221;true&#8221; bg_gradient=&#8221;radial&#8221; video_color_mask=&#8221;rgba(0,0,0,0)&#8221; gr_end=&#8221;rgba(0,0,0,0.4)&#8221; top_shadow=&#8221;true&#8221; min_height=&#8221;0&#8243; full_width=&#8221;true&#8221; padding_top=&#8221;30&#8243; padding_bottom=&#8221;30&#8243; bottom_shape_size=&#8221;small&#8221; sidebar=&#8221;sidebar-1&#8243;][vc_column][mk_image src=&#8221;http:\/\/dynasys.pt\/wp-content\/uploads\/2016\/02\/smart_converter_transparente_1.png&#8221; image_size=&#8221;Solo Product&#8221; align=&#8221;center&#8221; margin_bottom=&#8221;0&#8243;][\/vc_column][\/mk_page_section][mk_page_section border_color=&#8221;#cccccc&#8221; padding_top=&#8221;30&#8243; padding_bottom=&#8221;30&#8243; sidebar=&#8221;sidebar-1&#8243;][vc_column][mk_padding_divider][mk_dropcaps style=&#8221;fancy-style&#8221; size=&#8221;40&#8243; padding=&#8221;15&#8243;]O[\/mk_dropcaps][vc_column_text el_class=&#8221;descr&#8221; css=&#8221;.vc_custom_1683306375426{margin-bottom: 0px !important;}&#8221;]s standard RS232 e RS485 s\u00e3o ainda utilizados em diversas aplica\u00e7\u00f5es, nomeadamente sempre que existe a necessidade de ligar um dispositivo central a uma [&hellip;]<\/p>\n","protected":false},"author":3,"featured_media":0,"parent":561,"menu_order":3,"comment_status":"closed","ping_status":"closed","template":"","meta":{"footnotes":""},"class_list":["post-583","page","type-page","status-publish","hentry"],"_links":{"self":[{"href":"https:\/\/www.dynasys.pt\/pt\/wp-json\/wp\/v2\/pages\/583","targetHints":{"allow":["GET"]}}],"collection":[{"href":"https:\/\/www.dynasys.pt\/pt\/wp-json\/wp\/v2\/pages"}],"about":[{"href":"https:\/\/www.dynasys.pt\/pt\/wp-json\/wp\/v2\/types\/page"}],"author":[{"embeddable":true,"href":"https:\/\/www.dynasys.pt\/pt\/wp-json\/wp\/v2\/users\/3"}],"replies":[{"embeddable":true,"href":"https:\/\/www.dynasys.pt\/pt\/wp-json\/wp\/v2\/comments?post=583"}],"version-history":[{"count":15,"href":"https:\/\/www.dynasys.pt\/pt\/wp-json\/wp\/v2\/pages\/583\/revisions"}],"predecessor-version":[{"id":3414,"href":"https:\/\/www.dynasys.pt\/pt\/wp-json\/wp\/v2\/pages\/583\/revisions\/3414"}],"up":[{"embeddable":true,"href":"https:\/\/www.dynasys.pt\/pt\/wp-json\/wp\/v2\/pages\/561"}],"wp:attachment":[{"href":"https:\/\/www.dynasys.pt\/pt\/wp-json\/wp\/v2\/media?parent=583"}],"curies":[{"name":"wp","href":"https:\/\/api.w.org\/{rel}","templated":true}]}}