{"id":581,"date":"2016-02-04T11:45:08","date_gmt":"2016-02-04T11:45:08","guid":{"rendered":"http:\/\/dynasys.pt\/?page_id=581"},"modified":"2023-05-12T11:56:57","modified_gmt":"2023-05-12T11:56:57","slug":"controlador-de-reles-por-usb","status":"publish","type":"page","link":"https:\/\/www.dynasys.pt\/pt\/areas-de-negocio\/remotizacaodeprocessos\/controlador-de-reles-por-usb\/","title":{"rendered":"Controlador de Rel\u00e9s via USB"},"content":{"rendered":"<div class=\"wpb-content-wrapper\">\n[mk_page_section bg_color=&#8221;#ffffff&#8221; attachment=&#8221;fixed&#8221; bg_position=&#8221;center center&#8221; bg_stretch=&#8221;true&#8221; bg_gradient=&#8221;radial&#8221; video_color_mask=&#8221;rgba(0,0,0,0)&#8221; gr_end=&#8221;rgba(0,0,0,0.4)&#8221; top_shadow=&#8221;true&#8221; min_height=&#8221;0&#8243; full_width=&#8221;true&#8221; padding_top=&#8221;30&#8243; padding_bottom=&#8221;30&#8243; sidebar=&#8221;sidebar-1&#8243;][vc_column][mk_image src=&#8221;http:\/\/dynasys.pt\/wp-content\/uploads\/2016\/02\/USB-Relay-Controller-Transparent.png&#8221; image_size=&#8221;Solo Product&#8221; align=&#8221;center&#8221; margin_bottom=&#8221;0&#8243;][\/vc_column][\/mk_page_section][mk_page_section border_color=&#8221;#cccccc&#8221; padding_top=&#8221;30&#8243; padding_bottom=&#8221;30&#8243; sidebar=&#8221;sidebar-1&#8243;][vc_column][mk_padding_divider][mk_dropcaps style=&#8221;fancy-style&#8221; size=&#8221;40&#8243; padding=&#8221;15&#8243;]E[\/mk_dropcaps][vc_column_text el_class=&#8221;descr&#8221; css=&#8221;.vc_custom_1683892485503{margin-bottom: 0px !important;}&#8221;]\n<p style=\"text-align: justify;\">ste modulo de rel\u00e9s, controlado e alimentado por USB, destina-se \u00e0 comuta\u00e7\u00e3o ON\/OFF de dispositivos el\u00e9tricos\/eletromec\u00e2nicos\/eletr\u00f3nicos, como l\u00e2mpadas, motores, sensores, etc. Em fun\u00e7\u00e3o de fatores externos que alimentam o algoritmo a correr no PC, este, atrav\u00e9s da liga\u00e7\u00e3o USB, usando o protocolo fornecido pela Dynasys, atuar\u00e1 convenientemente sobre os rel\u00e9s.<\/p>\n<p>\u00c9 um produto vers\u00e1til, pr\u00e1tico e seguro para as mais diversas aplica\u00e7\u00f5es dom\u00e9sticas e industriais.[\/vc_column_text][mk_padding_divider][vc_row_inner][vc_column_inner width=&#8221;1\/3&#8243;][mk_custom_box padding_vertical=&#8221;80&#8243; margin_bottom=&#8221;0&#8243; min_height=&#8221;300&#8243; el_class=&#8221;col-vertical&#8221; bg_image=&#8221;http:\/\/dynasys.pt\/wp-content\/uploads\/2015\/12\/drinks-production-plant-in-china.jpg&#8221; background_hov_color_style=&#8221;image&#8221; border_color_style=&#8221;single_color&#8221; border_color=&#8221;#de5b1e&#8221; border_width=&#8221;4&#8243; overlay_color=&#8221;rgba(255,255,255,0.8)&#8221; bg_image_hov_effect=&#8221;blur&#8221; elevation_effect=&#8221;true&#8221; bg_stretch=&#8221;true&#8221;][mk_font_icons icon=&#8221;mk-moon-factory&#8221; color=&#8221;#de5b1e&#8221; size=&#8221;x-large&#8221; align=&#8221;center&#8221;][mk_fancy_title strip_tags=&#8221;true&#8221; tag_name=&#8221;h6&#8243; color=&#8221;#404040&#8243; size=&#8221;20&#8243; font_weight=&#8221;bold&#8221; txt_transform=&#8221;uppercase&#8221; margin_bottom=&#8221;0&#8243; font_family=&#8221;none&#8221; align=&#8221;center&#8221;]Equipamentos Industriais[\/mk_fancy_title][\/mk_custom_box][\/vc_column_inner][vc_column_inner width=&#8221;1\/3&#8243;][mk_custom_box padding_vertical=&#8221;80&#8243; margin_bottom=&#8221;0&#8243; min_height=&#8221;300&#8243; el_class=&#8221;col-vertical&#8221; bg_image=&#8221;http:\/\/dynasys.pt\/wp-content\/uploads\/2015\/12\/7.jpg&#8221; background_hov_color_style=&#8221;image&#8221; border_color_style=&#8221;single_color&#8221; border_color=&#8221;#de5b1e&#8221; border_width=&#8221;4&#8243; overlay_color=&#8221;rgba(255,255,255,0.8)&#8221; bg_image_hov_effect=&#8221;blur&#8221; elevation_effect=&#8221;true&#8221; bg_stretch=&#8221;true&#8221;][mk_font_icons icon=&#8221;mk-icon-home&#8221; color=&#8221;#de5b1e&#8221; size=&#8221;x-large&#8221; align=&#8221;center&#8221;][mk_fancy_title strip_tags=&#8221;true&#8221; tag_name=&#8221;h6&#8243; color=&#8221;#404040&#8243; size=&#8221;20&#8243; font_weight=&#8221;bold&#8221; txt_transform=&#8221;uppercase&#8221; margin_bottom=&#8221;0&#8243; font_family=&#8221;none&#8221; align=&#8221;center&#8221;]Automa\u00e7\u00e3o para Resid\u00eancias[\/mk_fancy_title][\/mk_custom_box][\/vc_column_inner][vc_column_inner width=&#8221;1\/3&#8243;][mk_custom_box padding_vertical=&#8221;80&#8243; margin_bottom=&#8221;0&#8243; min_height=&#8221;300&#8243; el_class=&#8221;col-vertical&#8221; bg_image=&#8221;http:\/\/dynasys.pt\/wp-content\/uploads\/2015\/12\/ar-condicionado-casa-dicas.jpg&#8221; background_hov_color_style=&#8221;image&#8221; border_color_style=&#8221;single_color&#8221; border_color=&#8221;#de5b1e&#8221; border_width=&#8221;4&#8243; overlay_color=&#8221;rgba(255,255,255,0.8)&#8221; bg_image_hov_effect=&#8221;blur&#8221; elevation_effect=&#8221;true&#8221; bg_stretch=&#8221;true&#8221;][mk_font_icons icon=&#8221;mk-icon-list&#8221; color=&#8221;#de5b1e&#8221; size=&#8221;x-large&#8221; align=&#8221;center&#8221;][mk_fancy_title strip_tags=&#8221;true&#8221; tag_name=&#8221;h6&#8243; color=&#8221;#404040&#8243; size=&#8221;20&#8243; font_weight=&#8221;bold&#8221; txt_transform=&#8221;uppercase&#8221; margin_bottom=&#8221;0&#8243; font_family=&#8221;none&#8221; align=&#8221;center&#8221;]&#8230; E muitas outras[\/mk_fancy_title][\/mk_custom_box][\/vc_column_inner][\/vc_row_inner][mk_padding_divider][\/vc_column][\/mk_page_section][mk_page_section bg_color=&#8221;#f7f7f7&#8243; top_shadow=&#8221;true&#8221; min_height=&#8221;0&#8243; padding_top=&#8221;20&#8243; padding_bottom=&#8221;20&#8243; sidebar=&#8221;sidebar-1&#8243;][vc_column][mk_fancy_title size=&#8221;18&#8243; font_weight=&#8221;900&#8243; txt_transform=&#8221;uppercase&#8221; letter_spacing=&#8221;3&#8243; margin_top=&#8221;20&#8243; margin_bottom=&#8221;0&#8243; font_family=&#8221;none&#8221;]Folhetos Comerciais[\/mk_fancy_title][mk_custom_list style=&#8221;mk-icon-file-pdf-o&#8221; align=&#8221;left&#8221;]\n<ul>\n<li><a href=\"http:\/\/www.dynasys.pt\/folhetos\/114300014A-USBRelayController-PT.pdf\">USB Relay Controller [Portugu\u00eas]<\/a><\/li>\n<li><a href=\"http:\/\/www.dynasys.pt\/folhetos\/114300014A-USBRelayController-PT.pdf\">USB Relay Controller<\/a><a href=\"http:\/\/www.dynasys.pt\/folhetos\/114300020A-H2GTerminalGSMGPRS-EN.pdf\"> [Ingl\u00eas]<\/a><\/li>\n<\/ul>\n[\/mk_custom_list][\/vc_column][\/mk_page_section]\n\n<\/div>","protected":false},"excerpt":{"rendered":"<p>[mk_page_section bg_color=&#8221;#ffffff&#8221; attachment=&#8221;fixed&#8221; bg_position=&#8221;center center&#8221; bg_stretch=&#8221;true&#8221; bg_gradient=&#8221;radial&#8221; video_color_mask=&#8221;rgba(0,0,0,0)&#8221; gr_end=&#8221;rgba(0,0,0,0.4)&#8221; top_shadow=&#8221;true&#8221; min_height=&#8221;0&#8243; full_width=&#8221;true&#8221; padding_top=&#8221;30&#8243; padding_bottom=&#8221;30&#8243; sidebar=&#8221;sidebar-1&#8243;][vc_column][mk_image src=&#8221;http:\/\/dynasys.pt\/wp-content\/uploads\/2016\/02\/USB-Relay-Controller-Transparent.png&#8221; image_size=&#8221;Solo Product&#8221; align=&#8221;center&#8221; margin_bottom=&#8221;0&#8243;][\/vc_column][\/mk_page_section][mk_page_section border_color=&#8221;#cccccc&#8221; padding_top=&#8221;30&#8243; padding_bottom=&#8221;30&#8243; sidebar=&#8221;sidebar-1&#8243;][vc_column][mk_padding_divider][mk_dropcaps style=&#8221;fancy-style&#8221; size=&#8221;40&#8243; padding=&#8221;15&#8243;]E[\/mk_dropcaps][vc_column_text el_class=&#8221;descr&#8221; css=&#8221;.vc_custom_1683892485503{margin-bottom: 0px !important;}&#8221;] ste modulo de rel\u00e9s, controlado e alimentado por USB, destina-se \u00e0 comuta\u00e7\u00e3o ON\/OFF de dispositivos el\u00e9tricos\/eletromec\u00e2nicos\/eletr\u00f3nicos, como l\u00e2mpadas, motores, sensores, etc. Em fun\u00e7\u00e3o de [&hellip;]<\/p>\n","protected":false},"author":3,"featured_media":0,"parent":573,"menu_order":2,"comment_status":"closed","ping_status":"closed","template":"","meta":{"footnotes":""},"class_list":["post-581","page","type-page","status-publish","hentry"],"_links":{"self":[{"href":"https:\/\/www.dynasys.pt\/pt\/wp-json\/wp\/v2\/pages\/581","targetHints":{"allow":["GET"]}}],"collection":[{"href":"https:\/\/www.dynasys.pt\/pt\/wp-json\/wp\/v2\/pages"}],"about":[{"href":"https:\/\/www.dynasys.pt\/pt\/wp-json\/wp\/v2\/types\/page"}],"author":[{"embeddable":true,"href":"https:\/\/www.dynasys.pt\/pt\/wp-json\/wp\/v2\/users\/3"}],"replies":[{"embeddable":true,"href":"https:\/\/www.dynasys.pt\/pt\/wp-json\/wp\/v2\/comments?post=581"}],"version-history":[{"count":20,"href":"https:\/\/www.dynasys.pt\/pt\/wp-json\/wp\/v2\/pages\/581\/revisions"}],"predecessor-version":[{"id":3405,"href":"https:\/\/www.dynasys.pt\/pt\/wp-json\/wp\/v2\/pages\/581\/revisions\/3405"}],"up":[{"embeddable":true,"href":"https:\/\/www.dynasys.pt\/pt\/wp-json\/wp\/v2\/pages\/573"}],"wp:attachment":[{"href":"https:\/\/www.dynasys.pt\/pt\/wp-json\/wp\/v2\/media?parent=581"}],"curies":[{"name":"wp","href":"https:\/\/api.w.org\/{rel}","templated":true}]}}