{"id":575,"date":"2016-02-04T11:40:45","date_gmt":"2016-02-04T11:40:45","guid":{"rendered":"http:\/\/dynasys.pt\/?page_id=575"},"modified":"2023-05-12T11:47:13","modified_gmt":"2023-05-12T11:47:13","slug":"h2g-terminal-gsmgprs","status":"publish","type":"page","link":"https:\/\/www.dynasys.pt\/pt\/areas-de-negocio\/remotizacaodeprocessos\/h2g-terminal-gsmgprs\/","title":{"rendered":"H2G Terminal GSM\/GPRS"},"content":{"rendered":"<div class=\"wpb-content-wrapper\">[mk_page_section vertical_align=&#8221;center&#8221; bg_color=&#8221;#ffffff&#8221; attachment=&#8221;fixed&#8221; bg_position=&#8221;center center&#8221; bg_stretch=&#8221;true&#8221; bg_gradient=&#8221;radial&#8221; video_color_mask=&#8221;rgba(0,0,0,0)&#8221; gr_end=&#8221;rgba(10,10,10,0.4)&#8221; top_shadow=&#8221;true&#8221; adaptive_height=&#8221;true&#8221; max_height=&#8221;0&#8243; min_height=&#8221;0&#8243; full_width=&#8221;true&#8221; padding_top=&#8221;30&#8243; padding_bottom=&#8221;30&#8243; sidebar=&#8221;sidebar-1&#8243;][vc_column][mk_image src=&#8221;https:\/\/www.dynasys.pt\/wp-content\/uploads\/2023\/04\/h2g-transparent-1.png&#8221; image_size=&#8221;Solo Product&#8221; align=&#8221;center&#8221; margin_bottom=&#8221;0&#8243;][\/vc_column][\/mk_page_section][mk_page_section border_color=&#8221;#cccccc&#8221; padding_top=&#8221;30&#8243; padding_bottom=&#8221;30&#8243; sidebar=&#8221;sidebar-1&#8243;][vc_column][mk_padding_divider][mk_dropcaps style=&#8221;fancy-style&#8221; size=&#8221;40&#8243; padding=&#8221;15&#8243;]E[\/mk_dropcaps][vc_column_text el_class=&#8221;descr&#8221; css=&#8221;.vc_custom_1683582100927{margin-bottom: 0px !important;}&#8221;]ste M\u00f3dulo, desenvolvido pela dynasys, coloca \u00e0 disposi\u00e7\u00e3o de qualquer hardware micro-processado um interface para comunica\u00e7\u00f5es sem fios GSM\/GPRS (2G) entre equipamentos industriais e redes m\u00f3veis, nas quatro principais bandas de rede (850, 900, 1800 e 1900 MHz).<\/p>\n<p>Com um design compacto, que facilita a sua instala\u00e7\u00e3o e integra\u00e7\u00e3o com outros sistemas, este m\u00f3dulo est\u00e1 equipado com gaveta para cart\u00e3o SIM e ficha de antena, assumindo-se como um elemento fundamental no controlo remoto e monitoramento dos seus processos M2M, que requerem transmiss\u00e3o de dados remota e confi\u00e1vel.[\/vc_column_text][mk_padding_divider][vc_row_inner][vc_column_inner width=&#8221;1\/3&#8243;][mk_custom_box padding_vertical=&#8221;70&#8243; min_height=&#8221;300&#8243; el_class=&#8221;col-vertical&#8221; bg_image=&#8221;https:\/\/www.dynasys.pt\/wp-content\/uploads\/2023\/05\/597a17bb-1a96-42f3-930e-af8b9ad923e0.jpg&#8221; background_hov_color_style=&#8221;image&#8221; border_color_style=&#8221;single_color&#8221; border_color=&#8221;#de5b1e&#8221; border_width=&#8221;4&#8243; overlay_color=&#8221;rgba(255,255,255,0.9)&#8221; bg_image_hov_effect=&#8221;blur&#8221; elevation_effect=&#8221;true&#8221; bg_stretch=&#8221;true&#8221;][mk_font_icons icon=&#8221;mk-moon-bars&#8221; color=&#8221;#de5b1e&#8221; size=&#8221;x-large&#8221; align=&#8221;center&#8221;][mk_fancy_title strip_tags=&#8221;true&#8221; tag_name=&#8221;h6&#8243; color=&#8221;#404040&#8243; size=&#8221;20&#8243; font_weight=&#8221;bold&#8221; txt_transform=&#8221;uppercase&#8221; margin_bottom=&#8221;0&#8243; font_family=&#8221;none&#8221; align=&#8221;center&#8221;]Auditoria Remota &#8211; M\u00e1quinas de Vending[\/mk_fancy_title][\/mk_custom_box][\/vc_column_inner][vc_column_inner width=&#8221;1\/3&#8243;][mk_custom_box padding_vertical=&#8221;80&#8243; min_height=&#8221;300&#8243; el_class=&#8221;col-vertical&#8221; bg_image=&#8221;http:\/\/dynasys.pt\/wp-content\/uploads\/2016\/03\/DSCF2279.jpg&#8221; background_hov_color_style=&#8221;image&#8221; border_color_style=&#8221;single_color&#8221; border_color=&#8221;#de5b1e&#8221; border_width=&#8221;4&#8243; overlay_color=&#8221;rgba(255,255,255,0.8)&#8221; bg_image_hov_effect=&#8221;blur&#8221; elevation_effect=&#8221;true&#8221; bg_stretch=&#8221;true&#8221;][mk_font_icons icon=&#8221;mk-icon-flash&#8221; color=&#8221;#de5b1e&#8221; size=&#8221;x-large&#8221; align=&#8221;center&#8221;][mk_fancy_title strip_tags=&#8221;true&#8221; tag_name=&#8221;h6&#8243; color=&#8221;#404040&#8243; size=&#8221;20&#8243; font_weight=&#8221;bold&#8221; txt_transform=&#8221;uppercase&#8221; margin_bottom=&#8221;0&#8243; font_family=&#8221;none&#8221; align=&#8221;center&#8221;]Automa\u00e7\u00e3o Remota[\/mk_fancy_title][\/mk_custom_box][\/vc_column_inner][vc_column_inner width=&#8221;1\/3&#8243;][mk_custom_box padding_vertical=&#8221;80&#8243; min_height=&#8221;300&#8243; el_class=&#8221;col-vertical&#8221; bg_image=&#8221;https:\/\/www.dynasys.pt\/wp-content\/uploads\/2023\/05\/be04c517-fe11-4882-ae75-e9dfdac3a32d.jpg&#8221; background_hov_color_style=&#8221;image&#8221; border_color_style=&#8221;single_color&#8221; border_color=&#8221;#de5b1e&#8221; border_width=&#8221;4&#8243; overlay_color=&#8221;rgba(255,255,255,0.8)&#8221; bg_image_hov_effect=&#8221;blur&#8221; elevation_effect=&#8221;true&#8221; bg_stretch=&#8221;true&#8221;][mk_font_icons icon=&#8221;mk-icon-list-ul&#8221; color=&#8221;#de5b1e&#8221; size=&#8221;x-large&#8221; align=&#8221;center&#8221;][mk_fancy_title strip_tags=&#8221;true&#8221; tag_name=&#8221;h6&#8243; color=&#8221;#404040&#8243; size=&#8221;20&#8243; font_weight=&#8221;bold&#8221; txt_transform=&#8221;uppercase&#8221; margin_bottom=&#8221;0&#8243; font_family=&#8221;none&#8221; align=&#8221;center&#8221;]&#8230; E muitas outras[\/mk_fancy_title][\/mk_custom_box][\/vc_column_inner][\/vc_row_inner][mk_padding_divider][\/vc_column][\/mk_page_section][mk_page_section bg_color=&#8221;#f7f7f7&#8243; top_shadow=&#8221;true&#8221; min_height=&#8221;0&#8243; padding_top=&#8221;20&#8243; padding_bottom=&#8221;20&#8243; sidebar=&#8221;sidebar-1&#8243;][vc_column][mk_fancy_title size=&#8221;18&#8243; font_weight=&#8221;900&#8243; txt_transform=&#8221;uppercase&#8221; letter_spacing=&#8221;3&#8243; margin_top=&#8221;20&#8243; margin_bottom=&#8221;0&#8243; font_family=&#8221;none&#8221;]Folhetos Comerciais[\/mk_fancy_title][mk_custom_list style=&#8221;mk-icon-file-pdf-o&#8221; align=&#8221;left&#8221;]\n<ul>\n<li><a href=\"http:\/\/www.dynasys.pt\/folhetos\/114300015A-H2GTerminalGSMGPRS-PT.pdf\">H2G Terminal GSM\/GPRS [Portugu\u00eas]<\/a><\/li>\n<li><a href=\"http:\/\/www.dynasys.pt\/folhetos\/114300020A-H2GTerminalGSMGPRS-EN.pdf\">H2G Terminal GSM\/GPRS [Ingl\u00eas]<\/a><\/li>\n<\/ul>\n[\/mk_custom_list][\/vc_column][\/mk_page_section]\n<\/div>","protected":false},"excerpt":{"rendered":"<p>[mk_page_section vertical_align=&#8221;center&#8221; bg_color=&#8221;#ffffff&#8221; attachment=&#8221;fixed&#8221; bg_position=&#8221;center center&#8221; bg_stretch=&#8221;true&#8221; bg_gradient=&#8221;radial&#8221; video_color_mask=&#8221;rgba(0,0,0,0)&#8221; gr_end=&#8221;rgba(10,10,10,0.4)&#8221; top_shadow=&#8221;true&#8221; adaptive_height=&#8221;true&#8221; max_height=&#8221;0&#8243; min_height=&#8221;0&#8243; full_width=&#8221;true&#8221; padding_top=&#8221;30&#8243; padding_bottom=&#8221;30&#8243; sidebar=&#8221;sidebar-1&#8243;][vc_column][mk_image src=&#8221;https:\/\/www.dynasys.pt\/wp-content\/uploads\/2023\/04\/h2g-transparent-1.png&#8221; image_size=&#8221;Solo Product&#8221; align=&#8221;center&#8221; margin_bottom=&#8221;0&#8243;][\/vc_column][\/mk_page_section][mk_page_section border_color=&#8221;#cccccc&#8221; padding_top=&#8221;30&#8243; padding_bottom=&#8221;30&#8243; sidebar=&#8221;sidebar-1&#8243;][vc_column][mk_padding_divider][mk_dropcaps style=&#8221;fancy-style&#8221; size=&#8221;40&#8243; padding=&#8221;15&#8243;]E[\/mk_dropcaps][vc_column_text el_class=&#8221;descr&#8221; css=&#8221;.vc_custom_1683582100927{margin-bottom: 0px !important;}&#8221;]ste M\u00f3dulo, desenvolvido pela dynasys, coloca \u00e0 disposi\u00e7\u00e3o de qualquer hardware micro-processado um interface para comunica\u00e7\u00f5es sem fios GSM\/GPRS (2G) entre equipamentos [&hellip;]<\/p>\n","protected":false},"author":3,"featured_media":0,"parent":573,"menu_order":0,"comment_status":"closed","ping_status":"closed","template":"","meta":{"footnotes":""},"class_list":["post-575","page","type-page","status-publish","hentry"],"_links":{"self":[{"href":"https:\/\/www.dynasys.pt\/pt\/wp-json\/wp\/v2\/pages\/575","targetHints":{"allow":["GET"]}}],"collection":[{"href":"https:\/\/www.dynasys.pt\/pt\/wp-json\/wp\/v2\/pages"}],"about":[{"href":"https:\/\/www.dynasys.pt\/pt\/wp-json\/wp\/v2\/types\/page"}],"author":[{"embeddable":true,"href":"https:\/\/www.dynasys.pt\/pt\/wp-json\/wp\/v2\/users\/3"}],"replies":[{"embeddable":true,"href":"https:\/\/www.dynasys.pt\/pt\/wp-json\/wp\/v2\/comments?post=575"}],"version-history":[{"count":29,"href":"https:\/\/www.dynasys.pt\/pt\/wp-json\/wp\/v2\/pages\/575\/revisions"}],"predecessor-version":[{"id":3403,"href":"https:\/\/www.dynasys.pt\/pt\/wp-json\/wp\/v2\/pages\/575\/revisions\/3403"}],"up":[{"embeddable":true,"href":"https:\/\/www.dynasys.pt\/pt\/wp-json\/wp\/v2\/pages\/573"}],"wp:attachment":[{"href":"https:\/\/www.dynasys.pt\/pt\/wp-json\/wp\/v2\/media?parent=575"}],"curies":[{"name":"wp","href":"https:\/\/api.w.org\/{rel}","templated":true}]}}