{"id":567,"date":"2016-02-04T11:36:26","date_gmt":"2016-02-04T11:36:26","guid":{"rendered":"http:\/\/dynasys.pt\/?page_id=567"},"modified":"2023-05-12T13:07:26","modified_gmt":"2023-05-12T13:07:26","slug":"postos-sos-informacao-para-zonas-urbanas","status":"publish","type":"page","link":"https:\/\/www.dynasys.pt\/pt\/areas-de-negocio\/outras-areas-de-interesse\/postos-sos-informacao-para-zonas-urbanas\/","title":{"rendered":"Postos SOS \/ Informa\u00e7\u00e3o para Zonas Urbanas"},"content":{"rendered":"[mk_page_section bg_image=&#8221;http:\/\/dynasys.pt\/wp-content\/uploads\/2016\/02\/fundo3-2.jpg&#8221; attachment=&#8221;fixed&#8221; bg_position=&#8221;center center&#8221; bg_stretch=&#8221;true&#8221; video_color_mask=&#8221;rgba(10,10,10,0.11)&#8221; min_height=&#8221;0&#8243; full_width=&#8221;true&#8221; padding_top=&#8221;&#8221; padding_bottom=&#8221;30&#8243; sidebar=&#8221;sidebar-1&#8243;][vc_column][mk_gallery images=&#8221;1997,1995,1996&#8243; image_size=&#8221;Group Products&#8221; hover_scenarios=&#8221;slow_zoom&#8221; item_spacing=&#8221;0&#8243; margin_bottom=&#8221;0&#8243; orderby=&#8221;post__in&#8221; image_quality=&#8221;2&#8243; item_id=&#8221;1456766747-56d47f1bcfd60&#8243;][\/vc_column][\/mk_page_section][mk_page_section border_color=&#8221;#cccccc&#8221; top_shadow=&#8221;true&#8221; padding_top=&#8221;30&#8243; padding_bottom=&#8221;30&#8243; sidebar=&#8221;sidebar-1&#8243;][vc_column][mk_padding_divider][mk_dropcaps style=&#8221;fancy-style&#8221; size=&#8221;40&#8243; padding=&#8221;15&#8243;]O[\/mk_dropcaps][vc_column_text css=&#8221;.vc_custom_1683306252945{margin-bottom: 0px !important;}&#8221;]\n<p style=\"text-align: justify;\">s vastos anos de experi\u00eancia na \u00e1rea das comunica\u00e7\u00f5es de emerg\u00eancia em autoestradas e t\u00faneis, permitiram \u00e0 Dynasys ver-se escolhida pela C\u00e2mara Municipal de Set\u00fabal, no \u00e2mbito de um Concurso P\u00fablico para satisfazer uma necessidade da Prote\u00e7\u00e3o Civil da Cidade no apoio \u00e0 Popula\u00e7\u00e3o, para a materializar um sistema que \u00e9 hoje em simult\u00e2neo um sistema de comunica\u00e7\u00f5es de emerg\u00eancia para ambiente urbano e um sistema de informa\u00e7\u00e3o tur\u00edstica, dada a crescente relev\u00e2ncia da Cidade neste quadro.<\/p>\n<p style=\"text-align: justify;\">Em 2011 foram ent\u00e3o implementadas 11 unidades de postos SOS urbanos em toda a cidade de Set\u00fabal, 10 colunas de Ponto de Encontro e 11 Colunas informativas. Atrav\u00e9s de um bot\u00e3o de chamada claramente evidenciado como de emerg\u00eancia, pode ser estabelecida comunica\u00e7\u00e3o com a Prote\u00e7\u00e3o Civil; atrav\u00e9s de um segundo bot\u00e3o com a identifica\u00e7\u00e3o adequada, qualquer pessoa, nacional ou estrangeira, pode pedir informa\u00e7\u00f5es a um centro de atendimento pr\u00f3prio.<\/p>\n<p style=\"text-align: justify;\">A maturidade tecnol\u00f3gica da Dynasys \u2013 uma equipa de engenharia com 30 anos a adquirir conhecimento e a aplica-lo &#8211; a sua vis\u00e3o do que significa \u201cdesenvolver equipamentos e integrar sistemas de base eletr\u00f3nica para servir\u201d e a sua experi\u00eancia em Telecomunica\u00e7\u00f5es, constituem valias que garante ao Cliente a capacidade inquestion\u00e1vel de conceber solu\u00e7\u00f5es \u00e0 medida, neste \u00e2mbito e em muitas outras \u00e1reas de interven\u00e7\u00e3o.<\/p>\n[\/vc_column_text][mk_padding_divider][mk_button dimension=&#8221;two&#8221; size=&#8221;x-large&#8221; letter_spacing=&#8221;1&#8243; icon=&#8221;mk-li-mail&#8221; url=&#8221;https:\/\/www.dynasys.pt\/pt\/contactos\/&#8221; fullwidth=&#8221;true&#8221;]TEMOS A SOLU\u00c7\u00c3O CERTA PARA SI, CONTACTE-NOS![\/mk_button][mk_padding_divider][\/vc_column][\/mk_page_section]","protected":false},"excerpt":{"rendered":"<p>[mk_page_section bg_image=&#8221;http:\/\/dynasys.pt\/wp-content\/uploads\/2016\/02\/fundo3-2.jpg&#8221; attachment=&#8221;fixed&#8221; bg_position=&#8221;center center&#8221; bg_stretch=&#8221;true&#8221; video_color_mask=&#8221;rgba(10,10,10,0.11)&#8221; min_height=&#8221;0&#8243; full_width=&#8221;true&#8221; padding_top=&#8221;&#8221; padding_bottom=&#8221;30&#8243; sidebar=&#8221;sidebar-1&#8243;][vc_column][mk_gallery images=&#8221;1997,1995,1996&#8243; image_size=&#8221;Group Products&#8221; hover_scenarios=&#8221;slow_zoom&#8221; item_spacing=&#8221;0&#8243; margin_bottom=&#8221;0&#8243; orderby=&#8221;post__in&#8221; image_quality=&#8221;2&#8243; item_id=&#8221;1456766747-56d47f1bcfd60&#8243;][\/vc_column][\/mk_page_section][mk_page_section border_color=&#8221;#cccccc&#8221; top_shadow=&#8221;true&#8221; padding_top=&#8221;30&#8243; padding_bottom=&#8221;30&#8243; sidebar=&#8221;sidebar-1&#8243;][vc_column][mk_padding_divider][mk_dropcaps style=&#8221;fancy-style&#8221; size=&#8221;40&#8243; padding=&#8221;15&#8243;]O[\/mk_dropcaps][vc_column_text css=&#8221;.vc_custom_1683306252945{margin-bottom: 0px !important;}&#8221;] s vastos anos de experi\u00eancia na \u00e1rea das comunica\u00e7\u00f5es de emerg\u00eancia em autoestradas e t\u00faneis, permitiram \u00e0 Dynasys ver-se escolhida pela C\u00e2mara Municipal [&hellip;]<\/p>\n","protected":false},"author":3,"featured_media":0,"parent":561,"menu_order":0,"comment_status":"closed","ping_status":"closed","template":"","meta":{"footnotes":""},"class_list":["post-567","page","type-page","status-publish","hentry"],"_links":{"self":[{"href":"https:\/\/www.dynasys.pt\/pt\/wp-json\/wp\/v2\/pages\/567","targetHints":{"allow":["GET"]}}],"collection":[{"href":"https:\/\/www.dynasys.pt\/pt\/wp-json\/wp\/v2\/pages"}],"about":[{"href":"https:\/\/www.dynasys.pt\/pt\/wp-json\/wp\/v2\/types\/page"}],"author":[{"embeddable":true,"href":"https:\/\/www.dynasys.pt\/pt\/wp-json\/wp\/v2\/users\/3"}],"replies":[{"embeddable":true,"href":"https:\/\/www.dynasys.pt\/pt\/wp-json\/wp\/v2\/comments?post=567"}],"version-history":[{"count":10,"href":"https:\/\/www.dynasys.pt\/pt\/wp-json\/wp\/v2\/pages\/567\/revisions"}],"predecessor-version":[{"id":3408,"href":"https:\/\/www.dynasys.pt\/pt\/wp-json\/wp\/v2\/pages\/567\/revisions\/3408"}],"up":[{"embeddable":true,"href":"https:\/\/www.dynasys.pt\/pt\/wp-json\/wp\/v2\/pages\/561"}],"wp:attachment":[{"href":"https:\/\/www.dynasys.pt\/pt\/wp-json\/wp\/v2\/media?parent=567"}],"curies":[{"name":"wp","href":"https:\/\/api.w.org\/{rel}","templated":true}]}}