{"id":539,"date":"2016-02-04T11:22:40","date_gmt":"2016-02-04T11:22:40","guid":{"rendered":"http:\/\/dynasys.pt\/?page_id=539"},"modified":"2023-05-12T10:44:07","modified_gmt":"2023-05-12T10:44:07","slug":"rastreio-de-mercadorias","status":"publish","type":"page","link":"https:\/\/www.dynasys.pt\/pt\/areas-de-negocio\/sistemas-de-localizacaoidentificacao-eletronica\/rastreio-de-mercadorias\/","title":{"rendered":"Rastreio de Mercadorias"},"content":{"rendered":"[mk_page_section attachment=&#8221;fixed&#8221; bg_position=&#8221;center center&#8221; bg_stretch=&#8221;true&#8221; video_color_mask=&#8221;rgba(10,10,10,0.11)&#8221; top_shadow=&#8221;true&#8221; min_height=&#8221;300&#8243; full_width=&#8221;true&#8221; padding_top=&#8221;&#8221; padding_bottom=&#8221;0&#8243; sidebar=&#8221;sidebar-1&#8243;][vc_column][mk_gallery images=&#8221;762,1999,3231&#8243; image_size=&#8221;Group Products&#8221; hover_scenarios=&#8221;slow_zoom&#8221; item_spacing=&#8221;0&#8243; margin_bottom=&#8221;0&#8243; orderby=&#8221;post__in&#8221; image_quality=&#8221;2&#8243; item_id=&#8221;1455558906-56c210fa5fbf2&#8243;][\/vc_column][\/mk_page_section][mk_page_section border_color=&#8221;#cccccc&#8221; padding_top=&#8221;30&#8243; padding_bottom=&#8221;30&#8243; sidebar=&#8221;sidebar-1&#8243;][vc_column][mk_padding_divider][mk_dropcaps style=&#8221;fancy-style&#8221; size=&#8221;40&#8243; padding=&#8221;15&#8243;]O[\/mk_dropcaps][vc_column_text el_class=&#8221;descr&#8221; css=&#8221;.vc_custom_1683302209500{margin-bottom: 0px !important;}&#8221;]\n<p style=\"text-align: justify;\">aumento da quantidade e diversidade de produtos que circulam no mercado, a concorr\u00eancia entre os diferentes tipos de agentes na cadeia de valor, nomeadamente entre os operadores de log\u00edstica, t\u00eam estimulado os fabricantes de produtos e equipamentos para este segmento a procurarem solu\u00e7\u00f5es que permitam aumentar a velocidade das opera\u00e7\u00f5es, em simult\u00e2neo com a introdu\u00e7\u00e3o de ganhos de efici\u00eancia.<\/p>\n<p style=\"text-align: justify;\">Sem pretender eliminar processos de identifica\u00e7\u00e3o universalmente comprovados, como \u00e9 o uso do c\u00f3digo de barras, a tecnologia RFID, seja com sistemas passivos\u00a0ou\u00a0sistemas ativos, \u00e9 um agente com uma presen\u00e7a cada vez mais abrangente e s\u00f3lida em todos os segmentos da cadeia de valor. Come\u00e7ando nos fabricantes, desde logo na gest\u00e3o da produ\u00e7\u00e3o, armazenamento e expedi\u00e7\u00e3o, passando pelos transportes, no sentido de garantir a auditoria, o mais poss\u00edvel em tempo real, das exist\u00eancias em circula\u00e7\u00e3o e das entregas, at\u00e9 aos pontos de venda, na perspetiva do invent\u00e1rio permanente e da gest\u00e3o o mais efetiva poss\u00edvel dos stocks.<\/p>\n<p style=\"text-align: justify;\">Os n\u00edveis superiores de automatiza\u00e7\u00e3o, bem como o aumento da velocidade e agilidade introduzidos pelas tecnologias RFID nos processos, associado o facto de os identificadores, ativos ou passivos, poderem estar preparados para existir em ambientes com diferentes graus de agressividade, permitem um n\u00edvel superior\u00a0de integra\u00e7\u00e3o de processos dentro de uma mesma estrutura organizacional, bem como uma maior fluidez e assertividade nas zonas intermodais, quando da integra\u00e7\u00e3o de v\u00e1rios parceiros de uma determinada cadeia de valor.<\/p>\n<p style=\"text-align: justify;\">A Dynasys tem o conhecimento e a experi\u00eancia que lhe permite escuta-lo ativamente, e prop\u00f4r as solu\u00e7\u00f5es \u2013 produtos e sistemas &#8211; que mais se adaptam ao seu caso espec\u00edfico. Quer usando sistemas passivos, quer propondo os sistemas ativos de conce\u00e7\u00e3o e fabrico pr\u00f3prios, a Dynasys entende o Cliente como parceiro ativo do projeto espec\u00edfico, numa parceria incontorn\u00e1vel, certamente vencedora, em prol da melhor conjun\u00e7\u00e3o tecnologia-processo.<\/p>\n<h5><\/h5>\n[\/vc_column_text][mk_padding_divider][mk_button dimension=&#8221;two&#8221; size=&#8221;x-large&#8221; letter_spacing=&#8221;1&#8243; icon=&#8221;mk-li-mail&#8221; url=&#8221;https:\/\/www.dynasys.pt\/pt\/contactos\/&#8221; fullwidth=&#8221;true&#8221;]TEMOS A SOLU\u00c7\u00c3O CERTA PARA SI, CONTACTE-NOS![\/mk_button][mk_padding_divider][\/vc_column][\/mk_page_section]","protected":false},"excerpt":{"rendered":"<p>[mk_page_section attachment=&#8221;fixed&#8221; bg_position=&#8221;center center&#8221; bg_stretch=&#8221;true&#8221; video_color_mask=&#8221;rgba(10,10,10,0.11)&#8221; top_shadow=&#8221;true&#8221; min_height=&#8221;300&#8243; full_width=&#8221;true&#8221; padding_top=&#8221;&#8221; padding_bottom=&#8221;0&#8243; sidebar=&#8221;sidebar-1&#8243;][vc_column][mk_gallery images=&#8221;762,1999,3231&#8243; image_size=&#8221;Group Products&#8221; hover_scenarios=&#8221;slow_zoom&#8221; item_spacing=&#8221;0&#8243; margin_bottom=&#8221;0&#8243; orderby=&#8221;post__in&#8221; image_quality=&#8221;2&#8243; item_id=&#8221;1455558906-56c210fa5fbf2&#8243;][\/vc_column][\/mk_page_section][mk_page_section border_color=&#8221;#cccccc&#8221; padding_top=&#8221;30&#8243; padding_bottom=&#8221;30&#8243; sidebar=&#8221;sidebar-1&#8243;][vc_column][mk_padding_divider][mk_dropcaps style=&#8221;fancy-style&#8221; size=&#8221;40&#8243; padding=&#8221;15&#8243;]O[\/mk_dropcaps][vc_column_text el_class=&#8221;descr&#8221; css=&#8221;.vc_custom_1683302209500{margin-bottom: 0px !important;}&#8221;] aumento da quantidade e diversidade de produtos que circulam no mercado, a concorr\u00eancia entre os diferentes tipos de agentes na cadeia de valor, [&hellip;]<\/p>\n","protected":false},"author":3,"featured_media":0,"parent":535,"menu_order":0,"comment_status":"closed","ping_status":"closed","template":"","meta":{"footnotes":""},"class_list":["post-539","page","type-page","status-publish","hentry"],"_links":{"self":[{"href":"https:\/\/www.dynasys.pt\/pt\/wp-json\/wp\/v2\/pages\/539","targetHints":{"allow":["GET"]}}],"collection":[{"href":"https:\/\/www.dynasys.pt\/pt\/wp-json\/wp\/v2\/pages"}],"about":[{"href":"https:\/\/www.dynasys.pt\/pt\/wp-json\/wp\/v2\/types\/page"}],"author":[{"embeddable":true,"href":"https:\/\/www.dynasys.pt\/pt\/wp-json\/wp\/v2\/users\/3"}],"replies":[{"embeddable":true,"href":"https:\/\/www.dynasys.pt\/pt\/wp-json\/wp\/v2\/comments?post=539"}],"version-history":[{"count":10,"href":"https:\/\/www.dynasys.pt\/pt\/wp-json\/wp\/v2\/pages\/539\/revisions"}],"predecessor-version":[{"id":3402,"href":"https:\/\/www.dynasys.pt\/pt\/wp-json\/wp\/v2\/pages\/539\/revisions\/3402"}],"up":[{"embeddable":true,"href":"https:\/\/www.dynasys.pt\/pt\/wp-json\/wp\/v2\/pages\/535"}],"wp:attachment":[{"href":"https:\/\/www.dynasys.pt\/pt\/wp-json\/wp\/v2\/media?parent=539"}],"curies":[{"name":"wp","href":"https:\/\/api.w.org\/{rel}","templated":true}]}}