{"id":537,"date":"2016-02-04T11:22:05","date_gmt":"2016-02-04T11:22:05","guid":{"rendered":"http:\/\/dynasys.pt\/?page_id=537"},"modified":"2023-05-12T17:17:03","modified_gmt":"2023-05-12T17:17:03","slug":"rastreio-de-pessoas-e-controlo-de-acessos","status":"publish","type":"page","link":"https:\/\/www.dynasys.pt\/pt\/areas-de-negocio\/sistemas-de-localizacaoidentificacao-eletronica\/rastreio-de-pessoas-e-controlo-de-acessos\/","title":{"rendered":"Rastreio de Pessoas e Controlo de Acessos"},"content":{"rendered":"<div class=\"wpb-content-wrapper\">[mk_page_section border_color=&#8221;#cccccc&#8221; padding_top=&#8221;30&#8243; padding_bottom=&#8221;30&#8243; sidebar=&#8221;sidebar-1&#8243;][vc_column][mk_padding_divider][mk_dropcaps style=&#8221;fancy-style&#8221; size=&#8221;40&#8243; padding=&#8221;15&#8243;]R[\/mk_dropcaps][vc_column_text css=&#8221;.vc_custom_1683900067543{margin-bottom: 0px !important;}&#8221;]\n<p style=\"text-align: justify;\">FID &#8211; sigla em l\u00edngua inglesa para <strong>Identifica\u00e7\u00e3o por Radio Frequ\u00eancia<\/strong>, refere um conjunto de tecnologias, que na sua componente mais b\u00e1sica j\u00e1 fez qualquer de n\u00f3s viver um epis\u00f3dio menos agrad\u00e1vel, quando, por exemplo, \u201co saco apitou\u201d, ao sairmos de uma livraria ou de um loja pronto a vestir.<\/p>\n<p style=\"text-align: justify;\">O pequeno dispositivo que est\u00e1 junto ao bem que adquirimos \u00e9 o identificador, que \u00e9 detetado pelos leitores, normalmente \u201cdisfar\u00e7ados\u201d nas colunas que se encontram de ambos os lados da porta do estabelecimento, que envolvem tamb\u00e9m as antenas do sistema. Estes identificadores s\u00e3o passivos, o que quer dizer que n\u00e3o possuem energia pr\u00f3pria, facto que obriga \u00e0 coloca\u00e7\u00e3o de antenas de grande dimens\u00e3o para os detetar, como as que vemos nas lojas.<\/p>\n[\/vc_column_text][vc_row_inner attached=&#8221;true&#8221;][vc_column_inner width=&#8221;3\/4&#8243;][vc_column_text disable_pattern=&#8221;false&#8221;]\n<p style=\"text-align: justify;\">A Dynasys, que tem o conhecimento e a experi\u00eancia necess\u00e1ria para o fornecimento e integra\u00e7\u00e3o em sistemas RFID passivos, dedica-se desde h\u00e1 muito ao desenvolvimento de solu\u00e7\u00f5es de RFID ativo, ou seja, cujos identificadores s\u00e3o dotados de pilha para alimenta\u00e7\u00e3o dos respetivos circuitos, permitindo assim a identifica\u00e7\u00e3o a maiores dist\u00e2ncias, utilizando leitores de menor dimens\u00e3o.<\/p>\n<p style=\"text-align: justify;\">Os identificadores ativos da Dynasys podem ser de tecnologia simples ou combinada, facto que leva a um espetro mais alargado de aplica\u00e7\u00f5es, quer na identifica\u00e7\u00e3o quer no rastreamento de pessoas e bens.<\/p>\n[\/vc_column_text][\/vc_column_inner][vc_column_inner width=&#8221;1\/4&#8243;][mk_custom_box padding_vertical=&#8221;0&#8243; padding_horizental=&#8221;10&#8243; margin_bottom=&#8221;0&#8243;][mk_image src=&#8221;http:\/\/dynasys.pt\/wp-content\/uploads\/2016\/02\/rfid.jpg&#8221; image_size=&#8221;medium&#8221; align=&#8221;center&#8221; crop=&#8221;false&#8221;][\/mk_custom_box][\/vc_column_inner][\/vc_row_inner][mk_padding_divider size=&#8221;80&#8243;][mk_fancy_title strip_tags=&#8221;true&#8221; color=&#8221;#de5b1e&#8221; size=&#8221;22&#8243; font_weight=&#8221;900&#8243; txt_transform=&#8221;uppercase&#8221; letter_spacing=&#8221;6&#8243; margin_top=&#8221;40&#8243; font_family=&#8221;none&#8221;]RASTREIO DE PESSOAS[\/mk_fancy_title][mk_fancy_title strip_tags=&#8221;true&#8221; size=&#8221;16&#8243; font_weight=&#8221;900&#8243; txt_transform=&#8221;uppercase&#8221; letter_spacing=&#8221;4&#8243; margin_bottom=&#8221;10&#8243; font_family=&#8221;none&#8221;]Aplica\u00e7\u00e3o em\u00a0Grandes Edif\u00edcios[\/mk_fancy_title][mk_dropcaps style=&#8221;fancy-style&#8221; size=&#8221;40&#8243; padding=&#8221;15&#8243;]S[\/mk_dropcaps][vc_column_text css=&#8221;.vc_custom_1683900477473{margin-bottom: 0px !important;}&#8221;]\n<p style=\"text-align: justify;\">endo o identificador eletr\u00f3nico um dispositivo com identifica\u00e7\u00e3o \u00fanica, \u00e9 poss\u00edvel a associa\u00e7\u00e3o singular a um utilizador espec\u00edfico. A partir daqui, em fun\u00e7\u00e3o da quantidade e localiza\u00e7\u00e3o dos leitores, \u00e9 poss\u00edvel acompanhar como maior ou menor precis\u00e3o o movimento do portador do cart\u00e3o.<\/p>\n<p style=\"text-align: justify;\">Com este tipo de sistema \u00e9 poss\u00edvel \u00a0garantir que um visitante a um qualquer edif\u00edcio, circulando sozinho, \u00a0n\u00e3o se desvia do caminho para o seu destino sem que a equipa de seguran\u00e7a d\u00ea pelo facto. Pode assim ser aplicado, por exemplo, \u00a0em Hospitais ou em edif\u00edcios de grande dimens\u00e3o.<\/p>\n<p style=\"text-align: justify;\">Poderemos ainda aplica-lo \u00e0 monitoriza\u00e7\u00e3o de uma equipa de trabalho numa determinada \u00e1rea, gerando alarmes por aus\u00eancia para al\u00e9m de um determinado per\u00edodo de tempo.<\/p>\n<p style=\"text-align: justify;\">A flexibilidade dos sistemas de RFID ativo da Dynasys permitem um sem n\u00famero de aplica\u00e7\u00f5es no \u00e2mbito da seguran\u00e7a e da gest\u00e3o de pessoas. O facto de ser um produto Dynasys garante a disponibilidade do software de intermedia\u00e7\u00e3o (middleware) necess\u00e1rio \u00e0 \u00a0interliga\u00e7\u00e3o, por exemplo, com sistemas de gest\u00e3o de assiduidade.<\/p>\n[\/vc_column_text][mk_padding_divider size=&#8221;20&#8243;][mk_gallery images=&#8221;3419,1242,3420&#8243; image_size=&#8221;Applications&#8221; hover_scenarios=&#8221;slow_zoom&#8221; item_spacing=&#8221;0&#8243; margin_bottom=&#8221;0&#8243; orderby=&#8221;post__in&#8221; image_quality=&#8221;2&#8243; item_id=&#8221;1456920618-56d6d82a7765d&#8221;][mk_padding_divider size=&#8221;80&#8243;][mk_fancy_title strip_tags=&#8221;true&#8221; color=&#8221;#de5b1e&#8221; size=&#8221;22&#8243; font_weight=&#8221;900&#8243; txt_transform=&#8221;uppercase&#8221; letter_spacing=&#8221;6&#8243; margin_top=&#8221;40&#8243; font_family=&#8221;none&#8221;]Controlo de Acessos[\/mk_fancy_title][mk_dropcaps style=&#8221;fancy-style&#8221; size=&#8221;40&#8243; padding=&#8221;15&#8243;]O[\/mk_dropcaps][vc_column_text css=&#8221;.vc_custom_1683900491151{margin-bottom: 0px !important;}&#8221;]controlo de acessos tem como um dos objetivos fundamentais, e talvez o mais tradicional, o da gest\u00e3o e controlo de assiduidade, t\u00e3o mais importante quanto maior \u00e9 a quantidade de colaboradores, e diversidade das respetivas atividades.<\/p>\n<p>Outra das aplica\u00e7\u00f5es de import\u00e2ncia cada vez mais relevante \u00e9 no \u00e2mbito da Seguran\u00e7a, na perspetiva de proteger as organiza\u00e7\u00f5es, e as pessoas, do acesso n\u00e3o autorizado a informa\u00e7\u00e3o e a bens m\u00f3veis.<\/p>\n<p>Estes sistemas podem apoiar as empresas, ou qualquer outro tipo de organiza\u00e7\u00e3o, desde a \u00e1rea de rece\u00e7\u00e3o at\u00e9 ao acesso a zonas de acesso exclusivo, utilizando\u00a0meios tecnol\u00f3gicos de\u00a0maior ou menor\u00a0sofistica\u00e7\u00e3o, desde o simples cart\u00e3o RFID at\u00e9 \u00e0 confirma\u00e7\u00e3o de par\u00e2metros biom\u00e9tricos.[\/vc_column_text][mk_padding_divider size=&#8221;20&#8243;][mk_gallery images=&#8221;821,776,823&#8243; image_size=&#8221;Applications&#8221; hover_scenarios=&#8221;slow_zoom&#8221; item_spacing=&#8221;0&#8243; margin_bottom=&#8221;0&#8243; orderby=&#8221;post__in&#8221; image_quality=&#8221;2&#8243; item_id=&#8221;1456920618-56d6d82a7765d&#8221;][mk_padding_divider size=&#8221;60&#8243;][mk_button dimension=&#8221;two&#8221; size=&#8221;x-large&#8221; letter_spacing=&#8221;1&#8243; icon=&#8221;mk-li-mail&#8221; url=&#8221;https:\/\/www.dynasys.pt\/pt\/contactos\/&#8221; fullwidth=&#8221;true&#8221;]TEMOS A SOLU\u00c7\u00c3O CERTA PARA SI, CONTACTE-NOS![\/mk_button][mk_padding_divider size=&#8221;20&#8243;][\/vc_column][\/mk_page_section]\n<\/div>","protected":false},"excerpt":{"rendered":"<p>[mk_page_section border_color=&#8221;#cccccc&#8221; padding_top=&#8221;30&#8243; padding_bottom=&#8221;30&#8243; sidebar=&#8221;sidebar-1&#8243;][vc_column][mk_padding_divider][mk_dropcaps style=&#8221;fancy-style&#8221; size=&#8221;40&#8243; padding=&#8221;15&#8243;]R[\/mk_dropcaps][vc_column_text css=&#8221;.vc_custom_1683900067543{margin-bottom: 0px !important;}&#8221;] FID &#8211; sigla em l\u00edngua inglesa para Identifica\u00e7\u00e3o por Radio Frequ\u00eancia, refere um conjunto de tecnologias, que na sua componente mais b\u00e1sica j\u00e1 fez qualquer de n\u00f3s viver um epis\u00f3dio menos agrad\u00e1vel, quando, por exemplo, \u201co saco apitou\u201d, ao sairmos de uma livraria ou [&hellip;]<\/p>\n","protected":false},"author":3,"featured_media":0,"parent":535,"menu_order":0,"comment_status":"closed","ping_status":"closed","template":"","meta":{"footnotes":""},"class_list":["post-537","page","type-page","status-publish","hentry"],"_links":{"self":[{"href":"https:\/\/www.dynasys.pt\/pt\/wp-json\/wp\/v2\/pages\/537","targetHints":{"allow":["GET"]}}],"collection":[{"href":"https:\/\/www.dynasys.pt\/pt\/wp-json\/wp\/v2\/pages"}],"about":[{"href":"https:\/\/www.dynasys.pt\/pt\/wp-json\/wp\/v2\/types\/page"}],"author":[{"embeddable":true,"href":"https:\/\/www.dynasys.pt\/pt\/wp-json\/wp\/v2\/users\/3"}],"replies":[{"embeddable":true,"href":"https:\/\/www.dynasys.pt\/pt\/wp-json\/wp\/v2\/comments?post=537"}],"version-history":[{"count":11,"href":"https:\/\/www.dynasys.pt\/pt\/wp-json\/wp\/v2\/pages\/537\/revisions"}],"predecessor-version":[{"id":3454,"href":"https:\/\/www.dynasys.pt\/pt\/wp-json\/wp\/v2\/pages\/537\/revisions\/3454"}],"up":[{"embeddable":true,"href":"https:\/\/www.dynasys.pt\/pt\/wp-json\/wp\/v2\/pages\/535"}],"wp:attachment":[{"href":"https:\/\/www.dynasys.pt\/pt\/wp-json\/wp\/v2\/media?parent=537"}],"curies":[{"name":"wp","href":"https:\/\/api.w.org\/{rel}","templated":true}]}}