{"id":510,"date":"2016-02-04T10:40:35","date_gmt":"2016-02-04T10:40:35","guid":{"rendered":"http:\/\/dynasys.pt\/?page_id=510"},"modified":"2023-05-12T10:33:48","modified_gmt":"2023-05-12T10:33:48","slug":"contagem-e-classificacao-de-veiculos","status":"publish","type":"page","link":"https:\/\/www.dynasys.pt\/pt\/areas-de-negocio\/inteligencia-para-rodovias\/contagem-e-classificacao-de-veiculos\/","title":{"rendered":"Contagem e Classifica\u00e7\u00e3o de Ve\u00edculos"},"content":{"rendered":"<div class=\"wpb-content-wrapper\">[mk_page_section bg_image=&#8221;http:\/\/dynasys.pt\/wp-content\/uploads\/2016\/02\/cveic-1.jpg&#8221; bg_position=&#8221;center center&#8221; bg_repeat=&#8221;no-repeat&#8221; bg_stretch=&#8221;true&#8221; video_color_mask=&#8221;rgba(10,10,10,0.11)&#8221; top_shadow=&#8221;true&#8221; adaptive_height=&#8221;true&#8221; max_height=&#8221;650&#8243; min_height=&#8221;350&#8243; full_width=&#8221;true&#8221; padding_top=&#8221;&#8221; padding_bottom=&#8221;30&#8243; sidebar=&#8221;sidebar-1&#8243;][vc_column][\/vc_column][\/mk_page_section][mk_page_section border_color=&#8221;#cccccc&#8221; padding_top=&#8221;30&#8243; padding_bottom=&#8221;30&#8243; sidebar=&#8221;sidebar-1&#8243;][vc_column][mk_padding_divider][mk_dropcaps style=&#8221;fancy-style&#8221; size=&#8221;40&#8243; padding=&#8221;15&#8243;]N[\/mk_dropcaps][vc_column_text disable_pattern=&#8221;false&#8221; el_class=&#8221;descr&#8221; css=&#8221;.vc_custom_1683305307705{margin-bottom: 0px !important;}&#8221;]\n<p style=\"text-align: justify;\">este \u00e2mbito a Dynasys fornece, e integra nos seus sistemas, equipamentos e solu\u00e7\u00f5es de fabricantes reconhecidos mundialmente, consequ\u00eancia da sua qualidade e permanente atualiza\u00e7\u00e3o, e tamb\u00e9m da experi\u00eancia ganha desde h\u00e1 d\u00e9cadas, com base na diversidade de solu\u00e7\u00f5es, em resposta \u00e0 legisla\u00e7\u00e3o espec\u00edfica para as classes de ve\u00edculos nos diferentes pa\u00edses.<\/p>\n<p style=\"text-align: justify;\">A Dynasys est\u00e1 preparada para fornecer desde e instalar desde os sistemas mais simples, amov\u00edveis, normalmente utilizados para estudo de fluxos de tr\u00e1fego, at\u00e9 aos sistemas permanentes, multi-faixa, auto calibrados, preparados para identificar uma grande diversidade de classes de ve\u00edculos, ou para fazer pesagem de ve\u00edculos pesados que circulem a velocidades at\u00e9 aos 140Km\/h.<\/p>\n<p style=\"text-align: justify;\">A gama de utiliza\u00e7\u00f5es \u00e9, portanto, vasta:<\/p>\n[\/vc_column_text][mk_custom_list style=&#8221;mk-icon-angle-right&#8221;]\n<ul>\n<li>Trabalhos de estudo de fluxos de tr\u00e1fego;<\/li>\n<li>Situa\u00e7\u00f5es de obra, onde \u00e9 necess\u00e1rio manter a contagem quando os sistemas fixos est\u00e3o desligados;<\/li>\n<li>Instala\u00e7\u00f5es definitivas para gest\u00e3o global de tr\u00e1fego.<\/li>\n<li>Escapat\u00f3rias autoestradas<\/li>\n<li>Parques de estacionamento<\/li>\n<\/ul>\n[\/mk_custom_list][vc_column_text css=&#8221;.vc_custom_1683305338549{margin-bottom: 0px !important;}&#8221;]\n<p style=\"text-align: justify;\">A recolha de dados feita pelo equipamento de beira de estradas pode ser entregue a um sistema central, quer atrav\u00e9s de mem\u00f3ria amov\u00edvel, quer atrav\u00e9s do envio feito de forma autom\u00e1tica, com frequ\u00eancias program\u00e1veis, atrav\u00e9s de uma rede Ethernet, sobre cabo UTP ou Fibra \u00d3ptica, ou via comunica\u00e7\u00f5es sem fios, seja atrav\u00e9s de GPRS\/Gx, seja atrav\u00e9s de redes r\u00e1dio.<br \/>\nParalelamente, cada tipo de equipamento\/sistema \u00e9 acompanhado do respectivo software de parametriza\u00e7\u00e3o, recolha e tratamento de dados, garantindo-se a integra\u00e7\u00e3o com os sistemas de hierarquia superior.<\/p>\n<h5><\/h5>\n[\/vc_column_text][mk_padding_divider][vc_row_inner][vc_column_inner width=&#8221;1\/2&#8243;][mk_custom_box padding_vertical=&#8221;80&#8243; margin_bottom=&#8221;0&#8243; min_height=&#8221;300&#8243; el_class=&#8221;col-vertical&#8221; bg_image=&#8221;https:\/\/www.dynasys.pt\/wp-content\/uploads\/2023\/05\/highway-r.jpg&#8221; background_hov_color_style=&#8221;image&#8221; border_color_style=&#8221;single_color&#8221; border_color=&#8221;#de5b1e&#8221; border_width=&#8221;4&#8243; overlay_color=&#8221;rgba(255,255,255,0.85)&#8221; bg_image_hov_effect=&#8221;blur&#8221; elevation_effect=&#8221;true&#8221; bg_stretch=&#8221;true&#8221;][mk_font_icons icon=&#8221;mk-icon-road&#8221; color=&#8221;#de5b1e&#8221; size=&#8221;x-large&#8221; align=&#8221;center&#8221;][mk_fancy_title strip_tags=&#8221;true&#8221; tag_name=&#8221;h6&#8243; color=&#8221;#404040&#8243; size=&#8221;20&#8243; font_weight=&#8221;bold&#8221; txt_transform=&#8221;uppercase&#8221; margin_bottom=&#8221;0&#8243; font_family=&#8221;none&#8221; align=&#8221;center&#8221;]Autoestradas[\/mk_fancy_title][\/mk_custom_box][\/vc_column_inner][vc_column_inner width=&#8221;1\/2&#8243;][mk_custom_box padding_vertical=&#8221;80&#8243; margin_bottom=&#8221;0&#8243; min_height=&#8221;300&#8243; el_class=&#8221;col-vertical&#8221; bg_image=&#8221;http:\/\/dynasys.pt\/wp-content\/uploads\/2016\/02\/estacionamento.jpg&#8221; background_hov_color_style=&#8221;image&#8221; border_color_style=&#8221;single_color&#8221; border_color=&#8221;#de5b1e&#8221; border_width=&#8221;4&#8243; overlay_color=&#8221;rgba(255,255,255,0.85)&#8221; bg_image_hov_effect=&#8221;blur&#8221; elevation_effect=&#8221;true&#8221; bg_stretch=&#8221;true&#8221;][mk_font_icons icon=&#8221;mk-icon-car&#8221; color=&#8221;#de5b1e&#8221; size=&#8221;x-large&#8221; align=&#8221;center&#8221;][mk_fancy_title strip_tags=&#8221;true&#8221; tag_name=&#8221;h6&#8243; color=&#8221;#404040&#8243; size=&#8221;20&#8243; font_weight=&#8221;bold&#8221; txt_transform=&#8221;uppercase&#8221; margin_bottom=&#8221;0&#8243; font_family=&#8221;none&#8221; align=&#8221;center&#8221; el_class=&#8221;col-vertical&#8221;]Parques De Estacionamento[\/mk_fancy_title][\/mk_custom_box][\/vc_column_inner][\/vc_row_inner][mk_padding_divider][mk_padding_divider][mk_button dimension=&#8221;two&#8221; size=&#8221;x-large&#8221; letter_spacing=&#8221;1&#8243; icon=&#8221;mk-li-mail&#8221; url=&#8221;https:\/\/www.dynasys.pt\/pt\/contactos\/&#8221; fullwidth=&#8221;true&#8221;]TEMOS A SOLU\u00c7\u00c3O CERTA PARA SI, CONTACTE-NOS![\/mk_button][mk_padding_divider][\/vc_column][\/mk_page_section]\n<\/div>","protected":false},"excerpt":{"rendered":"<p>[mk_page_section bg_image=&#8221;http:\/\/dynasys.pt\/wp-content\/uploads\/2016\/02\/cveic-1.jpg&#8221; bg_position=&#8221;center center&#8221; bg_repeat=&#8221;no-repeat&#8221; bg_stretch=&#8221;true&#8221; video_color_mask=&#8221;rgba(10,10,10,0.11)&#8221; top_shadow=&#8221;true&#8221; adaptive_height=&#8221;true&#8221; max_height=&#8221;650&#8243; min_height=&#8221;350&#8243; full_width=&#8221;true&#8221; padding_top=&#8221;&#8221; padding_bottom=&#8221;30&#8243; sidebar=&#8221;sidebar-1&#8243;][vc_column][\/vc_column][\/mk_page_section][mk_page_section border_color=&#8221;#cccccc&#8221; padding_top=&#8221;30&#8243; padding_bottom=&#8221;30&#8243; sidebar=&#8221;sidebar-1&#8243;][vc_column][mk_padding_divider][mk_dropcaps style=&#8221;fancy-style&#8221; size=&#8221;40&#8243; padding=&#8221;15&#8243;]N[\/mk_dropcaps][vc_column_text disable_pattern=&#8221;false&#8221; el_class=&#8221;descr&#8221; css=&#8221;.vc_custom_1683305307705{margin-bottom: 0px !important;}&#8221;] este \u00e2mbito a Dynasys fornece, e integra nos seus sistemas, equipamentos e solu\u00e7\u00f5es de fabricantes reconhecidos mundialmente, consequ\u00eancia da sua qualidade e permanente atualiza\u00e7\u00e3o, e tamb\u00e9m da experi\u00eancia [&hellip;]<\/p>\n","protected":false},"author":3,"featured_media":0,"parent":503,"menu_order":0,"comment_status":"closed","ping_status":"closed","template":"","meta":{"footnotes":""},"class_list":["post-510","page","type-page","status-publish","hentry"],"_links":{"self":[{"href":"https:\/\/www.dynasys.pt\/pt\/wp-json\/wp\/v2\/pages\/510","targetHints":{"allow":["GET"]}}],"collection":[{"href":"https:\/\/www.dynasys.pt\/pt\/wp-json\/wp\/v2\/pages"}],"about":[{"href":"https:\/\/www.dynasys.pt\/pt\/wp-json\/wp\/v2\/types\/page"}],"author":[{"embeddable":true,"href":"https:\/\/www.dynasys.pt\/pt\/wp-json\/wp\/v2\/users\/3"}],"replies":[{"embeddable":true,"href":"https:\/\/www.dynasys.pt\/pt\/wp-json\/wp\/v2\/comments?post=510"}],"version-history":[{"count":30,"href":"https:\/\/www.dynasys.pt\/pt\/wp-json\/wp\/v2\/pages\/510\/revisions"}],"predecessor-version":[{"id":3397,"href":"https:\/\/www.dynasys.pt\/pt\/wp-json\/wp\/v2\/pages\/510\/revisions\/3397"}],"up":[{"embeddable":true,"href":"https:\/\/www.dynasys.pt\/pt\/wp-json\/wp\/v2\/pages\/503"}],"wp:attachment":[{"href":"https:\/\/www.dynasys.pt\/pt\/wp-json\/wp\/v2\/media?parent=510"}],"curies":[{"name":"wp","href":"https:\/\/api.w.org\/{rel}","templated":true}]}}