{"id":508,"date":"2016-02-04T10:38:19","date_gmt":"2016-02-04T10:38:19","guid":{"rendered":"http:\/\/dynasys.pt\/?page_id=508"},"modified":"2023-05-12T10:30:04","modified_gmt":"2023-05-12T10:30:04","slug":"paineis-led-de-informacao","status":"publish","type":"page","link":"https:\/\/www.dynasys.pt\/pt\/areas-de-negocio\/inteligencia-para-rodovias\/paineis-led-de-informacao\/","title":{"rendered":"Pain\u00e9is Informa\u00e7\u00e3o\/Sinaliza\u00e7\u00e3o LED"},"content":{"rendered":"[mk_page_section bg_image=&#8221;http:\/\/dynasys.pt\/wp-content\/uploads\/2016\/02\/fundo3-2.jpg&#8221; attachment=&#8221;fixed&#8221; bg_position=&#8221;center center&#8221; bg_stretch=&#8221;true&#8221; video_color_mask=&#8221;rgba(10,10,10,0.11)&#8221; min_height=&#8221;0&#8243; full_width=&#8221;true&#8221; padding_top=&#8221;&#8221; padding_bottom=&#8221;30&#8243; sidebar=&#8221;sidebar-1&#8243;][vc_column][mk_gallery images=&#8221;784,364,2538&#8243; image_size=&#8221;Group Products&#8221; hover_scenarios=&#8221;slow_zoom&#8221; item_spacing=&#8221;0&#8243; margin_bottom=&#8221;0&#8243; orderby=&#8221;post__in&#8221; image_quality=&#8221;2&#8243; item_id=&#8221;1456761843-56d46bf37b887&#8243;][\/vc_column][\/mk_page_section][mk_page_section border_color=&#8221;#cccccc&#8221; padding_top=&#8221;30&#8243; padding_bottom=&#8221;30&#8243; sidebar=&#8221;sidebar-1&#8243;][vc_column][mk_padding_divider][mk_dropcaps style=&#8221;fancy-style&#8221; size=&#8221;40&#8243; padding=&#8221;15&#8243;]O[\/mk_dropcaps][vc_column_text css=&#8221;.vc_custom_1683305025057{margin-bottom: 0px !important;}&#8221;]s pain\u00e9is de informa\u00e7\u00e3o a LED s\u00e3o desde h\u00e1 muito uma pe\u00e7a cr\u00edtica na informa\u00e7\u00e3o aos condutores e na sinaliza\u00e7\u00e3o rodovi\u00e1ria em geral, constituindo um elemento essencial para o aumento quer da seguran\u00e7a quer da fluidez na circula\u00e7\u00e3o de tr\u00e1fego.<\/p>\n<p>A\u00a0Dynasys desenvolveu e fabrica uma variada gama de Pain\u00e9is de Informa\u00e7\u00e3o em tecnologia LED, para o segmento rodovi\u00e1rio, desde os cruz\/seta aos limitadores de velocidade, sinalizadores de escapat\u00f3ria (livre\/ocupado), passando pelos alfanum\u00e9ricos e de \u00e1rea din\u00e2micas, mono e poli crom\u00e1ticos.<\/p>\n<p>A gama de pain\u00e9is disponibilizada pela Dynasys \u00e9 no entanto mais larga do que a do seu pr\u00f3prio fabrico, garantida a partir de parcerias estabelecidas com fabricantes internacionais criteriosamente escrutinados que, por sua vez, v\u00eaem na Dynasys um aliado para o alargamento dos seus neg\u00f3cios.<\/p>\n<p>A Dynasys est\u00e1 tamb\u00e9m \u00e0 sua disposi\u00e7\u00e3o para avaliar necessidades de desenvolvimentos \u00e0 medida e aconselh\u00e1-lo sobre o caminho a seguir em cada situa\u00e7\u00e3o.[\/vc_column_text][mk_padding_divider][mk_button dimension=&#8221;two&#8221; size=&#8221;x-large&#8221; letter_spacing=&#8221;1&#8243; icon=&#8221;mk-li-mail&#8221; url=&#8221;https:\/\/www.dynasys.pt\/pt\/contactos\/&#8221; fullwidth=&#8221;true&#8221;]TEMOS A SOLU\u00c7\u00c3O CERTA PARA SI, CONTACTE-NOS![\/mk_button][mk_padding_divider][\/vc_column][\/mk_page_section]","protected":false},"excerpt":{"rendered":"<p>[mk_page_section bg_image=&#8221;http:\/\/dynasys.pt\/wp-content\/uploads\/2016\/02\/fundo3-2.jpg&#8221; attachment=&#8221;fixed&#8221; bg_position=&#8221;center center&#8221; bg_stretch=&#8221;true&#8221; video_color_mask=&#8221;rgba(10,10,10,0.11)&#8221; min_height=&#8221;0&#8243; full_width=&#8221;true&#8221; padding_top=&#8221;&#8221; padding_bottom=&#8221;30&#8243; sidebar=&#8221;sidebar-1&#8243;][vc_column][mk_gallery images=&#8221;784,364,2538&#8243; image_size=&#8221;Group Products&#8221; hover_scenarios=&#8221;slow_zoom&#8221; item_spacing=&#8221;0&#8243; margin_bottom=&#8221;0&#8243; orderby=&#8221;post__in&#8221; image_quality=&#8221;2&#8243; item_id=&#8221;1456761843-56d46bf37b887&#8243;][\/vc_column][\/mk_page_section][mk_page_section border_color=&#8221;#cccccc&#8221; padding_top=&#8221;30&#8243; padding_bottom=&#8221;30&#8243; sidebar=&#8221;sidebar-1&#8243;][vc_column][mk_padding_divider][mk_dropcaps style=&#8221;fancy-style&#8221; size=&#8221;40&#8243; padding=&#8221;15&#8243;]O[\/mk_dropcaps][vc_column_text css=&#8221;.vc_custom_1683305025057{margin-bottom: 0px !important;}&#8221;]s pain\u00e9is de informa\u00e7\u00e3o a LED s\u00e3o desde h\u00e1 muito uma pe\u00e7a cr\u00edtica na informa\u00e7\u00e3o aos condutores e na sinaliza\u00e7\u00e3o rodovi\u00e1ria em geral, constituindo um [&hellip;]<\/p>\n","protected":false},"author":3,"featured_media":0,"parent":503,"menu_order":1,"comment_status":"closed","ping_status":"closed","template":"","meta":{"footnotes":""},"class_list":["post-508","page","type-page","status-publish","hentry"],"_links":{"self":[{"href":"https:\/\/www.dynasys.pt\/pt\/wp-json\/wp\/v2\/pages\/508","targetHints":{"allow":["GET"]}}],"collection":[{"href":"https:\/\/www.dynasys.pt\/pt\/wp-json\/wp\/v2\/pages"}],"about":[{"href":"https:\/\/www.dynasys.pt\/pt\/wp-json\/wp\/v2\/types\/page"}],"author":[{"embeddable":true,"href":"https:\/\/www.dynasys.pt\/pt\/wp-json\/wp\/v2\/users\/3"}],"replies":[{"embeddable":true,"href":"https:\/\/www.dynasys.pt\/pt\/wp-json\/wp\/v2\/comments?post=508"}],"version-history":[{"count":16,"href":"https:\/\/www.dynasys.pt\/pt\/wp-json\/wp\/v2\/pages\/508\/revisions"}],"predecessor-version":[{"id":3395,"href":"https:\/\/www.dynasys.pt\/pt\/wp-json\/wp\/v2\/pages\/508\/revisions\/3395"}],"up":[{"embeddable":true,"href":"https:\/\/www.dynasys.pt\/pt\/wp-json\/wp\/v2\/pages\/503"}],"wp:attachment":[{"href":"https:\/\/www.dynasys.pt\/pt\/wp-json\/wp\/v2\/media?parent=508"}],"curies":[{"name":"wp","href":"https:\/\/api.w.org\/{rel}","templated":true}]}}