{"id":3514,"date":"2023-05-19T16:27:04","date_gmt":"2023-05-19T16:27:04","guid":{"rendered":"https:\/\/www.dynasys.pt\/?page_id=3514"},"modified":"2023-06-12T13:59:55","modified_gmt":"2023-06-12T13:59:55","slug":"germicida-portatil","status":"publish","type":"page","link":"https:\/\/www.dynasys.pt\/pt\/germicida-portatil\/","title":{"rendered":"Germicida Port\u00e1til UVC"},"content":{"rendered":"<div class=\"wpb-content-wrapper\">[mk_page_section bg_image=&#8221;https:\/\/www.dynasys.pt\/wp-content\/uploads\/2023\/05\/coronavirus-g7351c69ff_1280.jpg&#8221; bg_color=&#8221;#ffffff&#8221; attachment=&#8221;fixed&#8221; bg_position=&#8221;center center&#8221; bg_stretch=&#8221;true&#8221; bg_gradient=&#8221;radial&#8221; video_color_mask=&#8221;rgba(0,0,0,0)&#8221; gr_end=&#8221;rgba(0,0,0,0.4)&#8221; top_shadow=&#8221;true&#8221; min_height=&#8221;550&#8243; full_width=&#8221;true&#8221; padding_top=&#8221;0&#8243; padding_bottom=&#8221;0&#8243; sidebar=&#8221;sidebar-1&#8243;][vc_column][\/vc_column][\/mk_page_section][mk_page_section border_color=&#8221;#cccccc&#8221; padding_top=&#8221;30&#8243; padding_bottom=&#8221;30&#8243; sidebar=&#8221;sidebar-1&#8243;][vc_column][mk_padding_divider][mk_dropcaps style=&#8221;fancy-style&#8221; size=&#8221;40&#8243; padding=&#8221;15&#8243;]E[\/mk_dropcaps][vc_column_text el_class=&#8221;descr&#8221; css=&#8221;.vc_custom_1685957350443{margin-bottom: 0px !important;}&#8221;]quipamento port\u00e1til de desinfe\u00e7\u00e3o baseado em UVC, para desinfe\u00e7\u00e3o de todo o tipo de objetos como material inform\u00e1tico, ferramentas, instrumentos m\u00e9dicos, objetos met\u00e1licos, de vidro, de pl\u00e1stico, roupas e cal\u00e7ado, entre outros.<\/p>\n<p>Os raios UVC danificam o RNA e o DNA dos microrganismos, tornando as part\u00edculas virais invi\u00e1veis e tornando as bact\u00e9rias incapazes de se replicarem. Os UVC atuam em todas as partes expostas \u00e0 radia\u00e7\u00e3o, n\u00e3o atuando nas zonas n\u00e3o expostas (zonas sombra) e atuam proporcionalmente no caso de zonas de sombra parcial.<\/p>\n<p>Permite neutralizar mais de 99% das part\u00edculas virais (incluindo de SARS-CoV-2), bact\u00e9rias e outros microrganismos presentes nas superf\u00edcies dos objetos com uma simples passagem. Neutraliza tamb\u00e9m as part\u00edculas virais de SARS-CoV-2 presentes nos aeross\u00f3is existentes em espa\u00e7os como salas ou gabinetes &#8211; uma forma importante de transmiss\u00e3o do SARS-CoV-2.[\/vc_column_text][mk_padding_divider size=&#8221;15&#8243;][mk_gallery images=&#8221;3614,3610,3615,3616,3617&#8243; style=&#8221;style3&#8243; hover_scenarios=&#8221;slow_zoom&#8221; margin_bottom=&#8221;0&#8243; orderby=&#8221;post__in&#8221;][mk_padding_divider][vc_column_text css=&#8221;.vc_custom_1685957839480{margin-bottom: 0px !important;}&#8221;]O equipamento funciona com 230 Vac. Para ligar a l\u00e2mpada \u00e9 necess\u00e1rio premir um bot\u00e3o continuamente: Isto evita que a l\u00e2mpada fique acesa por esquecimento. No caso das salas e gabinetes aconselhamos a utiliza\u00e7\u00e3o de uma tomada el\u00e9trica remota, permitindo ligar e desligar o equipamento sem entrar na sala.<\/p>\n<p>A pessoa que opera o equipamento deve ter todas as partes expostas do corpo protegidas, caso contr\u00e1rio, corre risco de exposi\u00e7\u00e3o aos UVC via reflex\u00e3o ou por simples distra\u00e7\u00e3o. Este equipamento est\u00e1\u00a0conforme a Diretiva 2006\/25\/EC do Parlamento Europeu no que respeita \u00e0 exposi\u00e7\u00e3o das pessoas aos UVC.[\/vc_column_text][mk_padding_divider size=&#8221;20&#8243;][vc_row_inner][vc_column_inner width=&#8221;1\/3&#8243;][mk_custom_box padding_vertical=&#8221;80&#8243; margin_bottom=&#8221;0&#8243; min_height=&#8221;300&#8243; el_class=&#8221;col-vertical&#8221; bg_image=&#8221;https:\/\/www.dynasys.pt\/wp-content\/uploads\/2023\/05\/pexels-mathias-reding-11297769-scaled.jpg&#8221; background_hov_color_style=&#8221;image&#8221; border_color_style=&#8221;single_color&#8221; border_color=&#8221;#de5b1e&#8221; border_width=&#8221;4&#8243; overlay_color=&#8221;rgba(255,255,255,0.8)&#8221; bg_image_hov_effect=&#8221;blur&#8221; elevation_effect=&#8221;true&#8221; bg_stretch=&#8221;true&#8221;][mk_font_icons icon=&#8221;mk-icon-building&#8221; color=&#8221;#de5b1e&#8221; size=&#8221;x-large&#8221; align=&#8221;center&#8221;][mk_fancy_title strip_tags=&#8221;true&#8221; tag_name=&#8221;h6&#8243; color=&#8221;#404040&#8243; size=&#8221;20&#8243; font_weight=&#8221;bold&#8221; txt_transform=&#8221;uppercase&#8221; margin_bottom=&#8221;0&#8243; font_family=&#8221;none&#8221; align=&#8221;center&#8221;]Lojas[\/mk_fancy_title][\/mk_custom_box][\/vc_column_inner][vc_column_inner width=&#8221;1\/3&#8243;][mk_custom_box padding_vertical=&#8221;80&#8243; margin_bottom=&#8221;0&#8243; min_height=&#8221;300&#8243; el_class=&#8221;col-vertical&#8221; bg_image=&#8221;https:\/\/www.dynasys.pt\/wp-content\/uploads\/2023\/05\/chairs-gbf78d432c_1280.jpg&#8221; background_hov_color_style=&#8221;image&#8221; border_color_style=&#8221;single_color&#8221; border_color=&#8221;#de5b1e&#8221; border_width=&#8221;4&#8243; overlay_color=&#8221;rgba(255,255,255,0.8)&#8221; bg_image_hov_effect=&#8221;blur&#8221; elevation_effect=&#8221;true&#8221; bg_stretch=&#8221;true&#8221;][mk_font_icons icon=&#8221;mk-moon-factory&#8221; color=&#8221;#de5b1e&#8221; size=&#8221;x-large&#8221; align=&#8221;center&#8221;][mk_fancy_title strip_tags=&#8221;true&#8221; tag_name=&#8221;h6&#8243; color=&#8221;#404040&#8243; size=&#8221;20&#8243; font_weight=&#8221;bold&#8221; txt_transform=&#8221;uppercase&#8221; margin_bottom=&#8221;0&#8243; font_family=&#8221;none&#8221; align=&#8221;center&#8221;]Escrit\u00f3rios e Servi\u00e7os[\/mk_fancy_title][\/mk_custom_box][\/vc_column_inner][vc_column_inner width=&#8221;1\/3&#8243;][mk_custom_box padding_vertical=&#8221;80&#8243; margin_bottom=&#8221;0&#8243; min_height=&#8221;300&#8243; el_class=&#8221;col-vertical&#8221; bg_image=&#8221;https:\/\/www.dynasys.pt\/wp-content\/uploads\/2023\/05\/kansai-university-gdf49ec70b_1280.jpg&#8221; background_hov_color_style=&#8221;image&#8221; border_color_style=&#8221;single_color&#8221; border_color=&#8221;#de5b1e&#8221; border_width=&#8221;4&#8243; overlay_color=&#8221;rgba(255,255,255,0.8)&#8221; bg_image_hov_effect=&#8221;blur&#8221; elevation_effect=&#8221;true&#8221; bg_stretch=&#8221;true&#8221;][mk_font_icons icon=&#8221;mk-moon-books&#8221; color=&#8221;#de5b1e&#8221; size=&#8221;x-large&#8221; align=&#8221;center&#8221;][mk_fancy_title strip_tags=&#8221;true&#8221; tag_name=&#8221;h6&#8243; color=&#8221;#404040&#8243; size=&#8221;20&#8243; font_weight=&#8221;bold&#8221; txt_transform=&#8221;uppercase&#8221; margin_bottom=&#8221;0&#8243; font_family=&#8221;none&#8221; align=&#8221;center&#8221;]Escolas[\/mk_fancy_title][\/mk_custom_box][\/vc_column_inner][\/vc_row_inner][mk_padding_divider size=&#8221;60&#8243;][mk_button dimension=&#8221;two&#8221; size=&#8221;x-large&#8221; letter_spacing=&#8221;1&#8243; icon=&#8221;mk-icon-external-link-square&#8221; url=&#8221;https:\/\/covid19.dynasys.pt\/&#8221; target=&#8221;_blank&#8221; fullwidth=&#8221;true&#8221;]PARA MAIS INFORMA\u00c7\u00d5ES, CONSULTE O NOSSO SITE DE SOLU\u00c7\u00d5ES GERMICIDAS[\/mk_button][mk_padding_divider size=&#8221;60&#8243;][\/vc_column][\/mk_page_section]\n<\/div>","protected":false},"excerpt":{"rendered":"<p>[mk_page_section bg_image=&#8221;https:\/\/www.dynasys.pt\/wp-content\/uploads\/2023\/05\/coronavirus-g7351c69ff_1280.jpg&#8221; bg_color=&#8221;#ffffff&#8221; attachment=&#8221;fixed&#8221; bg_position=&#8221;center center&#8221; bg_stretch=&#8221;true&#8221; bg_gradient=&#8221;radial&#8221; video_color_mask=&#8221;rgba(0,0,0,0)&#8221; gr_end=&#8221;rgba(0,0,0,0.4)&#8221; top_shadow=&#8221;true&#8221; min_height=&#8221;550&#8243; full_width=&#8221;true&#8221; padding_top=&#8221;0&#8243; padding_bottom=&#8221;0&#8243; sidebar=&#8221;sidebar-1&#8243;][vc_column][\/vc_column][\/mk_page_section][mk_page_section border_color=&#8221;#cccccc&#8221; padding_top=&#8221;30&#8243; padding_bottom=&#8221;30&#8243; sidebar=&#8221;sidebar-1&#8243;][vc_column][mk_padding_divider][mk_dropcaps style=&#8221;fancy-style&#8221; size=&#8221;40&#8243; padding=&#8221;15&#8243;]E[\/mk_dropcaps][vc_column_text el_class=&#8221;descr&#8221; css=&#8221;.vc_custom_1685957350443{margin-bottom: 0px !important;}&#8221;]quipamento port\u00e1til de desinfe\u00e7\u00e3o baseado em UVC, para desinfe\u00e7\u00e3o de todo o tipo de objetos como material inform\u00e1tico, ferramentas, instrumentos m\u00e9dicos, objetos met\u00e1licos, de vidro, de pl\u00e1stico, roupas e [&hellip;]<\/p>\n","protected":false},"author":3,"featured_media":0,"parent":0,"menu_order":0,"comment_status":"closed","ping_status":"closed","template":"","meta":{"footnotes":""},"class_list":["post-3514","page","type-page","status-publish","hentry"],"_links":{"self":[{"href":"https:\/\/www.dynasys.pt\/pt\/wp-json\/wp\/v2\/pages\/3514","targetHints":{"allow":["GET"]}}],"collection":[{"href":"https:\/\/www.dynasys.pt\/pt\/wp-json\/wp\/v2\/pages"}],"about":[{"href":"https:\/\/www.dynasys.pt\/pt\/wp-json\/wp\/v2\/types\/page"}],"author":[{"embeddable":true,"href":"https:\/\/www.dynasys.pt\/pt\/wp-json\/wp\/v2\/users\/3"}],"replies":[{"embeddable":true,"href":"https:\/\/www.dynasys.pt\/pt\/wp-json\/wp\/v2\/comments?post=3514"}],"version-history":[{"count":9,"href":"https:\/\/www.dynasys.pt\/pt\/wp-json\/wp\/v2\/pages\/3514\/revisions"}],"predecessor-version":[{"id":3656,"href":"https:\/\/www.dynasys.pt\/pt\/wp-json\/wp\/v2\/pages\/3514\/revisions\/3656"}],"wp:attachment":[{"href":"https:\/\/www.dynasys.pt\/pt\/wp-json\/wp\/v2\/media?parent=3514"}],"curies":[{"name":"wp","href":"https:\/\/api.w.org\/{rel}","templated":true}]}}