{"id":3511,"date":"2023-05-19T16:25:20","date_gmt":"2023-05-19T16:25:20","guid":{"rendered":"https:\/\/www.dynasys.pt\/?page_id=3511"},"modified":"2023-06-12T12:00:55","modified_gmt":"2023-06-12T12:00:55","slug":"novirbox","status":"publish","type":"page","link":"https:\/\/www.dynasys.pt\/pt\/novirbox\/","title":{"rendered":"NovirBox"},"content":{"rendered":"[mk_page_section bg_color=&#8221;#f7f7f7&#8243; border_color=&#8221;#ededed&#8221; padding_top=&#8221;25&#8243; padding_bottom=&#8221;25&#8243; sidebar=&#8221;sidebar-1&#8243;][vc_column][mk_image src=&#8221;https:\/\/www.dynasys.pt\/wp-content\/uploads\/2023\/05\/logo-1-novirbox-03.png&#8221; image_size=&#8221;Logos&#8221;][mk_fancy_title tag_name=&#8221;h6&#8243; color=&#8221;#747378&#8243; size=&#8221;16&#8243; txt_transform=&#8221;uppercase&#8221; font_family=&#8221;none&#8221;]Arm\u00e1rio Biocida[\/mk_fancy_title][\/vc_column][\/mk_page_section][mk_page_section bg_image=&#8221;https:\/\/www.dynasys.pt\/wp-content\/uploads\/2023\/05\/5e7cfd_dda80621bfb64a39a882767c3.jpg&#8221; bg_color=&#8221;#ffffff&#8221; attachment=&#8221;fixed&#8221; bg_position=&#8221;center top&#8221; bg_stretch=&#8221;true&#8221; bg_gradient=&#8221;radial&#8221; video_color_mask=&#8221;rgba(0,0,0,0)&#8221; gr_end=&#8221;rgba(0,0,0,0.4)&#8221; top_shadow=&#8221;true&#8221; min_height=&#8221;550&#8243; full_width=&#8221;true&#8221; padding_top=&#8221;0&#8243; padding_bottom=&#8221;0&#8243; sidebar=&#8221;sidebar-1&#8243;][vc_column][\/vc_column][\/mk_page_section][mk_page_section border_color=&#8221;#cccccc&#8221; padding_top=&#8221;30&#8243; padding_bottom=&#8221;30&#8243; sidebar=&#8221;sidebar-1&#8243;][vc_column][mk_padding_divider][mk_dropcaps style=&#8221;fancy-style&#8221; size=&#8221;40&#8243; padding=&#8221;15&#8243;]O[\/mk_dropcaps][vc_column_text el_class=&#8221;descr&#8221; css=&#8221;.vc_custom_1685626823109{margin-bottom: 0px !important;}&#8221;]arm\u00e1rio funciona com base em dispositivos piezoel\u00e9tricos que nebulizam biocidas \u00e0 base de compostos quatern\u00e1rios de am\u00f3nio produzidos por um parceiro. Estes compostos s\u00e3o surfactantes cati\u00f3nicos altamente t\u00f3xicos contra microrganismos (fungos, bact\u00e9rias e v\u00edrus), mas n\u00e3o-t\u00f3xicos para o ser humano.<\/p>\n<p>Foram efetuados v\u00e1rios testes de nebuliza\u00e7\u00e3o em tecidos, toalhas dobradas e em cal\u00e7ado pelos servi\u00e7os de Cole\u00e7\u00e3o de Culturas de Bact\u00e9rias da Universidade de Coimbra (UCCCB), que concluiram que com uma nebuliza\u00e7\u00e3o de alguns minutos \u00e9 poss\u00edvel alcan\u00e7ar uma taxa de redu\u00e7\u00e3o de at\u00e9 99,99% (4log) dos bacteri\u00f3fagos (V\u00edrus), 100% da <em>Staphylococcus aureus<\/em>, 99,96%<em> da Escherichia coli<\/em> e 99,98% dos End\u00f3sporos indicadores (Bacillus atropheus indicador para esteriliza\u00e7\u00e3o qu\u00edmica). A desinfe\u00e7\u00e3o \u00e9 realizada mesmo no interior das pe\u00e7as.<\/p>\n<p>Por sua vez, o Citeve (Centro Tecnol\u00f3gico das Ind\u00fastrias T\u00eaxtil e do Vestu\u00e1rio) testou a a\u00e7\u00e3o da nebuliza\u00e7\u00e3o nos tecidos quanto \u00e0 resist\u00eancia \u00e0 rotura, ao alongamento \u00e0 rotura, \u00e0 estabilidade dimensional e \u00e0 avalia\u00e7\u00e3o colorim\u00e9trica, tendo concluido que n\u00e3o houve altera\u00e7\u00f5es.<\/p>\n<p>Podemos concluir, desta forma, que o NovirBox \u00e9 eficaz, atuando num largo espectro de microrganismos incluindo v\u00edrus e bact\u00e9rias.[\/vc_column_text][mk_padding_divider size=&#8221;15&#8243;][mk_image src=&#8221;https:\/\/www.dynasys.pt\/wp-content\/uploads\/2023\/05\/5e7cfd_819a0b80e4cf4bc6a0032afb7.jpg&#8221; image_width=&#8221;1200&#8243; image_height=&#8221;400&#8243; margin_bottom=&#8221;8&#8243;][mk_gallery images=&#8221;3558,3559,3561,3562,3563&#8243; style=&#8221;style3&#8243; hover_scenarios=&#8221;slow_zoom&#8221; margin_bottom=&#8221;0&#8243;][mk_padding_divider][vc_column_text el_class=&#8221;descr&#8221; css=&#8221;.vc_custom_1685958481579{margin-bottom: 0px !important;}&#8221;]O Sistema \u00e9 constitu\u00eddo pelo arm\u00e1rio de desinfe\u00e7\u00e3o, onde se registam as pe\u00e7as desinfetadas e tamb\u00e9m por um leitor de c\u00f3digo de barras (terminal de m\u00e3o), onde se registam as pe\u00e7as entregues (por exemplo, roupa a ser experimentada nos vesti\u00e1rios), e onde se podem caracterizar as pessoas que recebem as pe\u00e7as. O sistema possui um software para o arm\u00e1rio, software para o terminal de m\u00e3o, software de gest\u00e3o, software de suporte e uma API para integra\u00e7\u00e3o por exemplo com um ERP.[\/vc_column_text][mk_custom_list style=&#8221;mk-icon-angle-double-right&#8221;]\n<ul>\n<li><span class=\"brz-cp-color2\">Arm\u00e1rio em chapa zincor, com espessura de 2mm, com P<\/span><span class=\"brz-cp-color2\">intura eletrost\u00e1tica e Porta em\u00a0<\/span><span class=\"brz-cp-color2\">Policarbonato<\/span><\/li>\n<li><span class=\"brz-cp-color2\">Nebulizadores Ultrass\u00f3nicos (Piezoel\u00e9tricos)<\/span><\/li>\n<li>Desumidificador<\/li>\n<li>Aquecedor<\/li>\n<li>Filtro de Carv\u00e3o ativado<\/li>\n<li>Monitor t\u00e1til de 7&#8243;<\/li>\n<li>Leitor de C\u00f3digo de Barras<\/li>\n<li>Var\u00e3o para pedurar cabides e Prateleiras (4)<\/li>\n<li><span class=\"brz-cp-color2\">Dimens\u00f5es exteriores: 810 x 810 x 1850 (mm)<\/span><\/li>\n<li><span class=\"brz-cp-color2\">Dimens\u00f5es interiores: 620 x 620 x 1500 (mm)<\/span><\/li>\n<\/ul>\n[\/mk_custom_list][mk_padding_divider size=&#8221;15&#8243;][mk_button dimension=&#8221;two&#8221; size=&#8221;x-large&#8221; letter_spacing=&#8221;1&#8243; icon=&#8221;mk-icon-external-link-square&#8221; url=&#8221;https:\/\/covid19.dynasys.pt\/&#8221; target=&#8221;_blank&#8221; fullwidth=&#8221;true&#8221;]PARA MAIS INFORMA\u00c7\u00d5ES, CONSULTE O NOSSO SITE DE SOLU\u00c7\u00d5ES GERMICIDAS[\/mk_button][mk_button dimension=&#8221;two&#8221; size=&#8221;x-large&#8221; letter_spacing=&#8221;1&#8243; icon=&#8221;mk-icon-external-link-square&#8221; url=&#8221;https:\/\/www.novirbox.tech\/&#8221; target=&#8221;_blank&#8221; fullwidth=&#8221;true&#8221; bg_color=&#8221;#e7f251&#8243; text_color=&#8221;dark&#8221;]P\u00c1GINA COMERCIAL DO PRODUTO[\/mk_button][mk_padding_divider size=&#8221;20&#8243;][\/vc_column][\/mk_page_section]","protected":false},"excerpt":{"rendered":"<p>[mk_page_section bg_color=&#8221;#f7f7f7&#8243; border_color=&#8221;#ededed&#8221; padding_top=&#8221;25&#8243; padding_bottom=&#8221;25&#8243; sidebar=&#8221;sidebar-1&#8243;][vc_column][mk_image src=&#8221;https:\/\/www.dynasys.pt\/wp-content\/uploads\/2023\/05\/logo-1-novirbox-03.png&#8221; image_size=&#8221;Logos&#8221;][mk_fancy_title tag_name=&#8221;h6&#8243; color=&#8221;#747378&#8243; size=&#8221;16&#8243; txt_transform=&#8221;uppercase&#8221; font_family=&#8221;none&#8221;]Arm\u00e1rio Biocida[\/mk_fancy_title][\/vc_column][\/mk_page_section][mk_page_section bg_image=&#8221;https:\/\/www.dynasys.pt\/wp-content\/uploads\/2023\/05\/5e7cfd_dda80621bfb64a39a882767c3.jpg&#8221; bg_color=&#8221;#ffffff&#8221; attachment=&#8221;fixed&#8221; bg_position=&#8221;center top&#8221; bg_stretch=&#8221;true&#8221; bg_gradient=&#8221;radial&#8221; video_color_mask=&#8221;rgba(0,0,0,0)&#8221; gr_end=&#8221;rgba(0,0,0,0.4)&#8221; top_shadow=&#8221;true&#8221; min_height=&#8221;550&#8243; full_width=&#8221;true&#8221; padding_top=&#8221;0&#8243; padding_bottom=&#8221;0&#8243; sidebar=&#8221;sidebar-1&#8243;][vc_column][\/vc_column][\/mk_page_section][mk_page_section border_color=&#8221;#cccccc&#8221; padding_top=&#8221;30&#8243; padding_bottom=&#8221;30&#8243; sidebar=&#8221;sidebar-1&#8243;][vc_column][mk_padding_divider][mk_dropcaps style=&#8221;fancy-style&#8221; size=&#8221;40&#8243; padding=&#8221;15&#8243;]O[\/mk_dropcaps][vc_column_text el_class=&#8221;descr&#8221; css=&#8221;.vc_custom_1685626823109{margin-bottom: 0px !important;}&#8221;]arm\u00e1rio funciona com base em dispositivos piezoel\u00e9tricos que nebulizam biocidas \u00e0 base de compostos quatern\u00e1rios de [&hellip;]<\/p>\n","protected":false},"author":3,"featured_media":0,"parent":0,"menu_order":0,"comment_status":"closed","ping_status":"closed","template":"","meta":{"footnotes":""},"class_list":["post-3511","page","type-page","status-publish","hentry"],"_links":{"self":[{"href":"https:\/\/www.dynasys.pt\/pt\/wp-json\/wp\/v2\/pages\/3511","targetHints":{"allow":["GET"]}}],"collection":[{"href":"https:\/\/www.dynasys.pt\/pt\/wp-json\/wp\/v2\/pages"}],"about":[{"href":"https:\/\/www.dynasys.pt\/pt\/wp-json\/wp\/v2\/types\/page"}],"author":[{"embeddable":true,"href":"https:\/\/www.dynasys.pt\/pt\/wp-json\/wp\/v2\/users\/3"}],"replies":[{"embeddable":true,"href":"https:\/\/www.dynasys.pt\/pt\/wp-json\/wp\/v2\/comments?post=3511"}],"version-history":[{"count":15,"href":"https:\/\/www.dynasys.pt\/pt\/wp-json\/wp\/v2\/pages\/3511\/revisions"}],"predecessor-version":[{"id":3649,"href":"https:\/\/www.dynasys.pt\/pt\/wp-json\/wp\/v2\/pages\/3511\/revisions\/3649"}],"wp:attachment":[{"href":"https:\/\/www.dynasys.pt\/pt\/wp-json\/wp\/v2\/media?parent=3511"}],"curies":[{"name":"wp","href":"https:\/\/api.w.org\/{rel}","templated":true}]}}