{"id":3507,"date":"2023-05-19T16:23:12","date_gmt":"2023-05-19T16:23:12","guid":{"rendered":"https:\/\/www.dynasys.pt\/?page_id=3507"},"modified":"2023-06-12T13:48:04","modified_gmt":"2023-06-12T13:48:04","slug":"cleancloset","status":"publish","type":"page","link":"https:\/\/www.dynasys.pt\/pt\/cleancloset\/","title":{"rendered":"CleanCloset"},"content":{"rendered":"<div class=\"wpb-content-wrapper\">[mk_page_section bg_color=&#8221;#f7f7f7&#8243; border_color=&#8221;#ededed&#8221; js_vertical_centered=&#8221;true&#8221; padding_top=&#8221;25&#8243; padding_bottom=&#8221;25&#8243; sidebar=&#8221;sidebar-1&#8243;][vc_column][mk_image src=&#8221;https:\/\/www.dynasys.pt\/wp-content\/uploads\/2023\/05\/cleancloset-logo.png&#8221; image_size=&#8221;Logos&#8221;][mk_fancy_title tag_name=&#8221;h6&#8243; color=&#8221;#747378&#8243; size=&#8221;16&#8243; txt_transform=&#8221;uppercase&#8221; margin_bottom=&#8221;0&#8243; font_family=&#8221;none&#8221;]Arm\u00e1rio Germicida[\/mk_fancy_title][\/vc_column][\/mk_page_section][mk_page_section bg_image=&#8221;https:\/\/www.dynasys.pt\/wp-content\/uploads\/2023\/05\/coronavirus-g7351c69ff_1280.jpg&#8221; bg_color=&#8221;#ffffff&#8221; attachment=&#8221;fixed&#8221; bg_position=&#8221;center center&#8221; bg_stretch=&#8221;true&#8221; bg_gradient=&#8221;radial&#8221; video_color_mask=&#8221;rgba(0,0,0,0)&#8221; gr_end=&#8221;rgba(0,0,0,0.4)&#8221; top_shadow=&#8221;true&#8221; min_height=&#8221;550&#8243; full_width=&#8221;true&#8221; padding_top=&#8221;0&#8243; padding_bottom=&#8221;0&#8243; sidebar=&#8221;sidebar-1&#8243;][vc_column][\/vc_column][\/mk_page_section][mk_page_section border_color=&#8221;#cccccc&#8221; padding_top=&#8221;30&#8243; padding_bottom=&#8221;30&#8243; sidebar=&#8221;sidebar-1&#8243;][vc_column][mk_padding_divider][mk_dropcaps style=&#8221;fancy-style&#8221; size=&#8221;40&#8243; padding=&#8221;15&#8243;]E[\/mk_dropcaps][vc_column_text el_class=&#8221;descr&#8221; css=&#8221;.vc_custom_1685957319179{margin-bottom: 0px !important;}&#8221;]quipamento de desinfe\u00e7\u00e3o baseado em UVC, para desinfe\u00e7\u00e3o de todo o tipo de objetos como material inform\u00e1tico, ferramentas, instrumentos m\u00e9dicos, objetos met\u00e1licos, de vidro, de pl\u00e1stico, roupas e cal\u00e7ado, entre outros. Aplic\u00e1vel a todo o tipo de Lojas, Escrit\u00f3rios, Ind\u00fastria, edif\u00edcios de Ensino e de Sa\u00fade.<\/p>\n<p>Os raios UVC danificam o RNA e o DNA dos microrganismos, tornando as part\u00edculas virais invi\u00e1veis e tornando as bact\u00e9rias incapazes de se replicarem. Os UVC atuam em todas as partes expostas \u00e0 radia\u00e7\u00e3o, n\u00e3o atuando nas zonas n\u00e3o expostas (zonas sombra) e atuam proporcionalmente no caso de zonas de sombra parcial.<\/p>\n<p>Permite neutralizar mais de 99,95% das part\u00edculas virais (incluindo de SARS-CoV-2), bact\u00e9rias e outros microrganismos presentes nas superf\u00edcies dos objetos, tendo a atividade antiviral, relativa ao SARS-CoV-2, sido verificada pelo Instituto de Medicina Molecular (Lisboa, Portugal).[\/vc_column_text][mk_padding_divider size=&#8221;15&#8243;][mk_gallery images=&#8221;3585,3581,3580,3583,3584&#8243; style=&#8221;style3&#8243; hover_scenarios=&#8221;slow_zoom&#8221; margin_bottom=&#8221;0&#8243; orderby=&#8221;post__in&#8221;][mk_padding_divider][vc_column_text css=&#8221;.vc_custom_1685627696878{margin-bottom: 0px !important;}&#8221;]O Sistema \u00e9 constitu\u00eddo pelo arm\u00e1rio de desinfe\u00e7\u00e3o, onde se registam as pe\u00e7as desinfetadas e tamb\u00e9m por um leitor de c\u00f3digo de barras (terminal de m\u00e3o), onde se registam as pe\u00e7as entregues (por exemplo, roupa a ser experimentada nos vesti\u00e1rios), e onde se podem caracterizar as pessoas que recebem as pe\u00e7as. O sistema possui um software para o arm\u00e1rio, software para o terminal de m\u00e3o, software de gest\u00e3o, software de suporte e uma API para integra\u00e7\u00e3o por exemplo com um ERP.<\/p>\n<p>O Arm\u00e1rio disp\u00f5e de 4 l\u00e2mpadas de 36W de 1200 mm colocadas nos 4 v\u00e9rtices do arm\u00e1rio. Todo o interior do arm\u00e1rio, bem como as armaduras das l\u00e2mpadas, s\u00e3o espelhados de forma a aumentar a pot\u00eancia incidente nos objetos a desinfetar e tamb\u00e9m a reduzir as zonas sombra. O arm\u00e1rio possui um sistema de seguran\u00e7a que impede o funcionamento das l\u00e2mpadas no caso da porta estar aberta.[\/vc_column_text][mk_custom_list style=&#8221;mk-icon-angle-double-right&#8221;]\n<ul>\n<li><span class=\"brz-cp-color2\">Arm\u00e1rio em chapa zincor, com espessura de 2mm, com P<\/span><span class=\"brz-cp-color2\">intura eletrost\u00e1tica e Porta em\u00a0<\/span><span class=\"brz-cp-color2\">Policarbonato<\/span><\/li>\n<li>UVC: 4 l\u00e2mpadas UVC de 36W (1200mm)<\/li>\n<li>Motor de Rota\u00e7\u00e3o para a Fixa\u00e7\u00e3o de um Cabide<\/li>\n<li>Prateleiras Amov\u00edveis (4)<\/li>\n<li>Monitor t\u00e1til de 7&#8243;<\/li>\n<li>Leitor de C\u00f3digo de Barras<\/li>\n<li>Sinalizador de Funcionamento<\/li>\n<li>Bot\u00e3o de Paragem de Emerg\u00eancia<\/li>\n<li>Dimens\u00f5es exteriores: 810 x 810 x 1850 (mm)<\/li>\n<li><span class=\"brz-cp-color2\">Dimens\u00f5es interiores: 620 x 620 x 1500 (mm)<\/span><\/li>\n<\/ul>\n[\/mk_custom_list][mk_padding_divider size=&#8221;20&#8243;][vc_row_inner][vc_column_inner width=&#8221;1\/3&#8243;][mk_custom_box padding_vertical=&#8221;80&#8243; margin_bottom=&#8221;0&#8243; min_height=&#8221;300&#8243; el_class=&#8221;col-vertical&#8221; bg_image=&#8221;https:\/\/www.dynasys.pt\/wp-content\/uploads\/2023\/05\/pexels-mathias-reding-11297769-scaled.jpg&#8221; background_hov_color_style=&#8221;image&#8221; border_color_style=&#8221;single_color&#8221; border_color=&#8221;#de5b1e&#8221; border_width=&#8221;4&#8243; overlay_color=&#8221;rgba(255,255,255,0.8)&#8221; bg_image_hov_effect=&#8221;blur&#8221; elevation_effect=&#8221;true&#8221; bg_stretch=&#8221;true&#8221;][mk_font_icons icon=&#8221;mk-icon-building&#8221; color=&#8221;#de5b1e&#8221; size=&#8221;x-large&#8221; align=&#8221;center&#8221;][mk_fancy_title strip_tags=&#8221;true&#8221; tag_name=&#8221;h6&#8243; color=&#8221;#404040&#8243; size=&#8221;20&#8243; font_weight=&#8221;bold&#8221; txt_transform=&#8221;uppercase&#8221; margin_bottom=&#8221;0&#8243; font_family=&#8221;none&#8221; align=&#8221;center&#8221;]Lojas[\/mk_fancy_title][\/mk_custom_box][\/vc_column_inner][vc_column_inner width=&#8221;1\/3&#8243;][mk_custom_box padding_vertical=&#8221;80&#8243; margin_bottom=&#8221;0&#8243; min_height=&#8221;300&#8243; el_class=&#8221;col-vertical&#8221; bg_image=&#8221;https:\/\/www.dynasys.pt\/wp-content\/uploads\/2023\/05\/chairs-gbf78d432c_1280.jpg&#8221; background_hov_color_style=&#8221;image&#8221; border_color_style=&#8221;single_color&#8221; border_color=&#8221;#de5b1e&#8221; border_width=&#8221;4&#8243; overlay_color=&#8221;rgba(255,255,255,0.8)&#8221; bg_image_hov_effect=&#8221;blur&#8221; elevation_effect=&#8221;true&#8221; bg_stretch=&#8221;true&#8221;][mk_font_icons icon=&#8221;mk-moon-factory&#8221; color=&#8221;#de5b1e&#8221; size=&#8221;x-large&#8221; align=&#8221;center&#8221;][mk_fancy_title strip_tags=&#8221;true&#8221; tag_name=&#8221;h6&#8243; color=&#8221;#404040&#8243; size=&#8221;20&#8243; font_weight=&#8221;bold&#8221; txt_transform=&#8221;uppercase&#8221; margin_bottom=&#8221;0&#8243; font_family=&#8221;none&#8221; align=&#8221;center&#8221;]Escrit\u00f3rios e Servi\u00e7os[\/mk_fancy_title][\/mk_custom_box][\/vc_column_inner][vc_column_inner width=&#8221;1\/3&#8243;][mk_custom_box padding_vertical=&#8221;80&#8243; margin_bottom=&#8221;0&#8243; min_height=&#8221;300&#8243; el_class=&#8221;col-vertical&#8221; bg_image=&#8221;https:\/\/www.dynasys.pt\/wp-content\/uploads\/2023\/05\/kansai-university-gdf49ec70b_1280.jpg&#8221; background_hov_color_style=&#8221;image&#8221; border_color_style=&#8221;single_color&#8221; border_color=&#8221;#de5b1e&#8221; border_width=&#8221;4&#8243; overlay_color=&#8221;rgba(255,255,255,0.8)&#8221; bg_image_hov_effect=&#8221;blur&#8221; elevation_effect=&#8221;true&#8221; bg_stretch=&#8221;true&#8221;][mk_font_icons icon=&#8221;mk-moon-books&#8221; color=&#8221;#de5b1e&#8221; size=&#8221;x-large&#8221; align=&#8221;center&#8221;][mk_fancy_title strip_tags=&#8221;true&#8221; tag_name=&#8221;h6&#8243; color=&#8221;#404040&#8243; size=&#8221;20&#8243; font_weight=&#8221;bold&#8221; txt_transform=&#8221;uppercase&#8221; margin_bottom=&#8221;0&#8243; font_family=&#8221;none&#8221; align=&#8221;center&#8221;]Escolas[\/mk_fancy_title][\/mk_custom_box][\/vc_column_inner][\/vc_row_inner][mk_padding_divider size=&#8221;60&#8243;][mk_button dimension=&#8221;two&#8221; size=&#8221;x-large&#8221; letter_spacing=&#8221;1&#8243; icon=&#8221;mk-icon-external-link-square&#8221; url=&#8221;https:\/\/covid19.dynasys.pt\/&#8221; target=&#8221;_blank&#8221; fullwidth=&#8221;true&#8221;]PARA MAIS INFORMA\u00c7\u00d5ES, CONSULTE O NOSSO SITE DE SOLU\u00c7\u00d5ES GERMICIDAS[\/mk_button][mk_padding_divider size=&#8221;60&#8243;][\/vc_column][\/mk_page_section]\n<\/div>","protected":false},"excerpt":{"rendered":"<p>[mk_page_section bg_color=&#8221;#f7f7f7&#8243; border_color=&#8221;#ededed&#8221; js_vertical_centered=&#8221;true&#8221; padding_top=&#8221;25&#8243; padding_bottom=&#8221;25&#8243; sidebar=&#8221;sidebar-1&#8243;][vc_column][mk_image src=&#8221;https:\/\/www.dynasys.pt\/wp-content\/uploads\/2023\/05\/cleancloset-logo.png&#8221; image_size=&#8221;Logos&#8221;][mk_fancy_title tag_name=&#8221;h6&#8243; color=&#8221;#747378&#8243; size=&#8221;16&#8243; txt_transform=&#8221;uppercase&#8221; margin_bottom=&#8221;0&#8243; font_family=&#8221;none&#8221;]Arm\u00e1rio Germicida[\/mk_fancy_title][\/vc_column][\/mk_page_section][mk_page_section bg_image=&#8221;https:\/\/www.dynasys.pt\/wp-content\/uploads\/2023\/05\/coronavirus-g7351c69ff_1280.jpg&#8221; bg_color=&#8221;#ffffff&#8221; attachment=&#8221;fixed&#8221; bg_position=&#8221;center center&#8221; bg_stretch=&#8221;true&#8221; bg_gradient=&#8221;radial&#8221; video_color_mask=&#8221;rgba(0,0,0,0)&#8221; gr_end=&#8221;rgba(0,0,0,0.4)&#8221; top_shadow=&#8221;true&#8221; min_height=&#8221;550&#8243; full_width=&#8221;true&#8221; padding_top=&#8221;0&#8243; padding_bottom=&#8221;0&#8243; sidebar=&#8221;sidebar-1&#8243;][vc_column][\/vc_column][\/mk_page_section][mk_page_section border_color=&#8221;#cccccc&#8221; padding_top=&#8221;30&#8243; padding_bottom=&#8221;30&#8243; sidebar=&#8221;sidebar-1&#8243;][vc_column][mk_padding_divider][mk_dropcaps style=&#8221;fancy-style&#8221; size=&#8221;40&#8243; padding=&#8221;15&#8243;]E[\/mk_dropcaps][vc_column_text el_class=&#8221;descr&#8221; css=&#8221;.vc_custom_1685957319179{margin-bottom: 0px !important;}&#8221;]quipamento de desinfe\u00e7\u00e3o baseado em UVC, para desinfe\u00e7\u00e3o de todo o tipo de objetos [&hellip;]<\/p>\n","protected":false},"author":3,"featured_media":0,"parent":0,"menu_order":0,"comment_status":"closed","ping_status":"closed","template":"","meta":{"footnotes":""},"class_list":["post-3507","page","type-page","status-publish","hentry"],"_links":{"self":[{"href":"https:\/\/www.dynasys.pt\/pt\/wp-json\/wp\/v2\/pages\/3507","targetHints":{"allow":["GET"]}}],"collection":[{"href":"https:\/\/www.dynasys.pt\/pt\/wp-json\/wp\/v2\/pages"}],"about":[{"href":"https:\/\/www.dynasys.pt\/pt\/wp-json\/wp\/v2\/types\/page"}],"author":[{"embeddable":true,"href":"https:\/\/www.dynasys.pt\/pt\/wp-json\/wp\/v2\/users\/3"}],"replies":[{"embeddable":true,"href":"https:\/\/www.dynasys.pt\/pt\/wp-json\/wp\/v2\/comments?post=3507"}],"version-history":[{"count":20,"href":"https:\/\/www.dynasys.pt\/pt\/wp-json\/wp\/v2\/pages\/3507\/revisions"}],"predecessor-version":[{"id":3654,"href":"https:\/\/www.dynasys.pt\/pt\/wp-json\/wp\/v2\/pages\/3507\/revisions\/3654"}],"wp:attachment":[{"href":"https:\/\/www.dynasys.pt\/pt\/wp-json\/wp\/v2\/media?parent=3507"}],"curies":[{"name":"wp","href":"https:\/\/api.w.org\/{rel}","templated":true}]}}