{"id":3505,"date":"2023-05-19T16:22:21","date_gmt":"2023-05-19T16:22:21","guid":{"rendered":"https:\/\/www.dynasys.pt\/?page_id=3505"},"modified":"2023-06-12T11:44:48","modified_gmt":"2023-06-12T11:44:48","slug":"vitalprovid","status":"publish","type":"page","link":"https:\/\/www.dynasys.pt\/pt\/vitalprovid\/","title":{"rendered":"VitalProvid"},"content":{"rendered":"[mk_page_section bg_color=&#8221;#f7f7f7&#8243; border_color=&#8221;#ededed&#8221; js_vertical_centered=&#8221;true&#8221; padding_top=&#8221;25&#8243; padding_bottom=&#8221;25&#8243; sidebar=&#8221;sidebar-1&#8243;][vc_column][mk_image src=&#8221;https:\/\/www.dynasys.pt\/wp-content\/uploads\/2023\/06\/vital.png&#8221; image_size=&#8221;full&#8221; margin_bottom=&#8221;0&#8243;][\/vc_column][\/mk_page_section][mk_page_section vertical_align=&#8221;center&#8221; bg_color=&#8221;#ffffff&#8221; attachment=&#8221;fixed&#8221; bg_position=&#8221;center center&#8221; bg_stretch=&#8221;true&#8221; bg_gradient=&#8221;radial&#8221; video_color_mask=&#8221;rgba(0,0,0,0)&#8221; gr_end=&#8221;rgba(0,0,0,0.4)&#8221; top_shadow=&#8221;true&#8221; min_height=&#8221;0&#8243; padding_top=&#8221;30&#8243; padding_bottom=&#8221;30&#8243; sidebar=&#8221;sidebar-1&#8243;][vc_column][mk_image src=&#8221;https:\/\/www.dynasys.pt\/wp-content\/uploads\/2023\/06\/loggerone1_transparent.png&#8221; image_size=&#8221;Solo Product&#8221; align=&#8221;center&#8221; margin_bottom=&#8221;0&#8243;][\/vc_column][\/mk_page_section][mk_page_section border_color=&#8221;#cccccc&#8221; padding_top=&#8221;30&#8243; padding_bottom=&#8221;30&#8243; sidebar=&#8221;sidebar-1&#8243;][vc_column][mk_padding_divider][mk_dropcaps style=&#8221;fancy-style&#8221; size=&#8221;40&#8243; padding=&#8221;15&#8243;]V[\/mk_dropcaps][vc_column_text el_class=&#8221;descr&#8221; css=&#8221;.vc_custom_1686565986288{margin-bottom: 0px !important;}&#8221;]italProvid \u00e9 um sistema moderno e tecnologicamente avan\u00e7ado, constitu\u00eddo por um equipamento de registo de sinais vitais (LoggerOne) e um kit de cabos, para recolha de dados ECG (de uma, cinco e doze leads), Expans\u00e3o Pulmonar (a partir dos el\u00e9trodos RA (Bra\u00e7o Direito) e LA (Bra\u00e7o Esquerdo), tamb\u00e9m utilizados para o ECG), SpO\u00b2 (colocado num dedo ou numa orelha) e Temperatura da Pele (com um cabo dedicado para o efeito).<\/p>\n<p>O LoggerOne adquire e filtra sinais vitais, dados de in\u00e9rcia e estima os n\u00edveis de SpO\u00b2, registando a totalidade dos dados num cart\u00e3o de mem\u00f3ria Micro SD, que podem ser posteriormente recuperados. Este registador inclui ainda sensores inerciais (Aceler\u00f3metro, Magnet\u00f3metro e Girosc\u00f3pio), com o objetivo principal de verificar os movimentos do paciente durante o exame, mas que tamb\u00e9m podem ser utilizados para detetar Atividades de Vida Di\u00e1ria (ADL) e quedas relativas a Cuidados de Idosos. Os algoritmos do registador incluem a fus\u00e3o de dados do sensor de movimento (Euler). Tem uma autonomia m\u00e9dia de 48h em Exame ativo.<\/p>\n<p>O Sistema VitalProvid tamb\u00e9m inclui uma Aplica\u00e7\u00e3o Gateway para dispositivos m\u00f3veis Android, com a qual o LoggerOne comunica atrav\u00e9s do protocolo Bluetooth, transferindo os dados recolhidos para um Backoffice na Cloud, para posterior tratamento e an\u00e1lise remota.[\/vc_column_text][mk_padding_divider][mk_image src=&#8221;https:\/\/www.dynasys.pt\/wp-content\/uploads\/2023\/06\/vital-esquema.png&#8221; image_size=&#8221;Solo Product&#8221; align=&#8221;center&#8221; margin_bottom=&#8221;0&#8243;][mk_padding_divider size=&#8221;60&#8243;][mk_button dimension=&#8221;two&#8221; size=&#8221;x-large&#8221; letter_spacing=&#8221;1&#8243; icon=&#8221;mk-icon-external-link-square&#8221; url=&#8221;https:\/\/vitalprovid.dynasys.pt\/&#8221; target=&#8221;_blank&#8221; fullwidth=&#8221;true&#8221;]PARA MAIS INFORMA\u00c7\u00d5ES, CONSULTE O NOSSO SITE DO PROJETO[\/mk_button][mk_padding_divider size=&#8221;20&#8243;][\/vc_column][\/mk_page_section]","protected":false},"excerpt":{"rendered":"<p>[mk_page_section bg_color=&#8221;#f7f7f7&#8243; border_color=&#8221;#ededed&#8221; js_vertical_centered=&#8221;true&#8221; padding_top=&#8221;25&#8243; padding_bottom=&#8221;25&#8243; sidebar=&#8221;sidebar-1&#8243;][vc_column][mk_image src=&#8221;https:\/\/www.dynasys.pt\/wp-content\/uploads\/2023\/06\/vital.png&#8221; image_size=&#8221;full&#8221; margin_bottom=&#8221;0&#8243;][\/vc_column][\/mk_page_section][mk_page_section vertical_align=&#8221;center&#8221; bg_color=&#8221;#ffffff&#8221; attachment=&#8221;fixed&#8221; bg_position=&#8221;center center&#8221; bg_stretch=&#8221;true&#8221; bg_gradient=&#8221;radial&#8221; video_color_mask=&#8221;rgba(0,0,0,0)&#8221; gr_end=&#8221;rgba(0,0,0,0.4)&#8221; top_shadow=&#8221;true&#8221; min_height=&#8221;0&#8243; padding_top=&#8221;30&#8243; padding_bottom=&#8221;30&#8243; sidebar=&#8221;sidebar-1&#8243;][vc_column][mk_image src=&#8221;https:\/\/www.dynasys.pt\/wp-content\/uploads\/2023\/06\/loggerone1_transparent.png&#8221; image_size=&#8221;Solo Product&#8221; align=&#8221;center&#8221; margin_bottom=&#8221;0&#8243;][\/vc_column][\/mk_page_section][mk_page_section border_color=&#8221;#cccccc&#8221; padding_top=&#8221;30&#8243; padding_bottom=&#8221;30&#8243; sidebar=&#8221;sidebar-1&#8243;][vc_column][mk_padding_divider][mk_dropcaps style=&#8221;fancy-style&#8221; size=&#8221;40&#8243; padding=&#8221;15&#8243;]V[\/mk_dropcaps][vc_column_text el_class=&#8221;descr&#8221; css=&#8221;.vc_custom_1686565986288{margin-bottom: 0px !important;}&#8221;]italProvid \u00e9 um sistema moderno e tecnologicamente avan\u00e7ado, constitu\u00eddo por um equipamento de registo de sinais [&hellip;]<\/p>\n","protected":false},"author":3,"featured_media":0,"parent":0,"menu_order":0,"comment_status":"closed","ping_status":"closed","template":"","meta":{"footnotes":""},"class_list":["post-3505","page","type-page","status-publish","hentry"],"_links":{"self":[{"href":"https:\/\/www.dynasys.pt\/pt\/wp-json\/wp\/v2\/pages\/3505","targetHints":{"allow":["GET"]}}],"collection":[{"href":"https:\/\/www.dynasys.pt\/pt\/wp-json\/wp\/v2\/pages"}],"about":[{"href":"https:\/\/www.dynasys.pt\/pt\/wp-json\/wp\/v2\/types\/page"}],"author":[{"embeddable":true,"href":"https:\/\/www.dynasys.pt\/pt\/wp-json\/wp\/v2\/users\/3"}],"replies":[{"embeddable":true,"href":"https:\/\/www.dynasys.pt\/pt\/wp-json\/wp\/v2\/comments?post=3505"}],"version-history":[{"count":10,"href":"https:\/\/www.dynasys.pt\/pt\/wp-json\/wp\/v2\/pages\/3505\/revisions"}],"predecessor-version":[{"id":3645,"href":"https:\/\/www.dynasys.pt\/pt\/wp-json\/wp\/v2\/pages\/3505\/revisions\/3645"}],"wp:attachment":[{"href":"https:\/\/www.dynasys.pt\/pt\/wp-json\/wp\/v2\/media?parent=3505"}],"curies":[{"name":"wp","href":"https:\/\/api.w.org\/{rel}","templated":true}]}}