{"id":3493,"date":"2023-05-19T11:24:19","date_gmt":"2023-05-19T11:24:19","guid":{"rendered":"https:\/\/www.dynasys.pt\/?page_id=3493"},"modified":"2023-06-12T10:56:08","modified_gmt":"2023-06-12T10:56:08","slug":"lisa","status":"publish","type":"page","link":"https:\/\/www.dynasys.pt\/pt\/lisa\/","title":{"rendered":"LISA"},"content":{"rendered":"<div class=\"wpb-content-wrapper\">[mk_page_section bg_color=&#8221;#f7f7f7&#8243; border_color=&#8221;#ededed&#8221; padding_top=&#8221;25&#8243; padding_bottom=&#8221;25&#8243; sidebar=&#8221;sidebar-1&#8243;][vc_column][mk_image src=&#8221;https:\/\/www.dynasys.pt\/wp-content\/uploads\/2023\/05\/logo9.png&#8221; image_size=&#8221;Logos&#8221;][mk_fancy_title tag_name=&#8221;h6&#8243; color=&#8221;#747378&#8243; size=&#8221;16&#8243; txt_transform=&#8221;uppercase&#8221; font_family=&#8221;none&#8221;]Dispositivo IoT Multisensor[\/mk_fancy_title][\/vc_column][\/mk_page_section][mk_page_section bg_color=&#8221;#ffffff&#8221; attachment=&#8221;fixed&#8221; bg_position=&#8221;center center&#8221; bg_stretch=&#8221;true&#8221; bg_gradient=&#8221;radial&#8221; video_color_mask=&#8221;rgba(0,0,0,0)&#8221; gr_end=&#8221;rgba(0,0,0,0.4)&#8221; top_shadow=&#8221;true&#8221; min_height=&#8221;0&#8243; full_width=&#8221;true&#8221; padding_top=&#8221;30&#8243; padding_bottom=&#8221;30&#8243; sidebar=&#8221;sidebar-1&#8243;][vc_column][mk_image src=&#8221;https:\/\/www.dynasys.pt\/wp-content\/uploads\/2023\/05\/lisa-1.png&#8221; image_size=&#8221;Solo Product&#8221; align=&#8221;center&#8221; margin_bottom=&#8221;0&#8243;][\/vc_column][\/mk_page_section][mk_page_section border_color=&#8221;#cccccc&#8221; padding_top=&#8221;30&#8243; padding_bottom=&#8221;30&#8243; sidebar=&#8221;sidebar-1&#8243;][vc_column][mk_padding_divider][mk_dropcaps style=&#8221;fancy-style&#8221; size=&#8221;40&#8243; padding=&#8221;15&#8243;]O[\/mk_dropcaps][vc_column_text el_class=&#8221;descr&#8221; css=&#8221;.vc_custom_1686566944428{margin-bottom: 0px !important;}&#8221;]\n<p class=\"brz-css-iavbf\" data-generated-css=\"brz-css-utjgh\" data-uniq-id=\"jwpyp\">LISA \u00e9 um dispositivo IoT multisensor com aplica\u00e7\u00f5es em \u00e1reas como a An\u00e1lise da Qualidade do Ar Interior, Gest\u00e3o da Ocupa\u00e7\u00e3o, Healthy Building, Efici\u00eancia Energ\u00e9tica e Intrus\u00e3o.<\/p>\n<p class=\"brz-css-snxkj\" data-generated-css=\"brz-css-qmyef\" data-uniq-id=\"mydsg\">Inclui sensores de CO\u00b2, Temperatura, Humidade Relativa, Luz Ambiente, Movimento, Ru\u00eddo e G\u00e1s\/Fumo, que coletam e transmitem dados pela internet para sistemas de controle e an\u00e1lise.<\/p>\n<p data-generated-css=\"brz-css-qmyef\" data-uniq-id=\"mydsg\">O LISA \u00e9 um exemplo de como a IoT pode ser usada para trazer benef\u00edcios para pessoas e empresas que buscam mais conforto, economia e sustentabilidade.<\/p>\n[\/vc_column_text][mk_custom_list style=&#8221;mk-icon-angle-double-right&#8221;]\n<ul>\n<li>An\u00e1lise da Qualidade do Ambiente Interior \u2013 CO\u00b2, CO, Propano, i-Butano, H\u00b2, Metano, LPG, \u00c1lcool, Fumo, Temperatura, Humidade Relativa<\/li>\n<li>Produtividade e transmissibilidade de agentes patog\u00e9nicos \u2013 A Temperatura e a Humidade Relativa influenciam a produtividade e afetam a transmissibilidade de agentes patog\u00e9nicos<\/li>\n<li>Gest\u00e3o de Ocupa\u00e7\u00e3o \u2013 O \u00edndice de CO\u00b2 \u00e9 proporcional ao n\u00famero de pessoas presentes num espa\u00e7o e ao tempo que essas pessoas permanecem neste. O sensor de CO\u00b2 funciona como um indicador de ocupa\u00e7\u00e3o e da qualidade da ventila\u00e7\u00e3o de um espa\u00e7o. O LISA inclui sensores de movimento e de ru\u00eddo que complementam a informa\u00e7\u00e3o<\/li>\n<li>Healthy Building \u2013 O LISA disponibiliza indicadores de bem estar em termos de sa\u00fade (CO\u00b2, T, RH, G\u00e1s e fumo), conforto e produtividade (T, RH, ru\u00eddo e luz) e seguran\u00e7a (G\u00e1s e Fumo)<\/li>\n<li>Intrus\u00e3o \u2013 A Gest\u00e3o da Ocupa\u00e7\u00e3o pode detetar a presen\u00e7a de pessoas em espa\u00e7os onde esta n\u00e3o deveria ocorrer (CO\u00b2, Movimento e Ru\u00eddo)<\/li>\n<li>Efici\u00eancia Energ\u00e9tica \u2013 O Sensor de Luz deteta luzes acesas fora das horas de trabalho e, com a gest\u00e3o de ocupa\u00e7\u00e3o, nos espa\u00e7os sem ocupa\u00e7\u00e3o<\/li>\n<\/ul>\n[\/mk_custom_list][mk_fancy_title color=&#8221;#de5b1e&#8221; size=&#8221;22&#8243; font_weight=&#8221;900&#8243; txt_transform=&#8221;uppercase&#8221; letter_spacing=&#8221;6&#8243; margin_top=&#8221;40&#8243; font_family=&#8221;none&#8221;]Caracter\u00edsticas T\u00e9cnicas[\/mk_fancy_title][mk_custom_list style=&#8221;mk-icon-angle-double-right&#8221;]\n<ul>\n<li>CO\u00b2 \u2013 Tecnologia NDIR; Mede de 0 a 40.000 ppm; precis\u00e3o: \u00b1 (30ppm + 3%); Tempo de resposta: 20s<\/li>\n<li>Humidade Relativa \u2013 Mede de 0% a 100%; precis\u00e3o: \u00b1 (3%); Tempo de resposta: 8s<\/li>\n<li>Temperatura \u2013 Mede de -40\u00ba a +70\u00ba; Precis\u00e3o: \u00b1 (0.4\u00b0C + 0.023 \u00d7 (T [\u00b0C] \u2013 25\u00b0C)); Tempo de resposta maior que 10s<\/li>\n<li>Luz Ambiente \u2013Mede de 0 a 120.000 Lux; Resolu\u00e7\u00e3o: 0,0036Lux;<\/li>\n<li>G\u00e1s\/Fumo \u2013 CO, Propano, i-Butano, H2, Metano, LPG, \u00c1lcool e Fumo. Mede de 300 a 1000 ppm<\/li>\n<li>Ru\u00eddo \u2013 Baseado num microfone miniatura. Permite medir o ru\u00eddo ambiente<\/li>\n<li>Movimento \u2013 Radar de Micro-ondas. Deteta Movimento<\/li>\n<li>Comunica\u00e7\u00f5es \u2013 WiFi e LoRa. Protocolos MQTT e HTTPS<\/li>\n<li>Alimenta\u00e7\u00e3o \u2013 Tomada USB Micro-B<\/li>\n<li>Dimens\u00f5es: 70mm x 70mm x 27mm (LxPxA)<\/li>\n<li>Opcional: Suporte mec\u00e2nico para fixa\u00e7\u00e3o do LISA e de um HotSpot<\/li>\n<\/ul>\n[\/mk_custom_list][mk_padding_divider][vc_row_inner][vc_column_inner width=&#8221;1\/3&#8243;][mk_custom_box padding_vertical=&#8221;80&#8243; margin_bottom=&#8221;0&#8243; min_height=&#8221;300&#8243; el_class=&#8221;col-vertical&#8221; bg_image=&#8221;https:\/\/www.dynasys.pt\/wp-content\/uploads\/2023\/05\/chairs-gbf78d432c_1280.jpg&#8221; background_hov_color_style=&#8221;image&#8221; border_color_style=&#8221;single_color&#8221; border_color=&#8221;#de5b1e&#8221; border_width=&#8221;4&#8243; overlay_color=&#8221;rgba(255,255,255,0.8)&#8221; bg_image_hov_effect=&#8221;blur&#8221; elevation_effect=&#8221;true&#8221; bg_stretch=&#8221;true&#8221;][mk_font_icons icon=&#8221;mk-icon-building&#8221; color=&#8221;#de5b1e&#8221; size=&#8221;x-large&#8221; align=&#8221;center&#8221;][mk_fancy_title strip_tags=&#8221;true&#8221; tag_name=&#8221;h6&#8243; color=&#8221;#404040&#8243; size=&#8221;20&#8243; font_weight=&#8221;bold&#8221; txt_transform=&#8221;uppercase&#8221; margin_bottom=&#8221;0&#8243; font_family=&#8221;none&#8221; align=&#8221;center&#8221;]Escrit\u00f3rios e Servi\u00e7os[\/mk_fancy_title][\/mk_custom_box][\/vc_column_inner][vc_column_inner width=&#8221;1\/3&#8243;][mk_custom_box padding_vertical=&#8221;80&#8243; margin_bottom=&#8221;0&#8243; min_height=&#8221;300&#8243; el_class=&#8221;col-vertical&#8221; bg_image=&#8221;https:\/\/www.dynasys.pt\/wp-content\/uploads\/2023\/05\/worker-g66d17f987_1280.jpg&#8221; background_hov_color_style=&#8221;image&#8221; border_color_style=&#8221;single_color&#8221; border_color=&#8221;#de5b1e&#8221; border_width=&#8221;4&#8243; overlay_color=&#8221;rgba(255,255,255,0.8)&#8221; bg_image_hov_effect=&#8221;blur&#8221; elevation_effect=&#8221;true&#8221; bg_stretch=&#8221;true&#8221;][mk_font_icons icon=&#8221;mk-moon-factory&#8221; color=&#8221;#de5b1e&#8221; size=&#8221;x-large&#8221; align=&#8221;center&#8221;][mk_fancy_title strip_tags=&#8221;true&#8221; tag_name=&#8221;h6&#8243; color=&#8221;#404040&#8243; size=&#8221;20&#8243; font_weight=&#8221;bold&#8221; txt_transform=&#8221;uppercase&#8221; margin_bottom=&#8221;0&#8243; font_family=&#8221;none&#8221; align=&#8221;center&#8221;]Ind\u00fastrias[\/mk_fancy_title][\/mk_custom_box][\/vc_column_inner][vc_column_inner width=&#8221;1\/3&#8243;][mk_custom_box padding_vertical=&#8221;80&#8243; margin_bottom=&#8221;0&#8243; min_height=&#8221;300&#8243; el_class=&#8221;col-vertical&#8221; bg_image=&#8221;https:\/\/www.dynasys.pt\/wp-content\/uploads\/2023\/05\/kansai-university-gdf49ec70b_1280.jpg&#8221; background_hov_color_style=&#8221;image&#8221; border_color_style=&#8221;single_color&#8221; border_color=&#8221;#de5b1e&#8221; border_width=&#8221;4&#8243; overlay_color=&#8221;rgba(255,255,255,0.8)&#8221; bg_image_hov_effect=&#8221;blur&#8221; elevation_effect=&#8221;true&#8221; bg_stretch=&#8221;true&#8221;][mk_font_icons icon=&#8221;mk-moon-books&#8221; color=&#8221;#de5b1e&#8221; size=&#8221;x-large&#8221; align=&#8221;center&#8221;][mk_fancy_title strip_tags=&#8221;true&#8221; tag_name=&#8221;h6&#8243; color=&#8221;#404040&#8243; size=&#8221;20&#8243; font_weight=&#8221;bold&#8221; txt_transform=&#8221;uppercase&#8221; margin_bottom=&#8221;0&#8243; font_family=&#8221;none&#8221; align=&#8221;center&#8221;]Escolas[\/mk_fancy_title][\/mk_custom_box][\/vc_column_inner][\/vc_row_inner][mk_padding_divider size=&#8221;60&#8243;][mk_button dimension=&#8221;two&#8221; size=&#8221;x-large&#8221; letter_spacing=&#8221;1&#8243; icon=&#8221;mk-icon-external-link-square&#8221; url=&#8221;https:\/\/covid19.dynasys.pt\/&#8221; target=&#8221;_blank&#8221; fullwidth=&#8221;true&#8221;]PARA MAIS INFORMA\u00c7\u00d5ES, CONSULTE O NOSSO SITE DE SOLU\u00c7\u00d5ES GERMICIDAS[\/mk_button][mk_padding_divider size=&#8221;60&#8243;][\/vc_column][\/mk_page_section]\n<\/div>","protected":false},"excerpt":{"rendered":"<p>[mk_page_section bg_color=&#8221;#f7f7f7&#8243; border_color=&#8221;#ededed&#8221; padding_top=&#8221;25&#8243; padding_bottom=&#8221;25&#8243; sidebar=&#8221;sidebar-1&#8243;][vc_column][mk_image src=&#8221;https:\/\/www.dynasys.pt\/wp-content\/uploads\/2023\/05\/logo9.png&#8221; image_size=&#8221;Logos&#8221;][mk_fancy_title tag_name=&#8221;h6&#8243; color=&#8221;#747378&#8243; size=&#8221;16&#8243; txt_transform=&#8221;uppercase&#8221; font_family=&#8221;none&#8221;]Dispositivo IoT Multisensor[\/mk_fancy_title][\/vc_column][\/mk_page_section][mk_page_section bg_color=&#8221;#ffffff&#8221; attachment=&#8221;fixed&#8221; bg_position=&#8221;center center&#8221; bg_stretch=&#8221;true&#8221; bg_gradient=&#8221;radial&#8221; video_color_mask=&#8221;rgba(0,0,0,0)&#8221; gr_end=&#8221;rgba(0,0,0,0.4)&#8221; top_shadow=&#8221;true&#8221; min_height=&#8221;0&#8243; full_width=&#8221;true&#8221; padding_top=&#8221;30&#8243; padding_bottom=&#8221;30&#8243; sidebar=&#8221;sidebar-1&#8243;][vc_column][mk_image src=&#8221;https:\/\/www.dynasys.pt\/wp-content\/uploads\/2023\/05\/lisa-1.png&#8221; image_size=&#8221;Solo Product&#8221; align=&#8221;center&#8221; margin_bottom=&#8221;0&#8243;][\/vc_column][\/mk_page_section][mk_page_section border_color=&#8221;#cccccc&#8221; padding_top=&#8221;30&#8243; padding_bottom=&#8221;30&#8243; sidebar=&#8221;sidebar-1&#8243;][vc_column][mk_padding_divider][mk_dropcaps style=&#8221;fancy-style&#8221; size=&#8221;40&#8243; padding=&#8221;15&#8243;]O[\/mk_dropcaps][vc_column_text el_class=&#8221;descr&#8221; css=&#8221;.vc_custom_1686566944428{margin-bottom: 0px !important;}&#8221;] LISA \u00e9 um dispositivo IoT multisensor com aplica\u00e7\u00f5es em \u00e1reas [&hellip;]<\/p>\n","protected":false},"author":3,"featured_media":0,"parent":0,"menu_order":0,"comment_status":"closed","ping_status":"closed","template":"","meta":{"footnotes":""},"class_list":["post-3493","page","type-page","status-publish","hentry"],"_links":{"self":[{"href":"https:\/\/www.dynasys.pt\/pt\/wp-json\/wp\/v2\/pages\/3493","targetHints":{"allow":["GET"]}}],"collection":[{"href":"https:\/\/www.dynasys.pt\/pt\/wp-json\/wp\/v2\/pages"}],"about":[{"href":"https:\/\/www.dynasys.pt\/pt\/wp-json\/wp\/v2\/types\/page"}],"author":[{"embeddable":true,"href":"https:\/\/www.dynasys.pt\/pt\/wp-json\/wp\/v2\/users\/3"}],"replies":[{"embeddable":true,"href":"https:\/\/www.dynasys.pt\/pt\/wp-json\/wp\/v2\/comments?post=3493"}],"version-history":[{"count":18,"href":"https:\/\/www.dynasys.pt\/pt\/wp-json\/wp\/v2\/pages\/3493\/revisions"}],"predecessor-version":[{"id":3643,"href":"https:\/\/www.dynasys.pt\/pt\/wp-json\/wp\/v2\/pages\/3493\/revisions\/3643"}],"wp:attachment":[{"href":"https:\/\/www.dynasys.pt\/pt\/wp-json\/wp\/v2\/media?parent=3493"}],"curies":[{"name":"wp","href":"https:\/\/api.w.org\/{rel}","templated":true}]}}