{"id":3314,"date":"2023-05-11T09:37:48","date_gmt":"2023-05-11T09:37:48","guid":{"rendered":"https:\/\/www.dynasys.pt\/?page_id=3314"},"modified":"2023-05-26T12:06:00","modified_gmt":"2023-05-26T12:06:00","slug":"frontpage-2","status":"publish","type":"page","link":"https:\/\/www.dynasys.pt\/pt\/","title":{"rendered":"Frontpage 2"},"content":{"rendered":"[mk_page_section bg_color=&#8221;#f7f7f7&#8243; attachment=&#8221;fixed&#8221; bg_position=&#8221;center center&#8221; min_height=&#8221;0&#8243; js_vertical_centered=&#8221;true&#8221; padding_top=&#8221;15&#8243; padding_bottom=&#8221;15&#8243; sidebar=&#8221;sidebar-1&#8243;][vc_column][mk_image src=&#8221;https:\/\/www.dynasys.pt\/wp-content\/uploads\/2023\/05\/lisboa2020.png&#8221; image_size=&#8221;2020&#8243; link=&#8221;https:\/\/www.dynasys.pt\/pt\/portugal-2020\/&#8221; align=&#8221;right&#8221; margin_bottom=&#8221;0&#8243;][\/vc_column][\/mk_page_section][mk_page_section top_shadow=&#8221;true&#8221; full_width=&#8221;true&#8221; full_height=&#8221;true&#8221; padding_top=&#8221;0&#8243; padding_bottom=&#8221;0&#8243; sidebar=&#8221;sidebar-1&#8243;][vc_column][mk_edge_slider swiper_bg=&#8221;#000000&#8243; parallax=&#8221;true&#8221; orderby=&#8221;post__in&#8221; height=&#8221;600&#8243; animation_effect=&#8221;fade&#8221; direction_nav=&#8221;slit&#8221; skip_arrow=&#8221;false&#8221; el_class=&#8221;sliderfrontpage&#8221; slides=&#8221;3137, 3190, 3370&#8243;][\/vc_column][\/mk_page_section][mk_page_section][vc_column][mk_padding_divider size=&#8221;60&#8243;][mk_fancy_title color=&#8221;#000000&#8243; size=&#8221;18&#8243; line_height=&#8221;80&#8243; txt_transform=&#8221;uppercase&#8221; letter_spacing=&#8221;10&#8243; margin_bottom=&#8221;0&#8243; font_family=&#8221;none&#8221; align=&#8221;center&#8221;]Mais de 30 anos de[\/mk_fancy_title][mk_fancy_title size=&#8221;39&#8243; line_height=&#8221;80&#8243; font_weight=&#8221;900&#8243; txt_transform=&#8221;uppercase&#8221; letter_spacing=&#8221;10&#8243; margin_top=&#8221;-10&#8243; margin_bottom=&#8221;0&#8243; font_family=&#8221;none&#8221; align=&#8221;center&#8221;]Experi\u00eancia[\/mk_fancy_title][mk_padding_divider size=&#8221;30&#8243;][vc_column_text align=&#8221;center&#8221; css=&#8221;.vc_custom_1683834007931{margin-bottom: 0px !important;}&#8221;]Desenvolvemos a nossa actividade no \u00e2mbito do projecto de engenharia electr\u00f3nica e de telecomunica\u00e7\u00f5es, com capacidade de fabrico de equipamentos, instala\u00e7\u00e3o, integra\u00e7\u00e3o e manuten\u00e7\u00e3o de sistemas no \u00e2mbito das TIC. Acompanhando permanentemente a evolu\u00e7\u00e3o das tecnologias de base, a Dynasys responde de forma atualizada a um espectro muito alargado de desafios, colocando \u00e0 disposi\u00e7\u00e3o do mercado a sua experi\u00eancia global no desenvolvimento e produ\u00e7\u00e3o de equipamentos de base eletr\u00f3nica, ao encontro das especifica\u00e7\u00f5es e caracter\u00edsticas exigidas pelos Clientes.[\/vc_column_text][mk_padding_divider size=&#8221;50&#8243;][\/vc_column][\/mk_page_section][mk_page_section bg_image=&#8221;https:\/\/www.dynasys.pt\/wp-content\/uploads\/2023\/04\/img_0286.jpeg&#8221; bg_color=&#8221;#1d263c&#8221; attachment=&#8221;fixed&#8221; bg_position=&#8221;right center&#8221; bg_stretch=&#8221;true&#8221; video_mask=&#8221;true&#8221; video_color_mask=&#8221;#1d263c&#8221; video_opacity=&#8221;0.8&#8243; top_shadow=&#8221;true&#8221; min_height=&#8221;300&#8243; padding_top=&#8221;60&#8243; padding_bottom=&#8221;60&#8243; sidebar=&#8221;sidebar-1&#8243;][vc_column][vc_video link=&#8221;https:\/\/www.youtube.com\/watch?v=T4gUsJeUm88&#8243;][\/vc_column][\/mk_page_section][mk_page_section full_width=&#8221;true&#8221; padding_top=&#8221;0&#8243; padding_bottom=&#8221;0&#8243; sidebar=&#8221;sidebar-1&#8243;][vc_column][mk_padding_divider size=&#8221;60&#8243;][mk_fancy_title size=&#8221;18&#8243; font_weight=&#8221;bolder&#8221; txt_transform=&#8221;uppercase&#8221; letter_spacing=&#8221;4&#8243; margin_bottom=&#8221;0&#8243; font_family=&#8221;none&#8221; align=&#8221;center&#8221;]Acompanhe-nos nas nossas redes sociais:[\/mk_fancy_title][mk_social_networks size=&#8221;x-large&#8221; style=&#8221;square-pointed&#8221; border_color=&#8221;#de5b1e&#8221; bg_hover_color=&#8221;#de5b1e&#8221; icon_color=&#8221;#de5b1e&#8221; icon_hover_color=&#8221;#ffffff&#8221; align=&#8221;center&#8221; linkedin=&#8221;https:\/\/www.linkedin.com\/company\/dynasys&#8212;engenharia-e-telecomunica%C3%A7%C3%B5es-s.a.\/&#8221; youtube=&#8221;https:\/\/www.youtube.com\/@dynasyspt&#8221;][mk_padding_divider size=&#8221;50&#8243;][mk_blog style=&#8221;spotlight&#8221; column=&#8221;4&#8243; image_size=&#8221;large&#8221; post_count=&#8221;4&#8243; pagination=&#8221;false&#8221; image_quality=&#8221;2&#8243; count=&#8221;3&#8243; item_id=&#8221;1456772901-56d497250e452&#8243;][\/vc_column][\/mk_page_section]","protected":false},"excerpt":{"rendered":"<p>[mk_page_section bg_color=&#8221;#f7f7f7&#8243; attachment=&#8221;fixed&#8221; bg_position=&#8221;center center&#8221; min_height=&#8221;0&#8243; js_vertical_centered=&#8221;true&#8221; padding_top=&#8221;15&#8243; padding_bottom=&#8221;15&#8243; sidebar=&#8221;sidebar-1&#8243;][vc_column][mk_image src=&#8221;https:\/\/www.dynasys.pt\/wp-content\/uploads\/2023\/05\/lisboa2020.png&#8221; image_size=&#8221;2020&#8243; link=&#8221;https:\/\/www.dynasys.pt\/pt\/portugal-2020\/&#8221; align=&#8221;right&#8221; margin_bottom=&#8221;0&#8243;][\/vc_column][\/mk_page_section][mk_page_section top_shadow=&#8221;true&#8221; full_width=&#8221;true&#8221; full_height=&#8221;true&#8221; padding_top=&#8221;0&#8243; padding_bottom=&#8221;0&#8243; sidebar=&#8221;sidebar-1&#8243;][vc_column][mk_edge_slider swiper_bg=&#8221;#000000&#8243; parallax=&#8221;true&#8221; orderby=&#8221;post__in&#8221; height=&#8221;600&#8243; animation_effect=&#8221;fade&#8221; direction_nav=&#8221;slit&#8221; skip_arrow=&#8221;false&#8221; el_class=&#8221;sliderfrontpage&#8221; slides=&#8221;3137, 3190, 3370&#8243;][\/vc_column][\/mk_page_section][mk_page_section][vc_column][mk_padding_divider size=&#8221;60&#8243;][mk_fancy_title color=&#8221;#000000&#8243; size=&#8221;18&#8243; line_height=&#8221;80&#8243; txt_transform=&#8221;uppercase&#8221; letter_spacing=&#8221;10&#8243; margin_bottom=&#8221;0&#8243; font_family=&#8221;none&#8221; align=&#8221;center&#8221;]Mais de 30 anos de[\/mk_fancy_title][mk_fancy_title size=&#8221;39&#8243; line_height=&#8221;80&#8243; font_weight=&#8221;900&#8243; txt_transform=&#8221;uppercase&#8221; letter_spacing=&#8221;10&#8243; margin_top=&#8221;-10&#8243; margin_bottom=&#8221;0&#8243; font_family=&#8221;none&#8221; align=&#8221;center&#8221;]Experi\u00eancia[\/mk_fancy_title][mk_padding_divider size=&#8221;30&#8243;][vc_column_text [&hellip;]<\/p>\n","protected":false},"author":3,"featured_media":0,"parent":0,"menu_order":0,"comment_status":"closed","ping_status":"closed","template":"","meta":{"footnotes":""},"class_list":["post-3314","page","type-page","status-publish","hentry"],"_links":{"self":[{"href":"https:\/\/www.dynasys.pt\/pt\/wp-json\/wp\/v2\/pages\/3314","targetHints":{"allow":["GET"]}}],"collection":[{"href":"https:\/\/www.dynasys.pt\/pt\/wp-json\/wp\/v2\/pages"}],"about":[{"href":"https:\/\/www.dynasys.pt\/pt\/wp-json\/wp\/v2\/types\/page"}],"author":[{"embeddable":true,"href":"https:\/\/www.dynasys.pt\/pt\/wp-json\/wp\/v2\/users\/3"}],"replies":[{"embeddable":true,"href":"https:\/\/www.dynasys.pt\/pt\/wp-json\/wp\/v2\/comments?post=3314"}],"version-history":[{"count":20,"href":"https:\/\/www.dynasys.pt\/pt\/wp-json\/wp\/v2\/pages\/3314\/revisions"}],"predecessor-version":[{"id":3570,"href":"https:\/\/www.dynasys.pt\/pt\/wp-json\/wp\/v2\/pages\/3314\/revisions\/3570"}],"wp:attachment":[{"href":"https:\/\/www.dynasys.pt\/pt\/wp-json\/wp\/v2\/media?parent=3314"}],"curies":[{"name":"wp","href":"https:\/\/api.w.org\/{rel}","templated":true}]}}