{"id":2631,"date":"2020-11-25T15:40:11","date_gmt":"2020-11-25T15:40:11","guid":{"rendered":"http:\/\/dynasys.pt\/?page_id=2631"},"modified":"2023-06-12T10:43:41","modified_gmt":"2023-06-12T10:43:41","slug":"portugal-2020","status":"publish","type":"page","link":"https:\/\/www.dynasys.pt\/pt\/portugal-2020\/","title":{"rendered":"Portugal 2020"},"content":{"rendered":"<div class=\"wpb-content-wrapper\">[vc_row][vc_column][mk_image src=&#8221;https:\/\/www.dynasys.pt\/wp-content\/uploads\/2023\/05\/lisboa2020.png&#8221; image_size=&#8221;full&#8221;][mk_padding_divider size=&#8221;80&#8243;][mk_fancy_title color=&#8221;#de5b1e&#8221; size=&#8221;22&#8243; font_weight=&#8221;900&#8243; txt_transform=&#8221;uppercase&#8221; letter_spacing=&#8221;6&#8243; margin_bottom=&#8221;0&#8243; font_family=&#8221;none&#8221;]CleanCloset:\u00a0Arm\u00e1rio para desinfe\u00e7\u00e3o de roupa atrav\u00e9s de radia\u00e7\u00e3o UV[\/mk_fancy_title][vc_column_text margin_bottom=&#8221;10&#8243; css=&#8221;.vc_custom_1685110078221{margin-bottom: 10px !important;}&#8221;]<span style=\"color: #333333;\"><strong>Designa\u00e7\u00e3o do projeto:<\/strong>\u00a0CleanCloset .: Arm\u00e1rio para desinfe\u00e7\u00e3o de roupa atrav\u00e9s de radia\u00e7\u00e3o UV<\/span><\/p>\n<p><span style=\"color: #333333;\"><strong>C\u00f3digo do projeto:\u00a0<\/strong>LISBOA-01-02B7-FEDER-069956<\/span><\/p>\n<p><span style=\"color: #333333;\"><strong>Objetivo Principal:\u00a0<\/strong>Refor\u00e7ar a investiga\u00e7\u00e3o, o desenvolvimento tecnol\u00f3gico e a inova\u00e7\u00e3o<\/span><\/p>\n<p><span style=\"color: #333333;\"><strong>Regi\u00e3o de interven\u00e7\u00e3o:\u00a0<\/strong>Centro<\/span><\/p>\n<p><span style=\"color: #333333;\"><strong>Entidade benefici\u00e1ria:\u00a0<\/strong>DYNASYS &#8211; ENGENHARIA E TELECOMUNICA\u00c7\u00d5ES S.A.<\/span><\/p>\n<p><span style=\"color: #333333;\"><strong>Data de aprova\u00e7\u00e3o:\u00a0<\/strong>02-10-2020<\/span><\/p>\n<p><span style=\"color: #333333;\"><strong>Data de in\u00edcio:\u00a0<\/strong>20-05-2020<\/span><\/p>\n<p><span style=\"color: #333333;\"><strong>Data de conclus\u00e3o:\u00a0<\/strong>17-02-2021<\/span><\/p>\n<p><span style=\"color: #333333;\"><strong>Custo total eleg\u00edvel:\u00a0<\/strong>225.464,23 Euros (duzentos e vinte e cinco mil, quatrocentos e sessenta e quatro euros e vinte e tr\u00eas c\u00eantimos)<\/span><\/p>\n<p><span style=\"color: #333333;\"><strong>Apoio Financeiro da Uni\u00e3o Europeia:<\/strong><\/span><\/p>\n<p style=\"padding-left: 30px;\"><span style=\"color: #333333;\"><strong>FEDER &#8211; <\/strong>201.463,35 Euros (duzentos e um mil, quatrocentos e sessenta e tr\u00eas euros e trinta e cinco c\u00eantimos)<\/span><\/p>\n<p><span style=\"color: #333333;\"><strong>Objetivos, atividades e resultados esperados\/atingidos:<\/strong><\/span>[\/vc_column_text][mk_custom_list style=&#8221;mk-icon-angle-double-right&#8221;]\n<ul>\n<li><span style=\"color: #333333;\">O projeto CleanCloset tem como objetivo a desinfe\u00e7\u00e3o de pe\u00e7as de vestu\u00e1rio atrav\u00e9s de uma cabine, munida de uma unidade de desinfe\u00e7\u00e3o composta por l\u00e2mpadas Ultra Violeta, uma unidade mec\u00e2nica de suporte e rota\u00e7\u00e3o das pe\u00e7as e uma unidade de controlo. Pretende-se que esta unidade seja capaz, atrav\u00e9s desta tecnologia, realizar a desinfe\u00e7\u00e3o de uma pe\u00e7a de vestu\u00e1rio em menos de 90s e com um grau de efic\u00e1cia superior a 95%. O m\u00e9todo de desinfe\u00e7\u00e3o realizar-se-\u00e1 pela a\u00e7\u00e3o da luz ultravioleta sobre os tecidos com o objetivo de inativar potenciais c\u00e9lulas virais de SARS-COV-2, o v\u00edrus respons\u00e1vel pelo COVID-19.<\/span><\/li>\n<li><span style=\"color: #333333;\">Esta solu\u00e7\u00e3o ser\u00e1 direccionada ao segmento de mercado das lojas de pronto-a-vestir, para que possam higienizar as pe\u00e7as que s\u00e3o alvo de prova por parte dos Clientes, e que n\u00e3o sendo as adquiridas por este, necessitam de ser higienizadas para serem colocadas novamente em exposi\u00e7\u00e3o nas lojas. A utiliza\u00e7\u00e3o do CleanCloset poder\u00e1 ainda ser alargada a todos os estabelecimentos com servi\u00e7o de bengaleiro (hot\u00e9is, teatros, \u2026)<\/span><\/li>\n<\/ul>\n[\/mk_custom_list][vc_column_text margin_bottom=&#8221;10&#8243; css=&#8221;.vc_custom_1685110043024{margin-bottom: 10px !important;}&#8221;]<span style=\"color: #333333;\">Confere ainda a capacidade para a realiza\u00e7\u00e3o de atividades de investiga\u00e7\u00e3o e desenvolvimento adicionais, nomeadamente:<\/span>[\/vc_column_text][mk_custom_list style=&#8221;mk-icon-angle-double-right&#8221;]\n<ul>\n<li><span style=\"color: #333333;\">Envolver parte dos seus Recursos Humanos especializados concentrados em conseguir rapidamente obter um produto, focando a sua atividade na obten\u00e7\u00e3o de uma solu\u00e7\u00e3o vi\u00e1vel;<\/span><\/li>\n<li><span style=\"color: #333333;\">Aquisi\u00e7\u00e3o de componentes eletr\u00f3nicos e el\u00e9ctricos (sensores, motores, cablagens, controladores, l\u00e2mpadas UV, etc.) e mec\u00e2nicos para constru\u00e7\u00e3o de 2 prot\u00f3tipos laboratoriais e 6 experimentais;<\/span><\/li>\n<li><span style=\"color: #333333;\">Consultoria especializada na \u00e1rea da virologia e dos t\u00eaxteis;<\/span><\/li>\n<li><span style=\"color: #333333;\">Ac\u00e7\u00f5es de demonstra\u00e7\u00e3o, pilotos e divulga\u00e7\u00e3o de resultados para uma maior visibilidade internacional do projeto.<\/span><\/li>\n<\/ul>\n[\/mk_custom_list][mk_padding_divider size=&#8221;80&#8243;][\/vc_column][\/vc_row][vc_row][vc_column][mk_fancy_title color=&#8221;#de5b1e&#8221; size=&#8221;22&#8243; font_weight=&#8221;900&#8243; txt_transform=&#8221;uppercase&#8221; letter_spacing=&#8221;6&#8243; margin_bottom=&#8221;0&#8243; font_family=&#8221;none&#8221;]Vital PROVID: Vitaljacket for PROlonged coVID-19 monitoring[\/mk_fancy_title][vc_column_text margin_bottom=&#8221;10&#8243; css=&#8221;.vc_custom_1685110533551{margin-bottom: 10px !important;}&#8221;]<strong>Designa\u00e7\u00e3o do projeto:<\/strong> Vital PROVID .: Vitaljacket for PROlonged coVID-19 monitoring<\/p>\n<p><strong>C\u00f3digo do projeto: <\/strong>LISBOA-01-02B7-FEDER-070309<\/p>\n<p><strong>Objetivo Principal: <\/strong>Refor\u00e7ar a investiga\u00e7\u00e3o, o desenvolvimento tecnol\u00f3gico e a inova\u00e7\u00e3o<\/p>\n<p><strong>Regi\u00e3o de interven\u00e7\u00e3o: <\/strong>Norte e Centro<\/p>\n<p><strong>Entidades benefici\u00e1rias: <\/strong><\/p>\n<p><strong>Promotor L\u00edder: <\/strong>DYNASYS &#8211; ENGENHARIA E TELECOMUNICA\u00c7\u00d5ES S.A.<\/p>\n<p><strong>Copromotor: <\/strong>INESC TEC &#8211; INSTITUTO DE ENGENHARIA DE SISTEMAS E COMPUTADORES, TECNOLOGIA E CI\u00caNCIA<\/p>\n<p><strong>Data de aprova\u00e7\u00e3o: <\/strong>02-10-2020<\/p>\n<p><strong>Data de in\u00edcio: <\/strong>2020-08-31<\/p>\n<p><strong>Data de conclus\u00e3o: <\/strong>2021-07-30<\/p>\n<p><strong>Custo total eleg\u00edvel: <\/strong>318.818,19 Euros (trezentos e dezoito mil, oitocentos e dezoito euros e dezanove c\u00eantimos)<\/p>\n<p style=\"padding-left: 30px;\"><strong>DYNASYS S.A. &#8211; <\/strong>240.379,75 (duzentos e quarenta mil, trezentos e setenta e nove euros e setenta e cinco c\u00eantimos)<\/p>\n<p style=\"padding-left: 30px;\"><strong>INESC TEC &#8211; <\/strong>78.438,44 (setenta e oito mil, quatrocentos e trinta e oito euros e quarenta e quatro c\u00eantimos)<\/p>\n<p><strong>Apoio Financeiro da Uni\u00e3o Europeia:<\/strong><\/p>\n<p style=\"padding-left: 30px;\"><strong>FEDER &#8211; <\/strong>251.054,55 Euros (duzentos e cinquenta e cinco mil, cinquenta e quatro euros e cinquenta e cinco c\u00eantimos)<\/p>\n<p style=\"padding-left: 30px;\"><strong>DYNASYS S.A. &#8211; <\/strong>192.303,80 (cento e noventa e dois mil, trezentos e tr\u00eas euros e oitenta c\u00eantimos).<\/p>\n<p style=\"padding-left: 30px;\"><strong>INESC TEC &#8211; <\/strong>62.750,75 (sessenta e dois mil, setecentos e cinquenta euros e setenta e cinco c\u00eantimos)<\/p>\n<p><strong>Objetivos, atividades e resultados esperados\/atingidos:<\/strong>[\/vc_column_text][mk_custom_list style=&#8221;mk-icon-angle-double-right&#8221;]\n<ul>\n<li>O projeto Vital PROVID surge com o objetivo de desenvolver de uma solu\u00e7\u00e3o sensorial para monitorizar pacientes no \u00e2mbito da COVID-19 nas diferentes fases da doen\u00e7a. Esta solu\u00e7\u00e3o permitir\u00e1 monitorizar os sinais vitais pass\u00edveis de serem indicadores de complica\u00e7\u00f5es derivadas da infe\u00e7\u00e3o pelo SARS-CoV-2 ou do seu tratamento durante a fase de infe\u00e7\u00e3o e ap\u00f3s recupera\u00e7\u00e3o, mas tamb\u00e9m de forma preventiva com potencial dete\u00e7\u00e3o precoce da doen\u00e7a. Ser\u00e1 uma ferramenta composta por uma plataforma tecnol\u00f3gica que incluir\u00e1 um sistema de aquisi\u00e7\u00e3o de sinais vitais (temperatura, sinal de ECG, ritmo respirat\u00f3rio e satura\u00e7\u00e3o de oxig\u00e9nio), sendo estes sinais recolhidos e transmitidos em tempo real para as bases de dados respetivas, cujo acervo alimentar\u00e1 algoritmos espec\u00edficos.<\/li>\n<\/ul>\n[\/mk_custom_list][vc_column_text margin_bottom=&#8221;10&#8243; css=&#8221;.vc_custom_1685111349011{margin-bottom: 10px !important;}&#8221;]Foram definidos como principais \u00e2mbitos para esta solu\u00e7\u00e3o:<\/p>\n<ol class=\"listanumeros\">\n<li>\u00a0 A dete\u00e7\u00e3o da doen\u00e7a na fase assintom\u00e1tica;<\/li>\n<li>\u00a0 A monitoriza\u00e7\u00e3o de doentes COVID-19 de grupos espec\u00edficos;<\/li>\n<li>\u00a0 O acompanhamento de pacientes recuperados.<\/li>\n<\/ol>\n[\/vc_column_text][mk_custom_list style=&#8221;mk-icon-angle-double-right&#8221;]\n<ul>\n<li>Este projeto contar\u00e1 com a implementa\u00e7\u00e3o de pilotos e apoio consultivo de entidades parceiras, como \u00e9 o caso da empresa de t\u00eaxtil Petratex, do Hospital da Cruz Vermelha Heart Center e o Hospital de s\u00e3o Jo\u00e3o.<\/li>\n<\/ul>\n[\/mk_custom_list][\/vc_column][\/vc_row]\n<\/div>","protected":false},"excerpt":{"rendered":"<p>[vc_row][vc_column][mk_image src=&#8221;https:\/\/www.dynasys.pt\/wp-content\/uploads\/2023\/05\/lisboa2020.png&#8221; image_size=&#8221;full&#8221;][mk_padding_divider size=&#8221;80&#8243;][mk_fancy_title color=&#8221;#de5b1e&#8221; size=&#8221;22&#8243; font_weight=&#8221;900&#8243; txt_transform=&#8221;uppercase&#8221; letter_spacing=&#8221;6&#8243; margin_bottom=&#8221;0&#8243; font_family=&#8221;none&#8221;]CleanCloset:\u00a0Arm\u00e1rio para desinfe\u00e7\u00e3o de roupa atrav\u00e9s de radia\u00e7\u00e3o UV[\/mk_fancy_title][vc_column_text margin_bottom=&#8221;10&#8243; css=&#8221;.vc_custom_1685110078221{margin-bottom: 10px !important;}&#8221;]Designa\u00e7\u00e3o do projeto:\u00a0CleanCloset .: Arm\u00e1rio para desinfe\u00e7\u00e3o de roupa atrav\u00e9s de radia\u00e7\u00e3o UV C\u00f3digo do projeto:\u00a0LISBOA-01-02B7-FEDER-069956 Objetivo Principal:\u00a0Refor\u00e7ar a investiga\u00e7\u00e3o, o desenvolvimento tecnol\u00f3gico e a inova\u00e7\u00e3o Regi\u00e3o de interven\u00e7\u00e3o:\u00a0Centro Entidade benefici\u00e1ria:\u00a0DYNASYS &#8211; ENGENHARIA [&hellip;]<\/p>\n","protected":false},"author":3,"featured_media":0,"parent":0,"menu_order":0,"comment_status":"closed","ping_status":"closed","template":"","meta":{"footnotes":""},"class_list":["post-2631","page","type-page","status-publish","hentry"],"_links":{"self":[{"href":"https:\/\/www.dynasys.pt\/pt\/wp-json\/wp\/v2\/pages\/2631","targetHints":{"allow":["GET"]}}],"collection":[{"href":"https:\/\/www.dynasys.pt\/pt\/wp-json\/wp\/v2\/pages"}],"about":[{"href":"https:\/\/www.dynasys.pt\/pt\/wp-json\/wp\/v2\/types\/page"}],"author":[{"embeddable":true,"href":"https:\/\/www.dynasys.pt\/pt\/wp-json\/wp\/v2\/users\/3"}],"replies":[{"embeddable":true,"href":"https:\/\/www.dynasys.pt\/pt\/wp-json\/wp\/v2\/comments?post=2631"}],"version-history":[{"count":22,"href":"https:\/\/www.dynasys.pt\/pt\/wp-json\/wp\/v2\/pages\/2631\/revisions"}],"predecessor-version":[{"id":3632,"href":"https:\/\/www.dynasys.pt\/pt\/wp-json\/wp\/v2\/pages\/2631\/revisions\/3632"}],"wp:attachment":[{"href":"https:\/\/www.dynasys.pt\/pt\/wp-json\/wp\/v2\/media?parent=2631"}],"curies":[{"name":"wp","href":"https:\/\/api.w.org\/{rel}","templated":true}]}}