{"id":2496,"date":"2017-01-19T15:23:34","date_gmt":"2017-01-19T15:23:34","guid":{"rendered":"http:\/\/dynasys.pt\/?page_id=2496"},"modified":"2023-05-12T14:49:10","modified_gmt":"2023-05-12T14:49:10","slug":"modem-plc","status":"publish","type":"page","link":"https:\/\/www.dynasys.pt\/pt\/areas-de-negocio\/remotizacaodeprocessos\/modem-plc\/","title":{"rendered":"Modem PLC"},"content":{"rendered":"<div class=\"wpb-content-wrapper\">[mk_page_section bg_color=&#8221;#ffffff&#8221; attachment=&#8221;fixed&#8221; bg_position=&#8221;center center&#8221; bg_stretch=&#8221;true&#8221; bg_gradient=&#8221;radial&#8221; video_color_mask=&#8221;rgba(0,0,0,0)&#8221; gr_end=&#8221;rgba(0,0,0,0.4)&#8221; top_shadow=&#8221;true&#8221; min_height=&#8221;0&#8243; full_width=&#8221;true&#8221; padding_top=&#8221;30&#8243; padding_bottom=&#8221;30&#8243; sidebar=&#8221;sidebar-1&#8243;][vc_column][mk_image src=&#8221;https:\/\/www.dynasys.pt\/wp-content\/uploads\/2017\/01\/ModemPLC.png&#8221; image_size=&#8221;Solo Product&#8221; align=&#8221;center&#8221; margin_bottom=&#8221;0&#8243;][\/vc_column][\/mk_page_section][mk_page_section border_color=&#8221;#cccccc&#8221; padding_top=&#8221;30&#8243; padding_bottom=&#8221;30&#8243; margin_bottom=&#8221;&#8221; sidebar=&#8221;sidebar-1&#8243;][vc_column][mk_padding_divider][mk_dropcaps style=&#8221;fancy-style&#8221; size=&#8221;40&#8243; padding=&#8221;15&#8243;]Q[\/mk_dropcaps][vc_column_text disable_pattern=&#8221;false&#8221; el_class=&#8221;descr&#8221; css=&#8221;.vc_custom_1683902425055{margin-bottom: 0px !important;}&#8221;]uando o consumo \u00e9 fator cr\u00edtico, quando o processo envolve poucas entradas\/sa\u00eddas, quando o algoritmo de controlo \u00e9 simples, quando o processo acontece l\u00e1 longe e voc\u00ea precisa de saber o que se passa, o MODEM PLC da Dynasys \u00e9 o equipamento que o \u201csalva\u201d.<\/p>\n<p>Com um espetro alargado de utiliza\u00e7\u00f5es como, por exemplo, o controlo de pequenas m\u00e1quinas industriais e dispositivos &#8211; alarmes, sistemas de rega, ilumina\u00e7\u00e3o, etc. Pode ainda enviar as mudan\u00e7as de estado directamente por GSM para um ou mais destinos remotos.[\/vc_column_text][mk_padding_divider][vc_row_inner][vc_column_inner width=&#8221;1\/3&#8243;][mk_custom_box padding_vertical=&#8221;80&#8243; margin_bottom=&#8221;0&#8243; min_height=&#8221;300&#8243; bg_image=&#8221;http:\/\/dynasys.pt\/wp-content\/uploads\/2017\/01\/1.jpg&#8221; background_hov_color_style=&#8221;image&#8221; border_color_style=&#8221;single_color&#8221; border_color=&#8221;#de5b1e&#8221; border_width=&#8221;4&#8243; overlay_color=&#8221;rgba(255,255,255,0.85)&#8221; bg_image_hov_effect=&#8221;blur&#8221; elevation_effect=&#8221;true&#8221; bg_stretch=&#8221;true&#8221;][mk_font_icons icon=&#8221;mk-icon-road&#8221; color=&#8221;#de5b1e&#8221; size=&#8221;x-large&#8221; align=&#8221;center&#8221;][mk_fancy_title tag_name=&#8221;h6&#8243; color=&#8221;#404040&#8243; size=&#8221;20&#8243; font_weight=&#8221;bold&#8221; txt_transform=&#8221;uppercase&#8221; margin_bottom=&#8221;0&#8243; font_family=&#8221;none&#8221; align=&#8221;center&#8221;]M\u00e1quinas industriais[\/mk_fancy_title][\/mk_custom_box][\/vc_column_inner][vc_column_inner width=&#8221;1\/3&#8243;][mk_custom_box padding_vertical=&#8221;80&#8243; margin_bottom=&#8221;0&#8243; min_height=&#8221;300&#8243; bg_image=&#8221;http:\/\/dynasys.pt\/wp-content\/uploads\/2017\/01\/2b.jpg&#8221; background_hov_color_style=&#8221;image&#8221; border_color_style=&#8221;single_color&#8221; border_color=&#8221;#de5b1e&#8221; border_width=&#8221;4&#8243; overlay_color=&#8221;rgba(255,255,255,0.85)&#8221; bg_image_hov_effect=&#8221;blur&#8221; elevation_effect=&#8221;true&#8221; bg_stretch=&#8221;true&#8221;][mk_font_icons icon=&#8221;mk-icon-road&#8221; color=&#8221;#de5b1e&#8221; size=&#8221;x-large&#8221; align=&#8221;center&#8221;][mk_fancy_title tag_name=&#8221;h6&#8243; color=&#8221;#404040&#8243; size=&#8221;20&#8243; font_weight=&#8221;bold&#8221; txt_transform=&#8221;uppercase&#8221; margin_bottom=&#8221;0&#8243; font_family=&#8221;none&#8221; align=&#8221;center&#8221;]Sistemas de Rega[\/mk_fancy_title][\/mk_custom_box][\/vc_column_inner][vc_column_inner width=&#8221;1\/3&#8243;][mk_custom_box padding_vertical=&#8221;80&#8243; margin_bottom=&#8221;0&#8243; min_height=&#8221;300&#8243; bg_image=&#8221;http:\/\/dynasys.pt\/wp-content\/uploads\/2017\/01\/3.jpg&#8221; background_hov_color_style=&#8221;image&#8221; border_color_style=&#8221;single_color&#8221; border_color=&#8221;#de5b1e&#8221; border_width=&#8221;4&#8243; overlay_color=&#8221;rgba(255,255,255,0.85)&#8221; bg_image_hov_effect=&#8221;blur&#8221; elevation_effect=&#8221;true&#8221; bg_stretch=&#8221;true&#8221;][mk_font_icons icon=&#8221;mk-icon-road&#8221; color=&#8221;#de5b1e&#8221; size=&#8221;x-large&#8221; align=&#8221;center&#8221;][mk_fancy_title tag_name=&#8221;h6&#8243; color=&#8221;#404040&#8243; size=&#8221;20&#8243; font_weight=&#8221;bold&#8221; txt_transform=&#8221;uppercase&#8221; margin_bottom=&#8221;0&#8243; font_family=&#8221;none&#8221; align=&#8221;center&#8221;]Ilumina\u00e7\u00e3o[\/mk_fancy_title][\/mk_custom_box][\/vc_column_inner][\/vc_row_inner][mk_padding_divider][\/vc_column][\/mk_page_section][mk_page_section bg_color=&#8221;#f7f7f7&#8243; top_shadow=&#8221;true&#8221; min_height=&#8221;0&#8243; padding_top=&#8221;20&#8243; padding_bottom=&#8221;20&#8243; sidebar=&#8221;sidebar-1&#8243;][vc_column][mk_fancy_title size=&#8221;18&#8243; font_weight=&#8221;900&#8243; txt_transform=&#8221;uppercase&#8221; letter_spacing=&#8221;3&#8243; margin_top=&#8221;20&#8243; margin_bottom=&#8221;0&#8243; font_family=&#8221;none&#8221;]Folhetos Comerciais[\/mk_fancy_title][mk_custom_list style=&#8221;mk-icon-file-pdf-o&#8221; align=&#8221;left&#8221;]\n<ul>\n<li><a href=\"http:\/\/dynasys.pt\/wp-content\/uploads\/2017\/01\/114300027A-Modem-PLC-PT.jpg\">Modem PLC [Portugu\u00eas]<\/a><\/li>\n<\/ul>\n[\/mk_custom_list][\/vc_column][\/mk_page_section]\n<\/div>","protected":false},"excerpt":{"rendered":"<p>[mk_page_section bg_color=&#8221;#ffffff&#8221; attachment=&#8221;fixed&#8221; bg_position=&#8221;center center&#8221; bg_stretch=&#8221;true&#8221; bg_gradient=&#8221;radial&#8221; video_color_mask=&#8221;rgba(0,0,0,0)&#8221; gr_end=&#8221;rgba(0,0,0,0.4)&#8221; top_shadow=&#8221;true&#8221; min_height=&#8221;0&#8243; full_width=&#8221;true&#8221; padding_top=&#8221;30&#8243; padding_bottom=&#8221;30&#8243; sidebar=&#8221;sidebar-1&#8243;][vc_column][mk_image src=&#8221;https:\/\/www.dynasys.pt\/wp-content\/uploads\/2017\/01\/ModemPLC.png&#8221; image_size=&#8221;Solo Product&#8221; align=&#8221;center&#8221; margin_bottom=&#8221;0&#8243;][\/vc_column][\/mk_page_section][mk_page_section border_color=&#8221;#cccccc&#8221; padding_top=&#8221;30&#8243; padding_bottom=&#8221;30&#8243; margin_bottom=&#8221;&#8221; sidebar=&#8221;sidebar-1&#8243;][vc_column][mk_padding_divider][mk_dropcaps style=&#8221;fancy-style&#8221; size=&#8221;40&#8243; padding=&#8221;15&#8243;]Q[\/mk_dropcaps][vc_column_text disable_pattern=&#8221;false&#8221; el_class=&#8221;descr&#8221; css=&#8221;.vc_custom_1683902425055{margin-bottom: 0px !important;}&#8221;]uando o consumo \u00e9 fator cr\u00edtico, quando o processo envolve poucas entradas\/sa\u00eddas, quando o algoritmo de controlo \u00e9 simples, quando o processo acontece [&hellip;]<\/p>\n","protected":false},"author":3,"featured_media":0,"parent":573,"menu_order":0,"comment_status":"closed","ping_status":"closed","template":"","meta":{"footnotes":""},"class_list":["post-2496","page","type-page","status-publish","hentry"],"_links":{"self":[{"href":"https:\/\/www.dynasys.pt\/pt\/wp-json\/wp\/v2\/pages\/2496","targetHints":{"allow":["GET"]}}],"collection":[{"href":"https:\/\/www.dynasys.pt\/pt\/wp-json\/wp\/v2\/pages"}],"about":[{"href":"https:\/\/www.dynasys.pt\/pt\/wp-json\/wp\/v2\/types\/page"}],"author":[{"embeddable":true,"href":"https:\/\/www.dynasys.pt\/pt\/wp-json\/wp\/v2\/users\/3"}],"replies":[{"embeddable":true,"href":"https:\/\/www.dynasys.pt\/pt\/wp-json\/wp\/v2\/comments?post=2496"}],"version-history":[{"count":17,"href":"https:\/\/www.dynasys.pt\/pt\/wp-json\/wp\/v2\/pages\/2496\/revisions"}],"predecessor-version":[{"id":3425,"href":"https:\/\/www.dynasys.pt\/pt\/wp-json\/wp\/v2\/pages\/2496\/revisions\/3425"}],"up":[{"embeddable":true,"href":"https:\/\/www.dynasys.pt\/pt\/wp-json\/wp\/v2\/pages\/573"}],"wp:attachment":[{"href":"https:\/\/www.dynasys.pt\/pt\/wp-json\/wp\/v2\/media?parent=2496"}],"curies":[{"name":"wp","href":"https:\/\/api.w.org\/{rel}","templated":true}]}}