{"id":578,"date":"2016-02-04T11:41:21","date_gmt":"2016-02-04T11:41:21","guid":{"rendered":"http:\/\/dynasys.pt\/?page_id=578"},"modified":"2023-05-26T15:23:53","modified_gmt":"2023-05-26T15:23:53","slug":"modem-gsmgprs","status":"publish","type":"page","link":"https:\/\/www.dynasys.pt\/en\/areas-de-negocio\/remotizacaodeprocessos\/modem-gsmgprs\/","title":{"rendered":"Modem GSM\/GPRS"},"content":{"rendered":"<div class=\"wpb-content-wrapper\">[mk_page_section bg_image=&#8221;http:\/\/dynasys.pt\/wp-content\/uploads\/2016\/02\/fundo3-2.jpg&#8221; attachment=&#8221;fixed&#8221; bg_position=&#8221;center center&#8221; bg_stretch=&#8221;true&#8221; video_color_mask=&#8221;rgba(10,10,10,0.11)&#8221; min_height=&#8221;0&#8243; full_width=&#8221;true&#8221; padding_top=&#8221;&#8221; padding_bottom=&#8221;30&#8243; sidebar=&#8221;sidebar-1&#8243;][vc_column][mk_divider style=&#8221;thick_solid&#8221; border_color=&#8221;rgba(10,0,0,0.19)&#8221; margin_top=&#8221;0&#8243; margin_bottom=&#8221;0&#8243;][mk_gallery images=&#8221;1344,1343,1345,1348&#8243; column=&#8221;4&#8243; height=&#8221;250&#8243; hover_scenarios=&#8221;slow_zoom&#8221; item_spacing=&#8221;0&#8243; margin_bottom=&#8221;0&#8243; image_quality=&#8221;2&#8243; orderby=&#8221;post__in&#8221; item_id=&#8221;1456768557-56d4862d3b59c&#8221;][\/vc_column][\/mk_page_section][mk_page_section bg_color=&#8221;#f7f7f7&#8243; padding_top=&#8221;60&#8243; padding_bottom=&#8221;60&#8243; sidebar=&#8221;sidebar-1&#8243;][vc_column][vc_column_text disable_pattern=&#8221;false&#8221; el_class=&#8221;descr&#8221;]Equipamento terminal 2G, controlado por microprocessador, com interfaces industriais \u2013 RS232\u00a0e RS485 &#8211; e alimenta\u00e7\u00e3o 230 VAC integrada. Ideal para controlo remoto de processos.<br \/>\nEste equipamento pode ser utilizado como interface de comunica\u00e7\u00f5es em v\u00e1rias aplica\u00e7\u00f5es como: dom\u00f3tica (controlo autom\u00e1tico de edif\u00edcios), sistemas de rega, medi\u00e7\u00e3o de consumos (\u00e1gua, luz, g\u00e1s,etc).[\/vc_column_text][\/vc_column][\/mk_page_section][mk_page_section border_color=&#8221;#cccccc&#8221; padding_top=&#8221;0&#8243; padding_bottom=&#8221;0&#8243; sidebar=&#8221;sidebar-1&#8243;][vc_column][mk_padding_divider][vc_column_text]\n<h5>Aplica\u00e7\u00f5es<\/h5>\n[\/vc_column_text][vc_row_inner][vc_column_inner width=&#8221;1\/3&#8243;][mk_image heading_title=&#8221;<\/p>\n<h6>\u00bb<\/h6>\n<p>Automa\u00e7\u00e3o Industrial&#8221; src=&#8221;http:\/\/dynasys.pt\/wp-content\/uploads\/2016\/02\/Modem-GSMGPRS-01.jpg&#8221; image_height=&#8221;550&#8243; caption_location=&#8221;outside-image&#8221;][\/vc_column_inner][vc_column_inner width=&#8221;1\/3&#8243;][mk_image heading_title=&#8221;<\/p>\n<h6>\u00bb<\/h6>\n<p>Telemetria&#8221; src=&#8221;http:\/\/dynasys.pt\/wp-content\/uploads\/2016\/02\/Iskraemeco-Smart-meter.jpg&#8221; image_height=&#8221;550&#8243; caption_location=&#8221;outside-image&#8221; align=&#8221;center&#8221;][\/vc_column_inner][vc_column_inner width=&#8221;1\/3&#8243;][mk_image heading_title=&#8221;<\/p>\n<h6>\u00bb<\/h6>\n<p>&#8230; Domotica&#8221; src=&#8221;http:\/\/dynasys.pt\/wp-content\/uploads\/2016\/02\/Modem-GSMGPRS-03.png&#8221; image_height=&#8221;550&#8243; caption_location=&#8221;outside-image&#8221;][\/vc_column_inner][\/vc_row_inner][mk_padding_divider][\/vc_column][\/mk_page_section][mk_page_section bg_color=&#8221;#f7f7f7&#8243; top_shadow=&#8221;true&#8221; padding_top=&#8221;60&#8243; padding_bottom=&#8221;60&#8243; sidebar=&#8221;sidebar-1&#8243;][vc_column][vc_row_inner][vc_column_inner width=&#8221;1\/4&#8243;][vc_column_text align=&#8221;center&#8221;]\n<h4 style=\"text-align: left;\">Diagrama<\/h4>\n[\/vc_column_text][\/vc_column_inner][vc_column_inner width=&#8221;3\/4&#8243;][mk_image src=&#8221;http:\/\/dynasys.pt\/wp-content\/uploads\/2016\/02\/ModemGSMGPRS_Esquema.png&#8221; image_width=&#8221;600&#8243; image_height=&#8221;600&#8243; crop=&#8221;false&#8221; align=&#8221;center&#8221;][\/vc_column_inner][\/vc_row_inner][mk_divider style=&#8221;thin_solid&#8221; margin_top=&#8221;30&#8243; margin_bottom=&#8221;30&#8243;][vc_row_inner][vc_column_inner width=&#8221;1\/3&#8243;][vc_column_text]\n<h4>Folheto Comercial<\/h4>\n[\/vc_column_text][\/vc_column_inner][vc_column_inner width=&#8221;1\/3&#8243;][mk_image src=&#8221;http:\/\/dynasys.pt\/wp-content\/uploads\/2016\/02\/114300005C-ModemGSMGPRS-PT.jpg&#8221; image_width=&#8221;200&#8243; image_height=&#8221;284&#8243; crop=&#8221;false&#8221; frame_style=&#8221;shadow_only&#8221; link=&#8221;https:\/\/www.dynasys.pt\/folhetos\/114300005E-ModemGSMGPRS-PT.pdf&#8221; target=&#8221;_blank&#8221; title=&#8221;Portugu\u00eas&#8221; caption_location=&#8221;outside-image&#8221; align=&#8221;center&#8221; margin_bottom=&#8221;0&#8243;][\/vc_column_inner][vc_column_inner width=&#8221;1\/3&#8243;][mk_image src=&#8221;http:\/\/dynasys.pt\/wp-content\/uploads\/2016\/02\/114300005C-ModemGSMGPRS-EN.jpg&#8221; image_width=&#8221;200&#8243; image_height=&#8221;284&#8243; crop=&#8221;false&#8221; frame_style=&#8221;shadow_only&#8221; link=&#8221;https:\/\/www.dynasys.pt\/folhetos\/114300023E-ModemGSMGPRS-EN.pdf&#8221; target=&#8221;_blank&#8221; title=&#8221;Ingl\u00eas&#8221; caption_location=&#8221;outside-image&#8221; align=&#8221;center&#8221; margin_bottom=&#8221;0&#8243;][\/vc_column_inner][\/vc_row_inner][\/vc_column][\/mk_page_section]\n<\/div>","protected":false},"excerpt":{"rendered":"<p>[mk_page_section bg_image=&#8221;http:\/\/dynasys.pt\/wp-content\/uploads\/2016\/02\/fundo3-2.jpg&#8221; attachment=&#8221;fixed&#8221; bg_position=&#8221;center center&#8221; bg_stretch=&#8221;true&#8221; video_color_mask=&#8221;rgba(10,10,10,0.11)&#8221; min_height=&#8221;0&#8243; full_width=&#8221;true&#8221; padding_top=&#8221;&#8221; padding_bottom=&#8221;30&#8243; sidebar=&#8221;sidebar-1&#8243;][vc_column][mk_divider style=&#8221;thick_solid&#8221; border_color=&#8221;rgba(10,0,0,0.19)&#8221; margin_top=&#8221;0&#8243; margin_bottom=&#8221;0&#8243;][mk_gallery images=&#8221;1344,1343,1345,1348&#8243; column=&#8221;4&#8243; height=&#8221;250&#8243; hover_scenarios=&#8221;slow_zoom&#8221; item_spacing=&#8221;0&#8243; margin_bottom=&#8221;0&#8243; image_quality=&#8221;2&#8243; orderby=&#8221;post__in&#8221; item_id=&#8221;1456768557-56d4862d3b59c&#8221;][\/vc_column][\/mk_page_section][mk_page_section bg_color=&#8221;#f7f7f7&#8243; padding_top=&#8221;60&#8243; padding_bottom=&#8221;60&#8243; sidebar=&#8221;sidebar-1&#8243;][vc_column][vc_column_text disable_pattern=&#8221;false&#8221; el_class=&#8221;descr&#8221;]Equipamento terminal 2G, controlado por microprocessador, com interfaces industriais \u2013 RS232\u00a0e RS485 &#8211; e alimenta\u00e7\u00e3o 230 VAC integrada. Ideal para controlo remoto de processos. Este [&hellip;]<\/p>\n","protected":false},"author":3,"featured_media":0,"parent":573,"menu_order":1,"comment_status":"closed","ping_status":"closed","template":"","meta":{"footnotes":""},"class_list":["post-578","page","type-page","status-publish","hentry"],"_links":{"self":[{"href":"https:\/\/www.dynasys.pt\/en\/wp-json\/wp\/v2\/pages\/578","targetHints":{"allow":["GET"]}}],"collection":[{"href":"https:\/\/www.dynasys.pt\/en\/wp-json\/wp\/v2\/pages"}],"about":[{"href":"https:\/\/www.dynasys.pt\/en\/wp-json\/wp\/v2\/types\/page"}],"author":[{"embeddable":true,"href":"https:\/\/www.dynasys.pt\/en\/wp-json\/wp\/v2\/users\/3"}],"replies":[{"embeddable":true,"href":"https:\/\/www.dynasys.pt\/en\/wp-json\/wp\/v2\/comments?post=578"}],"version-history":[{"count":21,"href":"https:\/\/www.dynasys.pt\/en\/wp-json\/wp\/v2\/pages\/578\/revisions"}],"predecessor-version":[{"id":3579,"href":"https:\/\/www.dynasys.pt\/en\/wp-json\/wp\/v2\/pages\/578\/revisions\/3579"}],"up":[{"embeddable":true,"href":"https:\/\/www.dynasys.pt\/en\/wp-json\/wp\/v2\/pages\/573"}],"wp:attachment":[{"href":"https:\/\/www.dynasys.pt\/en\/wp-json\/wp\/v2\/media?parent=578"}],"curies":[{"name":"wp","href":"https:\/\/api.w.org\/{rel}","templated":true}]}}