{"id":3528,"date":"2023-05-25T09:27:40","date_gmt":"2023-05-25T09:27:40","guid":{"rendered":"https:\/\/www.dynasys.pt\/?page_id=3528"},"modified":"2023-05-25T09:27:40","modified_gmt":"2023-05-25T09:27:40","slug":"areas-de-atuacao","status":"publish","type":"page","link":"https:\/\/www.dynasys.pt\/en\/areas-de-atuacao\/","title":{"rendered":"(Portugu\u00eas) \u00c1reas de atua\u00e7\u00e3o"},"content":{"rendered":"<p class=\"qtranxs-available-languages-message qtranxs-available-languages-message-en\">Sorry, this entry is only available in <a href=\"https:\/\/www.dynasys.pt\/pt\/wp-json\/wp\/v2\/pages\/3528\" class=\"qtranxs-available-language-link qtranxs-available-language-link-pt\" title=\"Portugu\u00eas\">Portugu\u00eas<\/a>.<\/p>[mk_page_section][vc_column][\/vc_column][\/mk_page_section]","protected":false},"excerpt":{"rendered":"<p>Sorry, this entry is only available in Portugu\u00eas.[mk_page_section][vc_column][\/vc_column][\/mk_page_section]<\/p>\n","protected":false},"author":3,"featured_media":0,"parent":0,"menu_order":0,"comment_status":"closed","ping_status":"closed","template":"","meta":{"footnotes":""},"class_list":["post-3528","page","type-page","status-publish","hentry"],"_links":{"self":[{"href":"https:\/\/www.dynasys.pt\/en\/wp-json\/wp\/v2\/pages\/3528","targetHints":{"allow":["GET"]}}],"collection":[{"href":"https:\/\/www.dynasys.pt\/en\/wp-json\/wp\/v2\/pages"}],"about":[{"href":"https:\/\/www.dynasys.pt\/en\/wp-json\/wp\/v2\/types\/page"}],"author":[{"embeddable":true,"href":"https:\/\/www.dynasys.pt\/en\/wp-json\/wp\/v2\/users\/3"}],"replies":[{"embeddable":true,"href":"https:\/\/www.dynasys.pt\/en\/wp-json\/wp\/v2\/comments?post=3528"}],"version-history":[{"count":3,"href":"https:\/\/www.dynasys.pt\/en\/wp-json\/wp\/v2\/pages\/3528\/revisions"}],"predecessor-version":[{"id":3531,"href":"https:\/\/www.dynasys.pt\/en\/wp-json\/wp\/v2\/pages\/3528\/revisions\/3531"}],"wp:attachment":[{"href":"https:\/\/www.dynasys.pt\/en\/wp-json\/wp\/v2\/media?parent=3528"}],"curies":[{"name":"wp","href":"https:\/\/api.w.org\/{rel}","templated":true}]}}